{"id":10017,"date":"2026-02-05T14:34:52","date_gmt":"2026-02-05T13:34:52","guid":{"rendered":"https:\/\/bor.hu\/magazine\/wines-of-hungary-x-konstantin-baum-mw-new-online-course-on-hungarian-wines-launches\/"},"modified":"2026-02-05T15:16:29","modified_gmt":"2026-02-05T14:16:29","slug":"wines-of-hungary-x-konstantin-baum-mw-new-online-course-on-hungarian-wines-launches","status":"publish","type":"page","link":"https:\/\/bor.hu\/en\/magazine\/wines-of-hungary-x-konstantin-baum-mw-new-online-course-on-hungarian-wines-launches\/","title":{"rendered":"Wines of Hungary x Konstantin Baum MW: New Online Course on Hungarian Wines Launches"},"content":{"rendered":"<section class=\"section__news-header\">\n    <img decoding=\"async\" src=\"https:\/\/bor.hu\/wp-content\/themes\/wp-theme-bor\/assets\/images\/decor\/logo-transparent-1.svg\" alt=\"decor\" class=\"ofi-contain-center-center section__news-header__decor\">\n    <div class=\"container\">\n        <div class=\"row\">\n            <div class=\"col-12\">\n                <div class=\"news-header__wrapper\">\n                                            <img decoding=\"async\" src=\"https:\/\/bor.hu\/wp-content\/uploads\/2026\/02\/Cellar-Class-Hungary-Launch-1-scaled.jpg\" alt=\"Cellar Class Hungary Launch 1\" class=\"ofi-cover-center-center news-header__thumbnail d-xl-block d-none\">\n\n                        <div class=\"thumbnail__wrapper d-xl-none d-block\">\n                            <img decoding=\"async\" src=\"https:\/\/bor.hu\/wp-content\/uploads\/2026\/02\/Cellar-Class-Hungary-Launch-1-scaled.jpg\" alt=\"Cellar Class Hungary Launch 1\" class=\"ofi-cover-center-center news-header__thumbnail\">\n                        <\/div>\n                    \n                    <div class=\"news-header__content\">\n                                                    <div class=\"news-header__tags\">\n                                                                    <p class=\"badge badge--light d-xl-block d-none\">Professional<\/p>\n                                    <p class=\"badge d-xl-none d-block\">Professional<\/p>\n                                                            <\/div>\n                        \n                                                    <h3 class=\"news-header__title\">Wines of Hungary x Konstantin Baum MW: New Online Course on Hungarian Wines Launches<\/h3>\n                        \n                                                    <div class=\"news-header__meta\">\n                                                                    <p class=\"body-2 news-header__meta__date\"><strong> 2026. February 5.<\/strong><\/p>\n                                \n                                                                    <p class=\"body-2 news-header__meta__author\">Magyar Bormarketing \u00dcgyn\u00f6ks\u00e9g<\/p>\n                                                            <\/div>\n                        \n                                                    <div class=\"d-xl-block d-none\">\n                                <div class=\"social-share__wrapper is_ligth\">\n    <a href=\"https:\/\/www.facebook.com\/sharer\/sharer.php?u=https:\/\/bor.hu\/en\/magazine\/wines-of-hungary-x-konstantin-baum-mw-new-online-course-on-hungarian-wines-launches\/\" target=\"_blank\">\n        <img decoding=\"async\" src=\"https:\/\/bor.hu\/wp-content\/themes\/wp-theme-bor\/assets\/images\/icons\/facebook-light.svg\" alt=\"\">\n    <\/a>\n\n    <a href=\"http:\/\/twitter.com\/share?url=https:\/\/bor.hu\/en\/magazine\/wines-of-hungary-x-konstantin-baum-mw-new-online-course-on-hungarian-wines-launches\/\" target=\"_blank\">\n        <img decoding=\"async\" src=\"https:\/\/bor.hu\/wp-content\/themes\/wp-theme-bor\/assets\/images\/icons\/x-light.svg\" alt=\"\">\n    <\/a>\n\n    <img decoding=\"async\" src=\"https:\/\/bor.hu\/wp-content\/themes\/wp-theme-bor\/assets\/images\/icons\/copy-light.svg\" alt=\"\" class=\"js-copy-link cursor-pointer\" data-copy=\"https:\/\/bor.hu\/en\/magazine\/wines-of-hungary-x-konstantin-baum-mw-new-online-course-on-hungarian-wines-launches\/\">\n<\/div>\n                            <\/div>\n\n                            <div class=\"d-xl-none d-block\">\n                                <div class=\"social-share__wrapper \">\n    <a href=\"https:\/\/www.facebook.com\/sharer\/sharer.php?u=https:\/\/bor.hu\/en\/magazine\/wines-of-hungary-x-konstantin-baum-mw-new-online-course-on-hungarian-wines-launches\/\" target=\"_blank\">\n        <img decoding=\"async\" src=\"https:\/\/bor.hu\/wp-content\/themes\/wp-theme-bor\/assets\/images\/icons\/facebook.svg\" alt=\"\">\n    <\/a>\n\n    <a href=\"http:\/\/twitter.com\/share?url=https:\/\/bor.hu\/en\/magazine\/wines-of-hungary-x-konstantin-baum-mw-new-online-course-on-hungarian-wines-launches\/\" target=\"_blank\">\n        <img decoding=\"async\" src=\"https:\/\/bor.hu\/wp-content\/themes\/wp-theme-bor\/assets\/images\/icons\/x.svg\" alt=\"\">\n    <\/a>\n\n    <img decoding=\"async\" src=\"https:\/\/bor.hu\/wp-content\/themes\/wp-theme-bor\/assets\/images\/icons\/copy.svg\" alt=\"\" class=\"js-copy-link cursor-pointer\" data-copy=\"https:\/\/bor.hu\/en\/magazine\/wines-of-hungary-x-konstantin-baum-mw-new-online-course-on-hungarian-wines-launches\/\">\n<\/div>\n                            <\/div>\n                                            <\/div>\n                <\/div>\n            <\/div>\n        <\/div>\n    <\/div>\n<\/section>\n\n<section class=\"section__article-body\">\n    <div class=\"container\">\n        <div class=\"row justify-content-center\">\n            <div class=\"col-xl-6 col-12\">\n                <div class=\"article-body__wrapper\">\n                    <div class=\"text__wrapper\">\n    <p>Wines of Hungary has taken its international educational activities to the next level: in collaboration with Konstantin Baum, Master of Wine \u2014 one of the world\u2019s most influential wine related content creator and entrepreneur as well as the founder of Cellar Class \u2014 the Wines of Hungary <a href=\"https:\/\/www.cellarclass.com\/cellar-class-hungary-course\">online course<\/a> has officially launched.<\/p>\n<p>Konstantin Baum\u2019s mission is to \u201cmake the world taste better,\u201d a goal reflected in his independent educational platform, Cellar Class, which supports wine enthusiasts around the globe with accessible yet in-depth professional content. The Cellar Class Hungary course presents what makes Hungarian wine unique through more than 100 minutes of video and audio material.<\/p>\n<p>The course material provides a comprehensive overview of Hungary\u2019s wine regions, from Eger to Tokaj; its grape varieties, from Olaszrizling to Kadarka; and its wine styles, from Asz\u00fa to sparkling wines. The course also explores the history of Hungarian winemaking, as well as its geographical and climatic characteristics, and concludes with a playful pronunciation challenge. As bonus content, exclusive interviews with key figures of the Hungarian wine scene are also included.<\/p>\n<p>The launch of the project is supported by international communication across Cellar Class\u2019s Instagram, YouTube, and TikTok channels, while the content also appears on Wines of Hungary\u2019s own platforms. The initiative aims to reach both the international B2B professional audience and wine-curious consumers, while creating a modern, long-term digital knowledge resource about Hungarian wines \u2014 with global reach.<\/p>\n<\/div>                <\/div>\n            <\/div>\n        <\/div>\n    <\/div>\n<\/section>\n\n\n<div style=\"height:45px\" aria-hidden=\"true\" class=\"wp-block-spacer\"><\/div>\n\n\n\n<section class=\"section__news-list\" style=\"background-color: #f3f4f8;\">\n\n    \n    <div class=\"container\">\n        <div class=\"row\">\n            <div class=\"col-12\">\n\n                                    <h4 class=\"section-title\">Olvasd el ezeket is!<\/h4>\n                \n                <div\n                    class=\"news-list__wrapper js-news-container\"\n                    data-limit=3                    data-order=DESC>\n                <\/div>\n\n                            <\/div>\n        <\/div>\n    <\/div>\n<\/section>\n","protected":false},"excerpt":{"rendered":"","protected":false},"author":5,"featured_media":0,"parent":6674,"menu_order":0,"comment_status":"closed","ping_status":"closed","template":"","meta":{"_acf_changed":false,"footnotes":""},"class_list":["post-10017","page","type-page","status-publish","hentry"],"acf":[],"yoast_head":"<!-- This site is optimized with the Yoast SEO plugin v26.3 - https:\/\/yoast.com\/wordpress\/plugins\/seo\/ -->\n<title>Wines of Hungary x Konstantin Baum MW: New Online Course on Hungarian Wines Launches - Magyar Bor<\/title>\n<meta name=\"robots\" content=\"index, follow, max-snippet:-1, max-image-preview:large, max-video-preview:-1\" \/>\n<link rel=\"canonical\" href=\"https:\/\/bor.hu\/en\/magazine\/wines-of-hungary-x-konstantin-baum-mw-new-online-course-on-hungarian-wines-launches\/\" \/>\n<meta property=\"og:locale\" content=\"en_US\" \/>\n<meta property=\"og:type\" content=\"article\" \/>\n<meta property=\"og:title\" content=\"Wines of Hungary x Konstantin Baum MW: New Online Course on Hungarian Wines Launches\" \/>\n<meta property=\"og:url\" content=\"https:\/\/bor.hu\/en\/magazine\/wines-of-hungary-x-konstantin-baum-mw-new-online-course-on-hungarian-wines-launches\/\" \/>\n<meta property=\"og:site_name\" content=\"Magyar Bor\" \/>\n<meta property=\"article:publisher\" content=\"https:\/\/www.facebook.com\/magyarborfacebook\/\" \/>\n<meta property=\"article:modified_time\" content=\"2026-02-05T14:16:29+00:00\" \/>\n<meta property=\"og:image\" content=\"https:\/\/bor.hu\/wp-content\/uploads\/2026\/02\/Cellar-Class-Hungary-Launch-1-scaled.jpg\" \/>\n\t<meta property=\"og:image:width\" content=\"2560\" \/>\n\t<meta property=\"og:image:height\" content=\"1707\" \/>\n\t<meta property=\"og:image:type\" content=\"image\/jpeg\" \/>\n<meta name=\"twitter:card\" content=\"summary_large_image\" \/>\n<script type=\"application\/ld+json\" class=\"yoast-schema-graph\">{\"@context\":\"https:\/\/schema.org\",\"@graph\":[{\"@type\":\"WebPage\",\"@id\":\"https:\/\/bor.hu\/en\/magazine\/wines-of-hungary-x-konstantin-baum-mw-new-online-course-on-hungarian-wines-launches\/\",\"url\":\"https:\/\/bor.hu\/en\/magazine\/wines-of-hungary-x-konstantin-baum-mw-new-online-course-on-hungarian-wines-launches\/\",\"name\":\"Wines of Hungary x Konstantin Baum MW: New Online Course on Hungarian Wines Launches - Magyar Bor\",\"isPartOf\":{\"@id\":\"https:\/\/bor.hu\/en\/#website\"},\"datePublished\":\"2026-02-05T13:34:52+00:00\",\"dateModified\":\"2026-02-05T14:16:29+00:00\",\"breadcrumb\":{\"@id\":\"https:\/\/bor.hu\/en\/magazine\/wines-of-hungary-x-konstantin-baum-mw-new-online-course-on-hungarian-wines-launches\/#breadcrumb\"},\"inLanguage\":\"en-US\",\"potentialAction\":[{\"@type\":\"ReadAction\",\"target\":[\"https:\/\/bor.hu\/en\/magazine\/wines-of-hungary-x-konstantin-baum-mw-new-online-course-on-hungarian-wines-launches\/\"]}]},{\"@type\":\"BreadcrumbList\",\"@id\":\"https:\/\/bor.hu\/en\/magazine\/wines-of-hungary-x-konstantin-baum-mw-new-online-course-on-hungarian-wines-launches\/#breadcrumb\",\"itemListElement\":[{\"@type\":\"ListItem\",\"position\":1,\"name\":\"Kezd\u0151lap\",\"item\":\"https:\/\/bor.hu\/en\/\"},{\"@type\":\"ListItem\",\"position\":2,\"name\":\"Magazine\",\"item\":\"https:\/\/bor.hu\/en\/magazine\/\"},{\"@type\":\"ListItem\",\"position\":3,\"name\":\"Wines of Hungary x Konstantin Baum MW: New Online Course on Hungarian Wines Launches\"}]},{\"@type\":\"WebSite\",\"@id\":\"https:\/\/bor.hu\/en\/#website\",\"url\":\"https:\/\/bor.hu\/en\/\",\"name\":\"Magyar Bor\",\"description\":\"\",\"publisher\":{\"@id\":\"https:\/\/bor.hu\/en\/#organization\"},\"potentialAction\":[{\"@type\":\"SearchAction\",\"target\":{\"@type\":\"EntryPoint\",\"urlTemplate\":\"https:\/\/bor.hu\/en\/?s={search_term_string}\"},\"query-input\":{\"@type\":\"PropertyValueSpecification\",\"valueRequired\":true,\"valueName\":\"search_term_string\"}}],\"inLanguage\":\"en-US\"},{\"@type\":\"Organization\",\"@id\":\"https:\/\/bor.hu\/en\/#organization\",\"name\":\"Magyar Bor\",\"url\":\"https:\/\/bor.hu\/en\/\",\"logo\":{\"@type\":\"ImageObject\",\"inLanguage\":\"en-US\",\"@id\":\"https:\/\/bor.hu\/en\/#\/schema\/logo\/image\/\",\"url\":\"https:\/\/bor.hu\/wp-content\/uploads\/2025\/11\/mb_logo-05.png\",\"contentUrl\":\"https:\/\/bor.hu\/wp-content\/uploads\/2025\/11\/mb_logo-05.png\",\"width\":979,\"height\":979,\"caption\":\"Magyar Bor\"},\"image\":{\"@id\":\"https:\/\/bor.hu\/en\/#\/schema\/logo\/image\/\"},\"sameAs\":[\"https:\/\/www.facebook.com\/magyarborfacebook\/\",\"https:\/\/www.instagram.com\/magyarbor\/\",\"https:\/\/www.linkedin.com\/company\/winesofhungary\/\"]}]}<\/script>\n<!-- \/ Yoast SEO plugin. -->","yoast_head_json":{"title":"Wines of Hungary x Konstantin Baum MW: New Online Course on Hungarian Wines Launches - Magyar Bor","robots":{"index":"index","follow":"follow","max-snippet":"max-snippet:-1","max-image-preview":"max-image-preview:large","max-video-preview":"max-video-preview:-1"},"canonical":"https:\/\/bor.hu\/en\/magazine\/wines-of-hungary-x-konstantin-baum-mw-new-online-course-on-hungarian-wines-launches\/","og_locale":"en_US","og_type":"article","og_title":"Wines of Hungary x Konstantin Baum MW: New Online Course on Hungarian Wines Launches","og_url":"https:\/\/bor.hu\/en\/magazine\/wines-of-hungary-x-konstantin-baum-mw-new-online-course-on-hungarian-wines-launches\/","og_site_name":"Magyar Bor","article_publisher":"https:\/\/www.facebook.com\/magyarborfacebook\/","article_modified_time":"2026-02-05T14:16:29+00:00","og_image":[{"width":2560,"height":1707,"url":"https:\/\/bor.hu\/wp-content\/uploads\/2026\/02\/Cellar-Class-Hungary-Launch-1-scaled.jpg","type":"image\/jpeg"}],"twitter_card":"summary_large_image","schema":{"@context":"https:\/\/schema.org","@graph":[{"@type":"WebPage","@id":"https:\/\/bor.hu\/en\/magazine\/wines-of-hungary-x-konstantin-baum-mw-new-online-course-on-hungarian-wines-launches\/","url":"https:\/\/bor.hu\/en\/magazine\/wines-of-hungary-x-konstantin-baum-mw-new-online-course-on-hungarian-wines-launches\/","name":"Wines of Hungary x Konstantin Baum MW: New Online Course on Hungarian Wines Launches - Magyar Bor","isPartOf":{"@id":"https:\/\/bor.hu\/en\/#website"},"datePublished":"2026-02-05T13:34:52+00:00","dateModified":"2026-02-05T14:16:29+00:00","breadcrumb":{"@id":"https:\/\/bor.hu\/en\/magazine\/wines-of-hungary-x-konstantin-baum-mw-new-online-course-on-hungarian-wines-launches\/#breadcrumb"},"inLanguage":"en-US","potentialAction":[{"@type":"ReadAction","target":["https:\/\/bor.hu\/en\/magazine\/wines-of-hungary-x-konstantin-baum-mw-new-online-course-on-hungarian-wines-launches\/"]}]},{"@type":"BreadcrumbList","@id":"https:\/\/bor.hu\/en\/magazine\/wines-of-hungary-x-konstantin-baum-mw-new-online-course-on-hungarian-wines-launches\/#breadcrumb","itemListElement":[{"@type":"ListItem","position":1,"name":"Kezd\u0151lap","item":"https:\/\/bor.hu\/en\/"},{"@type":"ListItem","position":2,"name":"Magazine","item":"https:\/\/bor.hu\/en\/magazine\/"},{"@type":"ListItem","position":3,"name":"Wines of Hungary x Konstantin Baum MW: New Online Course on Hungarian Wines Launches"}]},{"@type":"WebSite","@id":"https:\/\/bor.hu\/en\/#website","url":"https:\/\/bor.hu\/en\/","name":"Magyar Bor","description":"","publisher":{"@id":"https:\/\/bor.hu\/en\/#organization"},"potentialAction":[{"@type":"SearchAction","target":{"@type":"EntryPoint","urlTemplate":"https:\/\/bor.hu\/en\/?s={search_term_string}"},"query-input":{"@type":"PropertyValueSpecification","valueRequired":true,"valueName":"search_term_string"}}],"inLanguage":"en-US"},{"@type":"Organization","@id":"https:\/\/bor.hu\/en\/#organization","name":"Magyar Bor","url":"https:\/\/bor.hu\/en\/","logo":{"@type":"ImageObject","inLanguage":"en-US","@id":"https:\/\/bor.hu\/en\/#\/schema\/logo\/image\/","url":"https:\/\/bor.hu\/wp-content\/uploads\/2025\/11\/mb_logo-05.png","contentUrl":"https:\/\/bor.hu\/wp-content\/uploads\/2025\/11\/mb_logo-05.png","width":979,"height":979,"caption":"Magyar Bor"},"image":{"@id":"https:\/\/bor.hu\/en\/#\/schema\/logo\/image\/"},"sameAs":["https:\/\/www.facebook.com\/magyarborfacebook\/","https:\/\/www.instagram.com\/magyarbor\/","https:\/\/www.linkedin.com\/company\/winesofhungary\/"]}]}},"_links":{"self":[{"href":"https:\/\/bor.hu\/en\/wp-json\/wp\/v2\/pages\/10017","targetHints":{"allow":["GET"]}}],"collection":[{"href":"https:\/\/bor.hu\/en\/wp-json\/wp\/v2\/pages"}],"about":[{"href":"https:\/\/bor.hu\/en\/wp-json\/wp\/v2\/types\/page"}],"author":[{"embeddable":true,"href":"https:\/\/bor.hu\/en\/wp-json\/wp\/v2\/users\/5"}],"replies":[{"embeddable":true,"href":"https:\/\/bor.hu\/en\/wp-json\/wp\/v2\/comments?post=10017"}],"version-history":[{"count":2,"href":"https:\/\/bor.hu\/en\/wp-json\/wp\/v2\/pages\/10017\/revisions"}],"predecessor-version":[{"id":10027,"href":"https:\/\/bor.hu\/en\/wp-json\/wp\/v2\/pages\/10017\/revisions\/10027"}],"up":[{"embeddable":true,"href":"https:\/\/bor.hu\/en\/wp-json\/wp\/v2\/pages\/6674"}],"wp:attachment":[{"href":"https:\/\/bor.hu\/en\/wp-json\/wp\/v2\/media?parent=10017"}],"curies":[{"name":"wp","href":"https:\/\/api.w.org\/{rel}","templated":true}]}}