{"id":10562,"date":"2026-02-26T13:18:23","date_gmt":"2026-02-26T12:18:23","guid":{"rendered":"https:\/\/bor.hu\/events\/budafok-cellar-shuttle-2026-open-cellars-in-march\/"},"modified":"2026-02-26T13:19:20","modified_gmt":"2026-02-26T12:19:20","slug":"budafok-cellar-shuttle-2026-open-cellars-in-march","status":"publish","type":"page","link":"https:\/\/bor.hu\/en\/events\/budafok-cellar-shuttle-2026-open-cellars-in-march\/","title":{"rendered":"Budafok Cellar Shuttle 2026 &#8211; Open Cellars in March"},"content":{"rendered":"\n<section class=\"section__breadcrumbs\">\n    <div class=\"container\">\n        <div class=\"row\">\n            <div class=\"col-12 px-xl-5\">\n                <div class=\"breadcrumbs__wrapper d-xl-flex d-none\">\n                                            <div class=\"breadcrumb__item parent\">\n                            <a href=\"https:\/\/bor.hu\/en\/events\/\" class=\"body-2\">\n                                Events                            <\/a>\n                        <\/div>\n                        <img decoding=\"async\" src=\"https:\/\/bor.hu\/wp-content\/themes\/wp-theme-bor\/assets\/images\/icons\/chevron-grey.svg\" alt=\"\">\n                    \n                                            <div class=\"breadcrumb__item current\">\n                            <p class=\"body-2\">Budafok Cellar Shuttle 2026 &#8211; Open Cellars in March<\/p>\n                        <\/div>\n                                    <\/div>\n\n                <div class=\"breadcrumbs__wrapper__responsive d-xl-none d-block\">\n                                            <a href=\"https:\/\/bor.hu\/en\/events\/\" class=\"body-2\">\n                            <img decoding=\"async\" src=\"https:\/\/bor.hu\/wp-content\/themes\/wp-theme-bor\/assets\/images\/icons\/chevron-grey.svg\" alt=\"\">\n                            Events                        <\/a>\n                                    <\/div>\n            <\/div>\n        <\/div>\n    <\/div>\n<\/section>\n\n<section class=\"section__events-hero\">\n    <div class=\"container\">\n        <div class=\"row\">\n            <div class=\"col-xl-4 col-12 my-auto\">\n                <div class=\"events-hero__meta\">\n                    \n                                            <p class=\"badge\">Etyek-Budai Wine district<\/p>\n                                    <\/div>\n\n                                    <h3>Budafok Cellar Shuttle 2026 &#8211; Open Cellars in March<\/h3>\n                \n                                    <div class=\"date__wrapper\">\n                        <p>2026. m\u00e1rcius 07.<\/p>\n\n                                            <\/div>\n                \n                <div class=\"social__wrapper\">\n                    <div class=\"social-share__wrapper \">\n    <a href=\"https:\/\/www.facebook.com\/sharer\/sharer.php?u=https:\/\/bor.hu\/en\/events\/budafok-cellar-shuttle-2026-open-cellars-in-march\/\" target=\"_blank\">\n        <img decoding=\"async\" src=\"https:\/\/bor.hu\/wp-content\/themes\/wp-theme-bor\/assets\/images\/icons\/facebook.svg\" alt=\"\">\n    <\/a>\n\n    <a href=\"http:\/\/twitter.com\/share?url=https:\/\/bor.hu\/en\/events\/budafok-cellar-shuttle-2026-open-cellars-in-march\/\" target=\"_blank\">\n        <img decoding=\"async\" src=\"https:\/\/bor.hu\/wp-content\/themes\/wp-theme-bor\/assets\/images\/icons\/x.svg\" alt=\"\">\n    <\/a>\n\n    <img decoding=\"async\" src=\"https:\/\/bor.hu\/wp-content\/themes\/wp-theme-bor\/assets\/images\/icons\/copy.svg\" alt=\"\" class=\"js-copy-link cursor-pointer\" data-copy=\"https:\/\/bor.hu\/en\/events\/budafok-cellar-shuttle-2026-open-cellars-in-march\/\">\n<\/div>\n\n                                            <a class=\"btn add-to-calendar\" href=\"https:\/\/calendar.google.com\/calendar\/render?action=TEMPLATE&#038;text=Budafok+Cellar+Shuttle+2026+-+Open+Cellars+in+March&#038;dates=20260307\/20260307&#038;details=Discover+the+Budafok+Wine+District+%E2%80%93+a+true+wine+experience+on+the+first+Saturday+of+every+month.&#038;location=1222+Budapest+-+Budafok-T%C3%A9t%C3%A9ny%2C+Budafok&#038;trp=false&#038;ctz=Europe\/Budapest&#038;sprop=website:https%3A%2F%2Fbor.hu%2Fen%2Fevents%2Fbudafok-cellar-shuttle-2026-open-cellars-in-march%2F&#038;sprop=name:Magyar+Bor\" target=\"_blank\" rel=\"noopener noreferrer\">\n                            <div class=\"icon__wrapper\">\n                                <img decoding=\"async\" src=\"https:\/\/bor.hu\/wp-content\/themes\/wp-theme-bor\/assets\/images\/icons\/calendar-add.svg\" alt=\"\">\n                            <\/div>\n                            Add to calendar                        <\/a>\n                                    <\/div>\n            <\/div>\n\n            <div class=\"offset-xl-1 col-xl-6\">\n                                    <div class=\"image__wrapper\">\n                        <img decoding=\"async\" src=\"https:\/\/bor.hu\/wp-content\/uploads\/2026\/02\/Budafoki-Pincejarat-2026-Nyitott-pincek-marciusban.jpg\" alt=\"Budafoki Pincej\u00e1rat 2026 &#8211; Nyitott pinc\u00e9k m\u00e1rciusban\" class=\"ofi-cover-center-center\">\n                    <\/div>\n                            <\/div>\n        <\/div>\n    <\/div>\n<\/section>\n\n\n<div style=\"height:48px\" aria-hidden=\"true\" class=\"wp-block-spacer\"><\/div>\n\n\n<div class=\"container static-content\"  ><div class=\"row justify-content-center \"><div class=\" col-xl-4\">\n<div class=\"events__information-box\">\n            <div class=\"events__information-box__inner\">\n            <img decoding=\"async\" src=\"https:\/\/bor.hu\/wp-content\/themes\/wp-theme-bor\/assets\/images\/icons\/map-pin-icon.svg\" alt=\"\">\n\n            <div class=\"text__wrapper\">\n                                    <p>Budapest<\/p>\n                \n                                    <a class=\"text__wrapper__link\" href=\"https:\/\/www.google.com\/maps?q=1222 Budapest - Budafok-T\u00e9t\u00e9ny, Budafok\">1222 Budapest &#8211; Budafok-T\u00e9t\u00e9ny, Budafok<\/a>\n                            <\/div>\n        <\/div>\n    \n            <div class=\"events__information-box__inner has-chevron\">\n            <img decoding=\"async\" src=\"https:\/\/bor.hu\/wp-content\/themes\/wp-theme-bor\/assets\/images\/icons\/facebook-secondary.svg\" alt=\"\">\n            <a href=\"https:\/\/www.facebook.com\/BudafokiPincejarat\" target=\"_blank\">\n                Facebook event                <img decoding=\"async\" src=\"https:\/\/bor.hu\/wp-content\/themes\/wp-theme-bor\/assets\/images\/icons\/chevron-grey.svg\" alt=\"\">\n            <\/a>\n        <\/div>\n    \n            <div class=\"events__information-box__inner has-chevron\">\n            <img decoding=\"async\" src=\"https:\/\/bor.hu\/wp-content\/themes\/wp-theme-bor\/assets\/images\/icons\/globe-secondary.svg\" alt=\"\">\n            <a href=\"https:\/\/www.bornegyed.hu\/\" target=\"_blank\">\n                Open website                <img decoding=\"async\" src=\"https:\/\/bor.hu\/wp-content\/themes\/wp-theme-bor\/assets\/images\/icons\/chevron-grey.svg\" alt=\"\">\n            <\/a>\n        <\/div>\n    \n    \n    <\/div>\n\n<\/div><div class=\"offset-xl-1 me-auto text-wrapper col-xl-6\">\n<div style=\"height:16px\" aria-hidden=\"true\" class=\"wp-block-spacer d-xl-none d-block\"><\/div>\n\n<p>Wine tastings, exhibitions, and music programs. Budapest&#8217;s wine district is home to countless renowned sparkling wine producers and wineries. These programmes offer a unique experience, introducing you to wine culture, wine cellars and the cultural scene. Gastronomy, tradition and countless wine experiences are just 30 minutes from the heart of the capital. Free minibuses run between the venues from 2:30 p.m. to 8:30 p.m.<\/p>\n\n<p>SCHEDULE:<\/p>\n\n<p>T\u00f6rley Visitor Center<\/p>\n\n<p>1:00 p.m., 3:00 p.m. Guided museum and cellar tour. The program includes the history of the T\u00f6rley family and domestic sparkling wine production, an insight into the cellar system, and a 3-course sparkling wine tasting.<\/p>\n\n<p>Sauska Winery<\/p>\n\n<p>3:00 p.m. Cellar tour, during which the secrets of traditional sparkling wine production are revealed. Includes a tasting of three glasses of m\u00e9thode traditionnelle sparkling wine.<\/p>\n\n<p>Z\u00e1borszky Cellar and Wine Town<\/p>\n\n<p>3:00 p.m. Approx. 70-minute guided tour of the wine cellar, including 1 glass of wine tasting.<\/p>\n\n<p>So\u00f3s Istv\u00e1n Viticulture Technical and Vocational School<\/p>\n\n<p>3:00 p.m. to 8:00 p.m. Wine tasting in the cellars.<\/p>\n\n<p>Katona Wine House<\/p>\n\n<p>4:00 p.m. to 10:00 p.m. Guests are welcome to enjoy the full wine selection, continuous wine tasting, wine snacks, and discounted wine purchases.<\/p>\n\n<p>4:00 p.m. to 9:00 p.m. Music by the Szal\u00f3ky Quartet<\/p>\n\n<p>5:30 p.m. Guided wine tasting of 3 wines with wine tasting and wine snacks.<\/p>\n\n<p>Taverna Winery<\/p>\n\n<p>2:00 p.m., 4:00 p.m., 6:00 p.m. Spring celebration wine tasting with 5 + 1 types of wine, wine snacks, mineral water, and a surprise.<\/p>\n\n<p>Szelesh\u00e1t Cellar<\/p>\n\n<p>4:00 p.m. Tasting of iconic wines as part of the Jubilee Year celebrations.<\/p>\n\n<p>Secrets of the forgotten cellar giant<\/p>\n\n<p>1:00 p.m., 4:00 p.m. Local history cellar tour and 5-course wine tasting at the Istv\u00e1n So\u00f3s Wine School.<\/p>\n\n<p>Wine tasting and local historical curiosities with sommelier Gergely Bitai<\/p>\n\n<p>3:00 p.m. Introduction to the mysteries of tasting with Budafok wines, 6-course wine tasting with wine snacks<\/p>\n\n<p>Promontorium Wine Confrerie Cellar<\/p>\n\n<p>6:00 p.m. to 7:00 p.m. Lecture with Imre M\u00e1tyus, teacher at the So\u00f3s Istv\u00e1n Viticulture Technical and Vocational School, on training the next generation of winemakers. The wine knights will offer students a glass of wine.<\/p>\n\n<p>Cellar Garden<\/p>\n\n<p>2:00 p.m. to 9:00 p.m. Atmospheric live music, wine cocktails, and bistro food.<\/p>\n\n<p>3:00 p.m. Cellar Garden presentation with a glass of wine cocktail and wine snacks<\/p>\n\n<p>5:00 p.m. Quiz@ &#8211; creative competition for all ages.<\/p>\n\n<p>V\u00e1rszegi Winery<\/p>\n\n<p>2:00 p.m. to 10:00 p.m. The wine bar welcomes guests with seasonal tapas.<\/p>\n\n<p>4:00-5:00 p.m. Wine tasting combined with a cellar tour with Viktor V\u00e1rszegi<\/p>\n\n<p>5:30-6:30 p.m. Sparkling wine tasting<\/p>\n<\/div><\/div><\/div>\n\n\n<div style=\"height:120px\" aria-hidden=\"true\" class=\"wp-block-spacer\"><\/div>\n","protected":false},"excerpt":{"rendered":"<p>Wine tastings, exhibitions, and music programs. Budapest&#8217;s wine district is home to countless renowned sparkling wine producers and wineries. These programmes offer a unique experience, introducing you to wine culture, wine cellars and the cultural scene. Gastronomy, tradition and countless wine experiences are just 30 minutes from the heart of the capital. Free minibuses run [&hellip;]<\/p>\n","protected":false},"author":3,"featured_media":0,"parent":6712,"menu_order":0,"comment_status":"closed","ping_status":"closed","template":"","meta":{"_acf_changed":false,"footnotes":""},"class_list":["post-10562","page","type-page","status-publish","hentry"],"acf":[],"yoast_head":"<!-- This site is optimized with the Yoast SEO plugin v26.3 - https:\/\/yoast.com\/wordpress\/plugins\/seo\/ -->\n<title>Budafok Cellar Shuttle 2026 - Open Cellars in March - Magyar Bor<\/title>\n<meta name=\"robots\" content=\"index, follow, max-snippet:-1, max-image-preview:large, max-video-preview:-1\" \/>\n<link rel=\"canonical\" href=\"https:\/\/bor.hu\/en\/events\/budafok-cellar-shuttle-2026-open-cellars-in-march\/\" \/>\n<meta property=\"og:locale\" content=\"en_US\" \/>\n<meta property=\"og:type\" content=\"article\" \/>\n<meta property=\"og:title\" content=\"Budafok Cellar Shuttle 2026 - Open Cellars in March - Magyar Bor\" \/>\n<meta property=\"og:description\" content=\"Wine tastings, exhibitions, and music programs. Budapest&#8217;s wine district is home to countless renowned sparkling wine producers and wineries. These programmes offer a unique experience, introducing you to wine culture, wine cellars and the cultural scene. Gastronomy, tradition and countless wine experiences are just 30 minutes from the heart of the capital. Free minibuses run [&hellip;]\" \/>\n<meta property=\"og:url\" content=\"https:\/\/bor.hu\/en\/events\/budafok-cellar-shuttle-2026-open-cellars-in-march\/\" \/>\n<meta property=\"og:site_name\" content=\"Magyar Bor\" \/>\n<meta property=\"article:publisher\" content=\"https:\/\/www.facebook.com\/magyarborfacebook\/\" \/>\n<meta property=\"article:modified_time\" content=\"2026-02-26T12:19:20+00:00\" \/>\n<meta property=\"og:image\" content=\"https:\/\/bor.hu\/wp-content\/uploads\/2025\/11\/mb_logo-05.png\" \/>\n\t<meta property=\"og:image:width\" content=\"979\" \/>\n\t<meta property=\"og:image:height\" content=\"979\" \/>\n\t<meta property=\"og:image:type\" content=\"image\/png\" \/>\n<meta name=\"twitter:card\" content=\"summary_large_image\" \/>\n<meta name=\"twitter:label1\" content=\"Est. reading time\" \/>\n\t<meta name=\"twitter:data1\" content=\"3 minutes\" \/>\n<script type=\"application\/ld+json\" class=\"yoast-schema-graph\">{\"@context\":\"https:\/\/schema.org\",\"@graph\":[{\"@type\":\"WebPage\",\"@id\":\"https:\/\/bor.hu\/en\/events\/budafok-cellar-shuttle-2026-open-cellars-in-march\/\",\"url\":\"https:\/\/bor.hu\/en\/events\/budafok-cellar-shuttle-2026-open-cellars-in-march\/\",\"name\":\"Budafok Cellar Shuttle 2026 - Open Cellars in March - Magyar Bor\",\"isPartOf\":{\"@id\":\"https:\/\/bor.hu\/en\/#website\"},\"datePublished\":\"2026-02-26T12:18:23+00:00\",\"dateModified\":\"2026-02-26T12:19:20+00:00\",\"breadcrumb\":{\"@id\":\"https:\/\/bor.hu\/en\/events\/budafok-cellar-shuttle-2026-open-cellars-in-march\/#breadcrumb\"},\"inLanguage\":\"en-US\",\"potentialAction\":[{\"@type\":\"ReadAction\",\"target\":[\"https:\/\/bor.hu\/en\/events\/budafok-cellar-shuttle-2026-open-cellars-in-march\/\"]}]},{\"@type\":\"BreadcrumbList\",\"@id\":\"https:\/\/bor.hu\/en\/events\/budafok-cellar-shuttle-2026-open-cellars-in-march\/#breadcrumb\",\"itemListElement\":[{\"@type\":\"ListItem\",\"position\":1,\"name\":\"Kezd\u0151lap\",\"item\":\"https:\/\/bor.hu\/en\/\"},{\"@type\":\"ListItem\",\"position\":2,\"name\":\"Events\",\"item\":\"https:\/\/bor.hu\/en\/events\/\"},{\"@type\":\"ListItem\",\"position\":3,\"name\":\"Budafok Cellar Shuttle 2026 &#8211; Open Cellars in March\"}]},{\"@type\":\"WebSite\",\"@id\":\"https:\/\/bor.hu\/en\/#website\",\"url\":\"https:\/\/bor.hu\/en\/\",\"name\":\"Magyar Bor\",\"description\":\"\",\"publisher\":{\"@id\":\"https:\/\/bor.hu\/en\/#organization\"},\"potentialAction\":[{\"@type\":\"SearchAction\",\"target\":{\"@type\":\"EntryPoint\",\"urlTemplate\":\"https:\/\/bor.hu\/en\/?s={search_term_string}\"},\"query-input\":{\"@type\":\"PropertyValueSpecification\",\"valueRequired\":true,\"valueName\":\"search_term_string\"}}],\"inLanguage\":\"en-US\"},{\"@type\":\"Organization\",\"@id\":\"https:\/\/bor.hu\/en\/#organization\",\"name\":\"Magyar Bor\",\"url\":\"https:\/\/bor.hu\/en\/\",\"logo\":{\"@type\":\"ImageObject\",\"inLanguage\":\"en-US\",\"@id\":\"https:\/\/bor.hu\/en\/#\/schema\/logo\/image\/\",\"url\":\"https:\/\/bor.hu\/wp-content\/uploads\/2025\/11\/mb_logo-05.png\",\"contentUrl\":\"https:\/\/bor.hu\/wp-content\/uploads\/2025\/11\/mb_logo-05.png\",\"width\":979,\"height\":979,\"caption\":\"Magyar Bor\"},\"image\":{\"@id\":\"https:\/\/bor.hu\/en\/#\/schema\/logo\/image\/\"},\"sameAs\":[\"https:\/\/www.facebook.com\/magyarborfacebook\/\",\"https:\/\/www.instagram.com\/magyarbor\/\",\"https:\/\/www.linkedin.com\/company\/winesofhungary\/\"]}]}<\/script>\n<!-- \/ Yoast SEO plugin. -->","yoast_head_json":{"title":"Budafok Cellar Shuttle 2026 - Open Cellars in March - Magyar Bor","robots":{"index":"index","follow":"follow","max-snippet":"max-snippet:-1","max-image-preview":"max-image-preview:large","max-video-preview":"max-video-preview:-1"},"canonical":"https:\/\/bor.hu\/en\/events\/budafok-cellar-shuttle-2026-open-cellars-in-march\/","og_locale":"en_US","og_type":"article","og_title":"Budafok Cellar Shuttle 2026 - Open Cellars in March - Magyar Bor","og_description":"Wine tastings, exhibitions, and music programs. Budapest&#8217;s wine district is home to countless renowned sparkling wine producers and wineries. These programmes offer a unique experience, introducing you to wine culture, wine cellars and the cultural scene. Gastronomy, tradition and countless wine experiences are just 30 minutes from the heart of the capital. Free minibuses run [&hellip;]","og_url":"https:\/\/bor.hu\/en\/events\/budafok-cellar-shuttle-2026-open-cellars-in-march\/","og_site_name":"Magyar Bor","article_publisher":"https:\/\/www.facebook.com\/magyarborfacebook\/","article_modified_time":"2026-02-26T12:19:20+00:00","og_image":[{"width":979,"height":979,"url":"https:\/\/bor.hu\/wp-content\/uploads\/2025\/11\/mb_logo-05.png","type":"image\/png"}],"twitter_card":"summary_large_image","twitter_misc":{"Est. reading time":"3 minutes"},"schema":{"@context":"https:\/\/schema.org","@graph":[{"@type":"WebPage","@id":"https:\/\/bor.hu\/en\/events\/budafok-cellar-shuttle-2026-open-cellars-in-march\/","url":"https:\/\/bor.hu\/en\/events\/budafok-cellar-shuttle-2026-open-cellars-in-march\/","name":"Budafok Cellar Shuttle 2026 - Open Cellars in March - Magyar Bor","isPartOf":{"@id":"https:\/\/bor.hu\/en\/#website"},"datePublished":"2026-02-26T12:18:23+00:00","dateModified":"2026-02-26T12:19:20+00:00","breadcrumb":{"@id":"https:\/\/bor.hu\/en\/events\/budafok-cellar-shuttle-2026-open-cellars-in-march\/#breadcrumb"},"inLanguage":"en-US","potentialAction":[{"@type":"ReadAction","target":["https:\/\/bor.hu\/en\/events\/budafok-cellar-shuttle-2026-open-cellars-in-march\/"]}]},{"@type":"BreadcrumbList","@id":"https:\/\/bor.hu\/en\/events\/budafok-cellar-shuttle-2026-open-cellars-in-march\/#breadcrumb","itemListElement":[{"@type":"ListItem","position":1,"name":"Kezd\u0151lap","item":"https:\/\/bor.hu\/en\/"},{"@type":"ListItem","position":2,"name":"Events","item":"https:\/\/bor.hu\/en\/events\/"},{"@type":"ListItem","position":3,"name":"Budafok Cellar Shuttle 2026 &#8211; Open Cellars in March"}]},{"@type":"WebSite","@id":"https:\/\/bor.hu\/en\/#website","url":"https:\/\/bor.hu\/en\/","name":"Magyar Bor","description":"","publisher":{"@id":"https:\/\/bor.hu\/en\/#organization"},"potentialAction":[{"@type":"SearchAction","target":{"@type":"EntryPoint","urlTemplate":"https:\/\/bor.hu\/en\/?s={search_term_string}"},"query-input":{"@type":"PropertyValueSpecification","valueRequired":true,"valueName":"search_term_string"}}],"inLanguage":"en-US"},{"@type":"Organization","@id":"https:\/\/bor.hu\/en\/#organization","name":"Magyar Bor","url":"https:\/\/bor.hu\/en\/","logo":{"@type":"ImageObject","inLanguage":"en-US","@id":"https:\/\/bor.hu\/en\/#\/schema\/logo\/image\/","url":"https:\/\/bor.hu\/wp-content\/uploads\/2025\/11\/mb_logo-05.png","contentUrl":"https:\/\/bor.hu\/wp-content\/uploads\/2025\/11\/mb_logo-05.png","width":979,"height":979,"caption":"Magyar Bor"},"image":{"@id":"https:\/\/bor.hu\/en\/#\/schema\/logo\/image\/"},"sameAs":["https:\/\/www.facebook.com\/magyarborfacebook\/","https:\/\/www.instagram.com\/magyarbor\/","https:\/\/www.linkedin.com\/company\/winesofhungary\/"]}]}},"_links":{"self":[{"href":"https:\/\/bor.hu\/en\/wp-json\/wp\/v2\/pages\/10562","targetHints":{"allow":["GET"]}}],"collection":[{"href":"https:\/\/bor.hu\/en\/wp-json\/wp\/v2\/pages"}],"about":[{"href":"https:\/\/bor.hu\/en\/wp-json\/wp\/v2\/types\/page"}],"author":[{"embeddable":true,"href":"https:\/\/bor.hu\/en\/wp-json\/wp\/v2\/users\/3"}],"replies":[{"embeddable":true,"href":"https:\/\/bor.hu\/en\/wp-json\/wp\/v2\/comments?post=10562"}],"version-history":[{"count":1,"href":"https:\/\/bor.hu\/en\/wp-json\/wp\/v2\/pages\/10562\/revisions"}],"predecessor-version":[{"id":10563,"href":"https:\/\/bor.hu\/en\/wp-json\/wp\/v2\/pages\/10562\/revisions\/10563"}],"up":[{"embeddable":true,"href":"https:\/\/bor.hu\/en\/wp-json\/wp\/v2\/pages\/6712"}],"wp:attachment":[{"href":"https:\/\/bor.hu\/en\/wp-json\/wp\/v2\/media?parent=10562"}],"curies":[{"name":"wp","href":"https:\/\/api.w.org\/{rel}","templated":true}]}}