{"id":10963,"date":"2026-03-18T11:41:03","date_gmt":"2026-03-18T10:41:03","guid":{"rendered":"https:\/\/bor.hu\/events\/borpont-picnic-walk-around-wine-tasting-2026\/"},"modified":"2026-03-18T11:41:28","modified_gmt":"2026-03-18T10:41:28","slug":"borpont-picnic-walk-around-wine-tasting-2026","status":"publish","type":"page","link":"https:\/\/bor.hu\/en\/events\/borpont-picnic-walk-around-wine-tasting-2026\/","title":{"rendered":"BorPont Picnic Walk-around Wine Tasting 2026"},"content":{"rendered":"\n<section class=\"section__breadcrumbs\">\n    <div class=\"container\">\n        <div class=\"row\">\n            <div class=\"col-12 px-xl-5\">\n                <div class=\"breadcrumbs__wrapper d-xl-flex d-none\">\n                                            <div class=\"breadcrumb__item parent\">\n                            <a href=\"https:\/\/bor.hu\/en\/events\/\" class=\"body-2\">\n                                Events                            <\/a>\n                        <\/div>\n                        <img decoding=\"async\" src=\"https:\/\/bor.hu\/wp-content\/themes\/wp-theme-bor\/assets\/images\/icons\/chevron-grey.svg\" alt=\"\">\n                    \n                                            <div class=\"breadcrumb__item current\">\n                            <p class=\"body-2\">BorPont Picnic Walk-around Wine Tasting 2026<\/p>\n                        <\/div>\n                                    <\/div>\n\n                <div class=\"breadcrumbs__wrapper__responsive d-xl-none d-block\">\n                                            <a href=\"https:\/\/bor.hu\/en\/events\/\" class=\"body-2\">\n                            <img decoding=\"async\" src=\"https:\/\/bor.hu\/wp-content\/themes\/wp-theme-bor\/assets\/images\/icons\/chevron-grey.svg\" alt=\"\">\n                            Events                        <\/a>\n                                    <\/div>\n            <\/div>\n        <\/div>\n    <\/div>\n<\/section>\n\n<section class=\"section__events-hero\">\n    <div class=\"container\">\n        <div class=\"row\">\n            <div class=\"col-xl-4 col-12 my-auto\">\n                <div class=\"events-hero__meta\">\n                    \n                                    <\/div>\n\n                                    <h3>BorPont Picnic Walk-around Wine Tasting 2026<\/h3>\n                \n                                    <div class=\"date__wrapper\">\n                        <p>2026. m\u00e1rcius 28.<\/p>\n\n                                            <\/div>\n                \n                <div class=\"social__wrapper\">\n                    <div class=\"social-share__wrapper \">\n    <a href=\"https:\/\/www.facebook.com\/sharer\/sharer.php?u=https:\/\/bor.hu\/en\/events\/borpont-picnic-walk-around-wine-tasting-2026\/\" target=\"_blank\">\n        <img decoding=\"async\" src=\"https:\/\/bor.hu\/wp-content\/themes\/wp-theme-bor\/assets\/images\/icons\/facebook.svg\" alt=\"\">\n    <\/a>\n\n    <a href=\"http:\/\/twitter.com\/share?url=https:\/\/bor.hu\/en\/events\/borpont-picnic-walk-around-wine-tasting-2026\/\" target=\"_blank\">\n        <img decoding=\"async\" src=\"https:\/\/bor.hu\/wp-content\/themes\/wp-theme-bor\/assets\/images\/icons\/x.svg\" alt=\"\">\n    <\/a>\n\n    <img decoding=\"async\" src=\"https:\/\/bor.hu\/wp-content\/themes\/wp-theme-bor\/assets\/images\/icons\/copy.svg\" alt=\"\" class=\"js-copy-link cursor-pointer\" data-copy=\"https:\/\/bor.hu\/en\/events\/borpont-picnic-walk-around-wine-tasting-2026\/\">\n<\/div>\n\n                                            <a class=\"btn add-to-calendar\" href=\"https:\/\/calendar.google.com\/calendar\/render?action=TEMPLATE&#038;text=BorPont+Picnic+Walk-around+Wine+Tasting+2026&#038;dates=20260328\/20260328&#038;details=An+evening+where+everything+revolves+around+wine%2C+flavors%2C+and+ambiance.&#038;location=OSP+-+Olimpic+Sports+Park%2C+9025+Gy%C5%91r%2C+46+Radn%C3%B3ti+Mikl%C3%B3s+Street.&#038;trp=false&#038;ctz=Europe\/Budapest&#038;sprop=website:https%3A%2F%2Fbor.hu%2Fen%2Fevents%2Fborpont-picnic-walk-around-wine-tasting-2026%2F&#038;sprop=name:Magyar+Bor\" target=\"_blank\" rel=\"noopener noreferrer\">\n                            <div class=\"icon__wrapper\">\n                                <img decoding=\"async\" src=\"https:\/\/bor.hu\/wp-content\/themes\/wp-theme-bor\/assets\/images\/icons\/calendar-add.svg\" alt=\"\">\n                            <\/div>\n                            Add to calendar                        <\/a>\n                                    <\/div>\n            <\/div>\n\n            <div class=\"offset-xl-1 col-xl-6\">\n                                    <div class=\"image__wrapper\">\n                        <img decoding=\"async\" src=\"https:\/\/bor.hu\/wp-content\/uploads\/2026\/03\/BorPont-Piknik-Setalo-Kostolo-2026.jpg\" alt=\"BorPont Piknik S\u00e9t\u00e1l\u00f3 K\u00f3stol\u00f3 2026\" class=\"ofi-cover-center-center\">\n                    <\/div>\n                            <\/div>\n        <\/div>\n    <\/div>\n<\/section>\n\n\n<div style=\"height:48px\" aria-hidden=\"true\" class=\"wp-block-spacer\"><\/div>\n\n\n<div class=\"container static-content\"  ><div class=\"row justify-content-center \"><div class=\" col-xl-4\">\n<div class=\"events__information-box\">\n            <div class=\"events__information-box__inner\">\n            <img decoding=\"async\" src=\"https:\/\/bor.hu\/wp-content\/themes\/wp-theme-bor\/assets\/images\/icons\/map-pin-icon.svg\" alt=\"\">\n\n            <div class=\"text__wrapper\">\n                                    <p>Gy\u0151r<\/p>\n                \n                                    <a class=\"text__wrapper__link\" href=\"https:\/\/www.google.com\/maps?q=OSP - Olimpic Sports Park, 9025 Gy\u0151r, 46 Radn\u00f3ti Mikl\u00f3s Street.\">OSP &#8211; Olimpic Sports Park, 9025 Gy\u0151r, 46 Radn\u00f3ti Mikl\u00f3s Street.<\/a>\n                            <\/div>\n        <\/div>\n    \n            <div class=\"events__information-box__inner has-chevron\">\n            <img decoding=\"async\" src=\"https:\/\/bor.hu\/wp-content\/themes\/wp-theme-bor\/assets\/images\/icons\/facebook-secondary.svg\" alt=\"\">\n            <a href=\"https:\/\/www.facebook.com\/events\/1847974199179044\" target=\"_blank\">\n                Facebook event                <img decoding=\"async\" src=\"https:\/\/bor.hu\/wp-content\/themes\/wp-theme-bor\/assets\/images\/icons\/chevron-grey.svg\" alt=\"\">\n            <\/a>\n        <\/div>\n    \n            <div class=\"events__information-box__inner has-chevron\">\n            <img decoding=\"async\" src=\"https:\/\/bor.hu\/wp-content\/themes\/wp-theme-bor\/assets\/images\/icons\/globe-secondary.svg\" alt=\"\">\n            <a href=\"https:\/\/www.facebook.com\/borpont\" target=\"_blank\">\n                Open website                <img decoding=\"async\" src=\"https:\/\/bor.hu\/wp-content\/themes\/wp-theme-bor\/assets\/images\/icons\/chevron-grey.svg\" alt=\"\">\n            <\/a>\n        <\/div>\n    \n            <div class=\"events__information-box__inner\">\n            <img decoding=\"async\" src=\"https:\/\/bor.hu\/wp-content\/themes\/wp-theme-bor\/assets\/images\/icons\/information.svg\" alt=\"\">\n            <p>from 18:00<\/p>\n        <\/div>\n    \n    <\/div>\n\n<\/div><div class=\"offset-xl-1 me-auto text-wrapper col-xl-6\">\n<div style=\"height:16px\" aria-hidden=\"true\" class=\"wp-block-spacer d-xl-none d-block\"><\/div>\n\n<p>At the BorPont Picnic, guests can sample more than 250 wines from 40 wineries &#8211; including both<br>Hungarian and international specialties.<br>Participating wineries:<br>\u00c1cs, Bock, Bodri, B\u0151sze Winery, Bujdos\u00f3, Cseri, \u00c9li\u00e1s, Feh\u00e9rv\u00e1ri, Feind, Figula, Hangy\u00e1l, Herold,<br>Homola, K\u00e1li Bal\u00e1zs, Kamocsay, Kancell\u00e1r, Kov\u00e1cs Nimr\u00f3d, Lelovits, Les Grand Chais de France,<br>Maison aux Pois, Paulus, P\u00e9csinger, Serre (Italy), Szivek, Sz\u0151ke, Tar, Thummerer, Tornai,<br>T\u00f3thborbirtok, Tringa, T\u00f6rley, V\u00e1libor, Vylyan, Zichy Anna. (The list is constantly updated.)<\/p>\n<\/div><\/div><\/div>\n\n\n<div style=\"height:120px\" aria-hidden=\"true\" class=\"wp-block-spacer\"><\/div>\n","protected":false},"excerpt":{"rendered":"<p>At the BorPont Picnic, guests can sample more than 250 wines from 40 wineries &#8211; including bothHungarian and international specialties.Participating wineries:\u00c1cs, Bock, Bodri, B\u0151sze Winery, Bujdos\u00f3, Cseri, \u00c9li\u00e1s, Feh\u00e9rv\u00e1ri, Feind, Figula, Hangy\u00e1l, Herold,Homola, K\u00e1li Bal\u00e1zs, Kamocsay, Kancell\u00e1r, Kov\u00e1cs Nimr\u00f3d, Lelovits, Les Grand Chais de France,Maison aux Pois, Paulus, P\u00e9csinger, Serre (Italy), Szivek, Sz\u0151ke, Tar, Thummerer, [&hellip;]<\/p>\n","protected":false},"author":3,"featured_media":0,"parent":6712,"menu_order":0,"comment_status":"closed","ping_status":"closed","template":"","meta":{"_acf_changed":false,"footnotes":""},"class_list":["post-10963","page","type-page","status-publish","hentry"],"acf":[],"yoast_head":"<!-- This site is optimized with the Yoast SEO plugin v26.3 - https:\/\/yoast.com\/wordpress\/plugins\/seo\/ -->\n<title>BorPont Picnic Walk-around Wine Tasting 2026 - Magyar Bor<\/title>\n<meta name=\"robots\" content=\"index, follow, max-snippet:-1, max-image-preview:large, max-video-preview:-1\" \/>\n<link rel=\"canonical\" href=\"https:\/\/bor.hu\/en\/events\/borpont-picnic-walk-around-wine-tasting-2026\/\" \/>\n<meta property=\"og:locale\" content=\"en_US\" \/>\n<meta property=\"og:type\" content=\"article\" \/>\n<meta property=\"og:title\" content=\"BorPont Picnic Walk-around Wine Tasting 2026 - Magyar Bor\" \/>\n<meta property=\"og:description\" content=\"At the BorPont Picnic, guests can sample more than 250 wines from 40 wineries &#8211; including bothHungarian and international specialties.Participating wineries:\u00c1cs, Bock, Bodri, B\u0151sze Winery, Bujdos\u00f3, Cseri, \u00c9li\u00e1s, Feh\u00e9rv\u00e1ri, Feind, Figula, Hangy\u00e1l, Herold,Homola, K\u00e1li Bal\u00e1zs, Kamocsay, Kancell\u00e1r, Kov\u00e1cs Nimr\u00f3d, Lelovits, Les Grand Chais de France,Maison aux Pois, Paulus, P\u00e9csinger, Serre (Italy), Szivek, Sz\u0151ke, Tar, Thummerer, [&hellip;]\" \/>\n<meta property=\"og:url\" content=\"https:\/\/bor.hu\/en\/events\/borpont-picnic-walk-around-wine-tasting-2026\/\" \/>\n<meta property=\"og:site_name\" content=\"Magyar Bor\" \/>\n<meta property=\"article:publisher\" content=\"https:\/\/www.facebook.com\/magyarborfacebook\/\" \/>\n<meta property=\"article:modified_time\" content=\"2026-03-18T10:41:28+00:00\" \/>\n<meta property=\"og:image\" content=\"https:\/\/bor.hu\/wp-content\/uploads\/2025\/11\/mb_logo-05.png\" \/>\n\t<meta property=\"og:image:width\" content=\"979\" \/>\n\t<meta property=\"og:image:height\" content=\"979\" \/>\n\t<meta property=\"og:image:type\" content=\"image\/png\" \/>\n<meta name=\"twitter:card\" content=\"summary_large_image\" \/>\n<meta name=\"twitter:label1\" content=\"Est. reading time\" \/>\n\t<meta name=\"twitter:data1\" content=\"1 minute\" \/>\n<script type=\"application\/ld+json\" class=\"yoast-schema-graph\">{\"@context\":\"https:\/\/schema.org\",\"@graph\":[{\"@type\":\"WebPage\",\"@id\":\"https:\/\/bor.hu\/en\/events\/borpont-picnic-walk-around-wine-tasting-2026\/\",\"url\":\"https:\/\/bor.hu\/en\/events\/borpont-picnic-walk-around-wine-tasting-2026\/\",\"name\":\"BorPont Picnic Walk-around Wine Tasting 2026 - Magyar Bor\",\"isPartOf\":{\"@id\":\"https:\/\/bor.hu\/en\/#website\"},\"datePublished\":\"2026-03-18T10:41:03+00:00\",\"dateModified\":\"2026-03-18T10:41:28+00:00\",\"breadcrumb\":{\"@id\":\"https:\/\/bor.hu\/en\/events\/borpont-picnic-walk-around-wine-tasting-2026\/#breadcrumb\"},\"inLanguage\":\"en-US\",\"potentialAction\":[{\"@type\":\"ReadAction\",\"target\":[\"https:\/\/bor.hu\/en\/events\/borpont-picnic-walk-around-wine-tasting-2026\/\"]}]},{\"@type\":\"BreadcrumbList\",\"@id\":\"https:\/\/bor.hu\/en\/events\/borpont-picnic-walk-around-wine-tasting-2026\/#breadcrumb\",\"itemListElement\":[{\"@type\":\"ListItem\",\"position\":1,\"name\":\"Kezd\u0151lap\",\"item\":\"https:\/\/bor.hu\/en\/\"},{\"@type\":\"ListItem\",\"position\":2,\"name\":\"Events\",\"item\":\"https:\/\/bor.hu\/en\/events\/\"},{\"@type\":\"ListItem\",\"position\":3,\"name\":\"BorPont Picnic Walk-around Wine Tasting 2026\"}]},{\"@type\":\"WebSite\",\"@id\":\"https:\/\/bor.hu\/en\/#website\",\"url\":\"https:\/\/bor.hu\/en\/\",\"name\":\"Magyar Bor\",\"description\":\"\",\"publisher\":{\"@id\":\"https:\/\/bor.hu\/en\/#organization\"},\"potentialAction\":[{\"@type\":\"SearchAction\",\"target\":{\"@type\":\"EntryPoint\",\"urlTemplate\":\"https:\/\/bor.hu\/en\/?s={search_term_string}\"},\"query-input\":{\"@type\":\"PropertyValueSpecification\",\"valueRequired\":true,\"valueName\":\"search_term_string\"}}],\"inLanguage\":\"en-US\"},{\"@type\":\"Organization\",\"@id\":\"https:\/\/bor.hu\/en\/#organization\",\"name\":\"Magyar Bor\",\"url\":\"https:\/\/bor.hu\/en\/\",\"logo\":{\"@type\":\"ImageObject\",\"inLanguage\":\"en-US\",\"@id\":\"https:\/\/bor.hu\/en\/#\/schema\/logo\/image\/\",\"url\":\"https:\/\/bor.hu\/wp-content\/uploads\/2025\/11\/mb_logo-05.png\",\"contentUrl\":\"https:\/\/bor.hu\/wp-content\/uploads\/2025\/11\/mb_logo-05.png\",\"width\":979,\"height\":979,\"caption\":\"Magyar Bor\"},\"image\":{\"@id\":\"https:\/\/bor.hu\/en\/#\/schema\/logo\/image\/\"},\"sameAs\":[\"https:\/\/www.facebook.com\/magyarborfacebook\/\",\"https:\/\/www.instagram.com\/magyarbor\/\",\"https:\/\/www.linkedin.com\/company\/winesofhungary\/\"]}]}<\/script>\n<!-- \/ Yoast SEO plugin. -->","yoast_head_json":{"title":"BorPont Picnic Walk-around Wine Tasting 2026 - Magyar Bor","robots":{"index":"index","follow":"follow","max-snippet":"max-snippet:-1","max-image-preview":"max-image-preview:large","max-video-preview":"max-video-preview:-1"},"canonical":"https:\/\/bor.hu\/en\/events\/borpont-picnic-walk-around-wine-tasting-2026\/","og_locale":"en_US","og_type":"article","og_title":"BorPont Picnic Walk-around Wine Tasting 2026 - Magyar Bor","og_description":"At the BorPont Picnic, guests can sample more than 250 wines from 40 wineries &#8211; including bothHungarian and international specialties.Participating wineries:\u00c1cs, Bock, Bodri, B\u0151sze Winery, Bujdos\u00f3, Cseri, \u00c9li\u00e1s, Feh\u00e9rv\u00e1ri, Feind, Figula, Hangy\u00e1l, Herold,Homola, K\u00e1li Bal\u00e1zs, Kamocsay, Kancell\u00e1r, Kov\u00e1cs Nimr\u00f3d, Lelovits, Les Grand Chais de France,Maison aux Pois, Paulus, P\u00e9csinger, Serre (Italy), Szivek, Sz\u0151ke, Tar, Thummerer, [&hellip;]","og_url":"https:\/\/bor.hu\/en\/events\/borpont-picnic-walk-around-wine-tasting-2026\/","og_site_name":"Magyar Bor","article_publisher":"https:\/\/www.facebook.com\/magyarborfacebook\/","article_modified_time":"2026-03-18T10:41:28+00:00","og_image":[{"width":979,"height":979,"url":"https:\/\/bor.hu\/wp-content\/uploads\/2025\/11\/mb_logo-05.png","type":"image\/png"}],"twitter_card":"summary_large_image","twitter_misc":{"Est. reading time":"1 minute"},"schema":{"@context":"https:\/\/schema.org","@graph":[{"@type":"WebPage","@id":"https:\/\/bor.hu\/en\/events\/borpont-picnic-walk-around-wine-tasting-2026\/","url":"https:\/\/bor.hu\/en\/events\/borpont-picnic-walk-around-wine-tasting-2026\/","name":"BorPont Picnic Walk-around Wine Tasting 2026 - Magyar Bor","isPartOf":{"@id":"https:\/\/bor.hu\/en\/#website"},"datePublished":"2026-03-18T10:41:03+00:00","dateModified":"2026-03-18T10:41:28+00:00","breadcrumb":{"@id":"https:\/\/bor.hu\/en\/events\/borpont-picnic-walk-around-wine-tasting-2026\/#breadcrumb"},"inLanguage":"en-US","potentialAction":[{"@type":"ReadAction","target":["https:\/\/bor.hu\/en\/events\/borpont-picnic-walk-around-wine-tasting-2026\/"]}]},{"@type":"BreadcrumbList","@id":"https:\/\/bor.hu\/en\/events\/borpont-picnic-walk-around-wine-tasting-2026\/#breadcrumb","itemListElement":[{"@type":"ListItem","position":1,"name":"Kezd\u0151lap","item":"https:\/\/bor.hu\/en\/"},{"@type":"ListItem","position":2,"name":"Events","item":"https:\/\/bor.hu\/en\/events\/"},{"@type":"ListItem","position":3,"name":"BorPont Picnic Walk-around Wine Tasting 2026"}]},{"@type":"WebSite","@id":"https:\/\/bor.hu\/en\/#website","url":"https:\/\/bor.hu\/en\/","name":"Magyar Bor","description":"","publisher":{"@id":"https:\/\/bor.hu\/en\/#organization"},"potentialAction":[{"@type":"SearchAction","target":{"@type":"EntryPoint","urlTemplate":"https:\/\/bor.hu\/en\/?s={search_term_string}"},"query-input":{"@type":"PropertyValueSpecification","valueRequired":true,"valueName":"search_term_string"}}],"inLanguage":"en-US"},{"@type":"Organization","@id":"https:\/\/bor.hu\/en\/#organization","name":"Magyar Bor","url":"https:\/\/bor.hu\/en\/","logo":{"@type":"ImageObject","inLanguage":"en-US","@id":"https:\/\/bor.hu\/en\/#\/schema\/logo\/image\/","url":"https:\/\/bor.hu\/wp-content\/uploads\/2025\/11\/mb_logo-05.png","contentUrl":"https:\/\/bor.hu\/wp-content\/uploads\/2025\/11\/mb_logo-05.png","width":979,"height":979,"caption":"Magyar Bor"},"image":{"@id":"https:\/\/bor.hu\/en\/#\/schema\/logo\/image\/"},"sameAs":["https:\/\/www.facebook.com\/magyarborfacebook\/","https:\/\/www.instagram.com\/magyarbor\/","https:\/\/www.linkedin.com\/company\/winesofhungary\/"]}]}},"_links":{"self":[{"href":"https:\/\/bor.hu\/en\/wp-json\/wp\/v2\/pages\/10963","targetHints":{"allow":["GET"]}}],"collection":[{"href":"https:\/\/bor.hu\/en\/wp-json\/wp\/v2\/pages"}],"about":[{"href":"https:\/\/bor.hu\/en\/wp-json\/wp\/v2\/types\/page"}],"author":[{"embeddable":true,"href":"https:\/\/bor.hu\/en\/wp-json\/wp\/v2\/users\/3"}],"replies":[{"embeddable":true,"href":"https:\/\/bor.hu\/en\/wp-json\/wp\/v2\/comments?post=10963"}],"version-history":[{"count":1,"href":"https:\/\/bor.hu\/en\/wp-json\/wp\/v2\/pages\/10963\/revisions"}],"predecessor-version":[{"id":10964,"href":"https:\/\/bor.hu\/en\/wp-json\/wp\/v2\/pages\/10963\/revisions\/10964"}],"up":[{"embeddable":true,"href":"https:\/\/bor.hu\/en\/wp-json\/wp\/v2\/pages\/6712"}],"wp:attachment":[{"href":"https:\/\/bor.hu\/en\/wp-json\/wp\/v2\/media?parent=10963"}],"curies":[{"name":"wp","href":"https:\/\/api.w.org\/{rel}","templated":true}]}}