{"id":11030,"date":"2026-03-24T13:19:20","date_gmt":"2026-03-24T12:19:20","guid":{"rendered":"https:\/\/bor.hu\/events\/7th-hungarikum-picnic-in-eger\/"},"modified":"2026-03-24T13:19:49","modified_gmt":"2026-03-24T12:19:49","slug":"7th-hungarikum-picnic-in-eger","status":"publish","type":"page","link":"https:\/\/bor.hu\/en\/events\/7th-hungarikum-picnic-in-eger\/","title":{"rendered":"7th Hungarikum Picnic in Eger"},"content":{"rendered":"\n<section class=\"section__breadcrumbs\">\n    <div class=\"container\">\n        <div class=\"row\">\n            <div class=\"col-12 px-xl-5\">\n                <div class=\"breadcrumbs__wrapper d-xl-flex d-none\">\n                                            <div class=\"breadcrumb__item parent\">\n                            <a href=\"https:\/\/bor.hu\/en\/events\/\" class=\"body-2\">\n                                Events                            <\/a>\n                        <\/div>\n                        <img decoding=\"async\" src=\"https:\/\/bor.hu\/wp-content\/themes\/wp-theme-bor\/assets\/images\/icons\/chevron-grey.svg\" alt=\"\">\n                    \n                                            <div class=\"breadcrumb__item current\">\n                            <p class=\"body-2\">7th Hungarikum Picnic in Eger<\/p>\n                        <\/div>\n                                    <\/div>\n\n                <div class=\"breadcrumbs__wrapper__responsive d-xl-none d-block\">\n                                            <a href=\"https:\/\/bor.hu\/en\/events\/\" class=\"body-2\">\n                            <img decoding=\"async\" src=\"https:\/\/bor.hu\/wp-content\/themes\/wp-theme-bor\/assets\/images\/icons\/chevron-grey.svg\" alt=\"\">\n                            Events                        <\/a>\n                                    <\/div>\n            <\/div>\n        <\/div>\n    <\/div>\n<\/section>\n\n<section class=\"section__events-hero\">\n    <div class=\"container\">\n        <div class=\"row\">\n            <div class=\"col-xl-4 col-12 my-auto\">\n                <div class=\"events-hero__meta\">\n                    \n                                            <p class=\"badge\">Egri Wine District<\/p>\n                                    <\/div>\n\n                                    <h3>7th Hungarikum Picnic in Eger<\/h3>\n                \n                                    <div class=\"date__wrapper\">\n                        <p>2026. \u00e1prilis 04.<\/p>\n\n                                                    <span> &#8211; <\/span>\n                            <p>2026. \u00e1prilis 05.<\/p>\n                                            <\/div>\n                \n                <div class=\"social__wrapper\">\n                    <div class=\"social-share__wrapper \">\n    <a href=\"https:\/\/www.facebook.com\/sharer\/sharer.php?u=https:\/\/bor.hu\/en\/events\/7th-hungarikum-picnic-in-eger\/\" target=\"_blank\">\n        <img decoding=\"async\" src=\"https:\/\/bor.hu\/wp-content\/themes\/wp-theme-bor\/assets\/images\/icons\/facebook.svg\" alt=\"\">\n    <\/a>\n\n    <a href=\"http:\/\/twitter.com\/share?url=https:\/\/bor.hu\/en\/events\/7th-hungarikum-picnic-in-eger\/\" target=\"_blank\">\n        <img decoding=\"async\" src=\"https:\/\/bor.hu\/wp-content\/themes\/wp-theme-bor\/assets\/images\/icons\/x.svg\" alt=\"\">\n    <\/a>\n\n    <img decoding=\"async\" src=\"https:\/\/bor.hu\/wp-content\/themes\/wp-theme-bor\/assets\/images\/icons\/copy.svg\" alt=\"\" class=\"js-copy-link cursor-pointer\" data-copy=\"https:\/\/bor.hu\/en\/events\/7th-hungarikum-picnic-in-eger\/\">\n<\/div>\n\n                                            <a class=\"btn add-to-calendar\" href=\"https:\/\/calendar.google.com\/calendar\/render?action=TEMPLATE&#038;text=7th+Hungarikum+Picnic+in+Eger&#038;dates=20260404\/20260405&#038;details=Egri+Bikav%C3%A9r+Hungarikum+is+hosting+the+country%E2%80%99s+renowned+gastronomic+Hungarikums.&#038;location=Eger%2C+Sz%C3%A9passzony+Valley&#038;trp=false&#038;ctz=Europe\/Budapest&#038;sprop=website:https%3A%2F%2Fbor.hu%2Fen%2Fevents%2F7th-hungarikum-picnic-in-eger%2F&#038;sprop=name:Magyar+Bor\" target=\"_blank\" rel=\"noopener noreferrer\">\n                            <div class=\"icon__wrapper\">\n                                <img decoding=\"async\" src=\"https:\/\/bor.hu\/wp-content\/themes\/wp-theme-bor\/assets\/images\/icons\/calendar-add.svg\" alt=\"\">\n                            <\/div>\n                            Add to calendar                        <\/a>\n                                    <\/div>\n            <\/div>\n\n            <div class=\"offset-xl-1 col-xl-6\">\n                                    <div class=\"image__wrapper\">\n                        <img decoding=\"async\" src=\"https:\/\/bor.hu\/wp-content\/uploads\/2026\/03\/VII.-Hungarikum-Piknik-Eger.jpg\" alt=\"VII. Hungarikum Piknik Eger\" class=\"ofi-cover-center-center\">\n                    <\/div>\n                            <\/div>\n        <\/div>\n    <\/div>\n<\/section>\n\n\n<div style=\"height:48px\" aria-hidden=\"true\" class=\"wp-block-spacer\"><\/div>\n\n\n<div class=\"container static-content\"  ><div class=\"row justify-content-center \"><div class=\" col-xl-4\">\n<div class=\"events__information-box\">\n            <div class=\"events__information-box__inner\">\n            <img decoding=\"async\" src=\"https:\/\/bor.hu\/wp-content\/themes\/wp-theme-bor\/assets\/images\/icons\/map-pin-icon.svg\" alt=\"\">\n\n            <div class=\"text__wrapper\">\n                                    <p>Eger<\/p>\n                \n                                    <a class=\"text__wrapper__link\" href=\"https:\/\/www.google.com\/maps?q=Eger, Sz\u00e9passzony Valley\">Eger, Sz\u00e9passzony Valley<\/a>\n                            <\/div>\n        <\/div>\n    \n            <div class=\"events__information-box__inner has-chevron\">\n            <img decoding=\"async\" src=\"https:\/\/bor.hu\/wp-content\/themes\/wp-theme-bor\/assets\/images\/icons\/facebook-secondary.svg\" alt=\"\">\n            <a href=\"https:\/\/www.facebook.com\/events\/2103101620477710\" target=\"_blank\">\n                Facebook event                <img decoding=\"async\" src=\"https:\/\/bor.hu\/wp-content\/themes\/wp-theme-bor\/assets\/images\/icons\/chevron-grey.svg\" alt=\"\">\n            <\/a>\n        <\/div>\n    \n            <div class=\"events__information-box__inner has-chevron\">\n            <img decoding=\"async\" src=\"https:\/\/bor.hu\/wp-content\/themes\/wp-theme-bor\/assets\/images\/icons\/globe-secondary.svg\" alt=\"\">\n            <a href=\"https:\/\/visiteger.com\/programok\/zene\/7-hungarikum-piknik\" target=\"_blank\">\n                Open website                <img decoding=\"async\" src=\"https:\/\/bor.hu\/wp-content\/themes\/wp-theme-bor\/assets\/images\/icons\/chevron-grey.svg\" alt=\"\">\n            <\/a>\n        <\/div>\n    \n            <div class=\"events__information-box__inner\">\n            <img decoding=\"async\" src=\"https:\/\/bor.hu\/wp-content\/themes\/wp-theme-bor\/assets\/images\/icons\/information.svg\" alt=\"\">\n            <p>April 4, 2026, 10:00 a.m. \u2013 April 5, 7:00 p.m.<\/p>\n        <\/div>\n    \n    <\/div>\n\n<\/div><div class=\"offset-xl-1 me-auto text-wrapper col-xl-6\">\n<div style=\"height:16px\" aria-hidden=\"true\" class=\"wp-block-spacer d-xl-none d-block\"><\/div>\n\n<p>The Egri Bikav\u00e9r Hungarikum welcomes the country\u2019s renowned gastronomic Hungarikums to<br>Hungary\u2019s largest and most unique historic wine-growing region, the Sz\u00e9passzony Valley. The event<br>showcases cultural, wine, and gastronomic treasures that embody the pinnacle of Hungarian<br>excellence, as well as artisanal specialties.<\/p>\n\n<p>HUNGARIKUM WINE TOUR:<br>On this guided wine tour, you\u2019ll visit various wineries to discover the diversity of Egri Bikav\u00e9r and<br>other exceptional wines from Eger, accompanied by experts.<br>Tour dates: April 4, 2026, at 3:00 PM, 3:30 PM, and 4:00 PM<\/p>\n<ul class=\"content-list ordered decimal\">\n<li>Farsang Cellars \u2013 K\u00e9kfrankos 2023<\/li>\n\n<li>Bolyki &#8211; Bolyki &amp; Bolyki Superior Egri Bikav\u00e9r 2022<\/li>\n\n<li>T\u00f3th Ferenc Cellars \u2013 Egri Bikav\u00e9r Superior 2022<\/li>\n\n<li>Juh\u00e1sz Testv\u00e9rek Cellars \u2013 Egri Bikav\u00e9r Superior Pr\u00e9mium Selection 2022<\/li>\n\n<li>Ostoros BorZB\u00e1r \u2013 Solt\u00e9sz Pajados Superior Egri Bikav\u00e9r 2021<\/li>\n\n<li>Nap-V\u00f6lgy Winery \u2013 B\u00e9kess\u00e9g Egri Bikav\u00e9r Superior 2021<\/li>\n\n<li>Demeter Wine Bar \u2013 Egri Bikav\u00e9r Selection 2020<\/li>\n\n<li>Petr\u00e9ny Winery \u2013 MERIDIAN &#8211; Egri Bikav\u00e9r 2020<\/li>\n\n<li>Sike Cellars \u2013 Egri Bikav\u00e9r Superior 2018<\/li>\n\n<li>Besenyei Wine House \u2013 Egri Bikav\u00e9r Superior 2017<\/li>\n<\/ul><\/div><\/div><\/div>\n\n\n<div style=\"height:120px\" aria-hidden=\"true\" class=\"wp-block-spacer\"><\/div>\n","protected":false},"excerpt":{"rendered":"<p>The Egri Bikav\u00e9r Hungarikum welcomes the country\u2019s renowned gastronomic Hungarikums toHungary\u2019s largest and most unique historic wine-growing region, the Sz\u00e9passzony Valley. The eventshowcases cultural, wine, and gastronomic treasures that embody the pinnacle of Hungarianexcellence, as well as artisanal specialties. HUNGARIKUM WINE TOUR:On this guided wine tour, you\u2019ll visit various wineries to discover the diversity of [&hellip;]<\/p>\n","protected":false},"author":3,"featured_media":0,"parent":6712,"menu_order":0,"comment_status":"closed","ping_status":"closed","template":"","meta":{"_acf_changed":false,"footnotes":""},"class_list":["post-11030","page","type-page","status-publish","hentry"],"acf":[],"yoast_head":"<!-- This site is optimized with the Yoast SEO plugin v26.3 - https:\/\/yoast.com\/wordpress\/plugins\/seo\/ -->\n<title>7th Hungarikum Picnic in Eger - Magyar Bor<\/title>\n<meta name=\"robots\" content=\"index, follow, max-snippet:-1, max-image-preview:large, max-video-preview:-1\" \/>\n<link rel=\"canonical\" href=\"https:\/\/bor.hu\/en\/events\/7th-hungarikum-picnic-in-eger\/\" \/>\n<meta property=\"og:locale\" content=\"en_US\" \/>\n<meta property=\"og:type\" content=\"article\" \/>\n<meta property=\"og:title\" content=\"7th Hungarikum Picnic in Eger - Magyar Bor\" \/>\n<meta property=\"og:description\" content=\"The Egri Bikav\u00e9r Hungarikum welcomes the country\u2019s renowned gastronomic Hungarikums toHungary\u2019s largest and most unique historic wine-growing region, the Sz\u00e9passzony Valley. The eventshowcases cultural, wine, and gastronomic treasures that embody the pinnacle of Hungarianexcellence, as well as artisanal specialties. HUNGARIKUM WINE TOUR:On this guided wine tour, you\u2019ll visit various wineries to discover the diversity of [&hellip;]\" \/>\n<meta property=\"og:url\" content=\"https:\/\/bor.hu\/en\/events\/7th-hungarikum-picnic-in-eger\/\" \/>\n<meta property=\"og:site_name\" content=\"Magyar Bor\" \/>\n<meta property=\"article:publisher\" content=\"https:\/\/www.facebook.com\/magyarborfacebook\/\" \/>\n<meta property=\"article:modified_time\" content=\"2026-03-24T12:19:49+00:00\" \/>\n<meta property=\"og:image\" content=\"https:\/\/bor.hu\/wp-content\/uploads\/2025\/11\/mb_logo-05.png\" \/>\n\t<meta property=\"og:image:width\" content=\"979\" \/>\n\t<meta property=\"og:image:height\" content=\"979\" \/>\n\t<meta property=\"og:image:type\" content=\"image\/png\" \/>\n<meta name=\"twitter:card\" content=\"summary_large_image\" \/>\n<meta name=\"twitter:label1\" content=\"Est. reading time\" \/>\n\t<meta name=\"twitter:data1\" content=\"1 minute\" \/>\n<script type=\"application\/ld+json\" class=\"yoast-schema-graph\">{\"@context\":\"https:\/\/schema.org\",\"@graph\":[{\"@type\":\"WebPage\",\"@id\":\"https:\/\/bor.hu\/en\/events\/7th-hungarikum-picnic-in-eger\/\",\"url\":\"https:\/\/bor.hu\/en\/events\/7th-hungarikum-picnic-in-eger\/\",\"name\":\"7th Hungarikum Picnic in Eger - Magyar Bor\",\"isPartOf\":{\"@id\":\"https:\/\/bor.hu\/en\/#website\"},\"datePublished\":\"2026-03-24T12:19:20+00:00\",\"dateModified\":\"2026-03-24T12:19:49+00:00\",\"breadcrumb\":{\"@id\":\"https:\/\/bor.hu\/en\/events\/7th-hungarikum-picnic-in-eger\/#breadcrumb\"},\"inLanguage\":\"en-US\",\"potentialAction\":[{\"@type\":\"ReadAction\",\"target\":[\"https:\/\/bor.hu\/en\/events\/7th-hungarikum-picnic-in-eger\/\"]}]},{\"@type\":\"BreadcrumbList\",\"@id\":\"https:\/\/bor.hu\/en\/events\/7th-hungarikum-picnic-in-eger\/#breadcrumb\",\"itemListElement\":[{\"@type\":\"ListItem\",\"position\":1,\"name\":\"Kezd\u0151lap\",\"item\":\"https:\/\/bor.hu\/en\/\"},{\"@type\":\"ListItem\",\"position\":2,\"name\":\"Events\",\"item\":\"https:\/\/bor.hu\/en\/events\/\"},{\"@type\":\"ListItem\",\"position\":3,\"name\":\"7th Hungarikum Picnic in Eger\"}]},{\"@type\":\"WebSite\",\"@id\":\"https:\/\/bor.hu\/en\/#website\",\"url\":\"https:\/\/bor.hu\/en\/\",\"name\":\"Magyar Bor\",\"description\":\"\",\"publisher\":{\"@id\":\"https:\/\/bor.hu\/en\/#organization\"},\"potentialAction\":[{\"@type\":\"SearchAction\",\"target\":{\"@type\":\"EntryPoint\",\"urlTemplate\":\"https:\/\/bor.hu\/en\/?s={search_term_string}\"},\"query-input\":{\"@type\":\"PropertyValueSpecification\",\"valueRequired\":true,\"valueName\":\"search_term_string\"}}],\"inLanguage\":\"en-US\"},{\"@type\":\"Organization\",\"@id\":\"https:\/\/bor.hu\/en\/#organization\",\"name\":\"Magyar Bor\",\"url\":\"https:\/\/bor.hu\/en\/\",\"logo\":{\"@type\":\"ImageObject\",\"inLanguage\":\"en-US\",\"@id\":\"https:\/\/bor.hu\/en\/#\/schema\/logo\/image\/\",\"url\":\"https:\/\/bor.hu\/wp-content\/uploads\/2025\/11\/mb_logo-05.png\",\"contentUrl\":\"https:\/\/bor.hu\/wp-content\/uploads\/2025\/11\/mb_logo-05.png\",\"width\":979,\"height\":979,\"caption\":\"Magyar Bor\"},\"image\":{\"@id\":\"https:\/\/bor.hu\/en\/#\/schema\/logo\/image\/\"},\"sameAs\":[\"https:\/\/www.facebook.com\/magyarborfacebook\/\",\"https:\/\/www.instagram.com\/magyarbor\/\",\"https:\/\/www.linkedin.com\/company\/winesofhungary\/\"]}]}<\/script>\n<!-- \/ Yoast SEO plugin. -->","yoast_head_json":{"title":"7th Hungarikum Picnic in Eger - Magyar Bor","robots":{"index":"index","follow":"follow","max-snippet":"max-snippet:-1","max-image-preview":"max-image-preview:large","max-video-preview":"max-video-preview:-1"},"canonical":"https:\/\/bor.hu\/en\/events\/7th-hungarikum-picnic-in-eger\/","og_locale":"en_US","og_type":"article","og_title":"7th Hungarikum Picnic in Eger - Magyar Bor","og_description":"The Egri Bikav\u00e9r Hungarikum welcomes the country\u2019s renowned gastronomic Hungarikums toHungary\u2019s largest and most unique historic wine-growing region, the Sz\u00e9passzony Valley. The eventshowcases cultural, wine, and gastronomic treasures that embody the pinnacle of Hungarianexcellence, as well as artisanal specialties. HUNGARIKUM WINE TOUR:On this guided wine tour, you\u2019ll visit various wineries to discover the diversity of [&hellip;]","og_url":"https:\/\/bor.hu\/en\/events\/7th-hungarikum-picnic-in-eger\/","og_site_name":"Magyar Bor","article_publisher":"https:\/\/www.facebook.com\/magyarborfacebook\/","article_modified_time":"2026-03-24T12:19:49+00:00","og_image":[{"width":979,"height":979,"url":"https:\/\/bor.hu\/wp-content\/uploads\/2025\/11\/mb_logo-05.png","type":"image\/png"}],"twitter_card":"summary_large_image","twitter_misc":{"Est. reading time":"1 minute"},"schema":{"@context":"https:\/\/schema.org","@graph":[{"@type":"WebPage","@id":"https:\/\/bor.hu\/en\/events\/7th-hungarikum-picnic-in-eger\/","url":"https:\/\/bor.hu\/en\/events\/7th-hungarikum-picnic-in-eger\/","name":"7th Hungarikum Picnic in Eger - Magyar Bor","isPartOf":{"@id":"https:\/\/bor.hu\/en\/#website"},"datePublished":"2026-03-24T12:19:20+00:00","dateModified":"2026-03-24T12:19:49+00:00","breadcrumb":{"@id":"https:\/\/bor.hu\/en\/events\/7th-hungarikum-picnic-in-eger\/#breadcrumb"},"inLanguage":"en-US","potentialAction":[{"@type":"ReadAction","target":["https:\/\/bor.hu\/en\/events\/7th-hungarikum-picnic-in-eger\/"]}]},{"@type":"BreadcrumbList","@id":"https:\/\/bor.hu\/en\/events\/7th-hungarikum-picnic-in-eger\/#breadcrumb","itemListElement":[{"@type":"ListItem","position":1,"name":"Kezd\u0151lap","item":"https:\/\/bor.hu\/en\/"},{"@type":"ListItem","position":2,"name":"Events","item":"https:\/\/bor.hu\/en\/events\/"},{"@type":"ListItem","position":3,"name":"7th Hungarikum Picnic in Eger"}]},{"@type":"WebSite","@id":"https:\/\/bor.hu\/en\/#website","url":"https:\/\/bor.hu\/en\/","name":"Magyar Bor","description":"","publisher":{"@id":"https:\/\/bor.hu\/en\/#organization"},"potentialAction":[{"@type":"SearchAction","target":{"@type":"EntryPoint","urlTemplate":"https:\/\/bor.hu\/en\/?s={search_term_string}"},"query-input":{"@type":"PropertyValueSpecification","valueRequired":true,"valueName":"search_term_string"}}],"inLanguage":"en-US"},{"@type":"Organization","@id":"https:\/\/bor.hu\/en\/#organization","name":"Magyar Bor","url":"https:\/\/bor.hu\/en\/","logo":{"@type":"ImageObject","inLanguage":"en-US","@id":"https:\/\/bor.hu\/en\/#\/schema\/logo\/image\/","url":"https:\/\/bor.hu\/wp-content\/uploads\/2025\/11\/mb_logo-05.png","contentUrl":"https:\/\/bor.hu\/wp-content\/uploads\/2025\/11\/mb_logo-05.png","width":979,"height":979,"caption":"Magyar Bor"},"image":{"@id":"https:\/\/bor.hu\/en\/#\/schema\/logo\/image\/"},"sameAs":["https:\/\/www.facebook.com\/magyarborfacebook\/","https:\/\/www.instagram.com\/magyarbor\/","https:\/\/www.linkedin.com\/company\/winesofhungary\/"]}]}},"_links":{"self":[{"href":"https:\/\/bor.hu\/en\/wp-json\/wp\/v2\/pages\/11030","targetHints":{"allow":["GET"]}}],"collection":[{"href":"https:\/\/bor.hu\/en\/wp-json\/wp\/v2\/pages"}],"about":[{"href":"https:\/\/bor.hu\/en\/wp-json\/wp\/v2\/types\/page"}],"author":[{"embeddable":true,"href":"https:\/\/bor.hu\/en\/wp-json\/wp\/v2\/users\/3"}],"replies":[{"embeddable":true,"href":"https:\/\/bor.hu\/en\/wp-json\/wp\/v2\/comments?post=11030"}],"version-history":[{"count":1,"href":"https:\/\/bor.hu\/en\/wp-json\/wp\/v2\/pages\/11030\/revisions"}],"predecessor-version":[{"id":11031,"href":"https:\/\/bor.hu\/en\/wp-json\/wp\/v2\/pages\/11030\/revisions\/11031"}],"up":[{"embeddable":true,"href":"https:\/\/bor.hu\/en\/wp-json\/wp\/v2\/pages\/6712"}],"wp:attachment":[{"href":"https:\/\/bor.hu\/en\/wp-json\/wp\/v2\/media?parent=11030"}],"curies":[{"name":"wp","href":"https:\/\/api.w.org\/{rel}","templated":true}]}}