{"id":11033,"date":"2026-03-24T13:21:35","date_gmt":"2026-03-24T12:21:35","guid":{"rendered":"https:\/\/bor.hu\/events\/bunny-sitting-in-the-valley-easter-with-the-winemakers-of-ivan-valley\/"},"modified":"2026-03-24T13:21:56","modified_gmt":"2026-03-24T12:21:56","slug":"bunny-sitting-in-the-valley-easter-with-the-winemakers-of-ivan-valley","status":"publish","type":"page","link":"https:\/\/bor.hu\/en\/events\/bunny-sitting-in-the-valley-easter-with-the-winemakers-of-ivan-valley\/","title":{"rendered":"Bunny Sitting in the Valley &#8211; Easter with the Winemakers of Iv\u00e1n Valley"},"content":{"rendered":"\n<section class=\"section__breadcrumbs\">\n    <div class=\"container\">\n        <div class=\"row\">\n            <div class=\"col-12 px-xl-5\">\n                <div class=\"breadcrumbs__wrapper d-xl-flex d-none\">\n                                            <div class=\"breadcrumb__item parent\">\n                            <a href=\"https:\/\/bor.hu\/en\/events\/\" class=\"body-2\">\n                                Events                            <\/a>\n                        <\/div>\n                        <img decoding=\"async\" src=\"https:\/\/bor.hu\/wp-content\/themes\/wp-theme-bor\/assets\/images\/icons\/chevron-grey.svg\" alt=\"\">\n                    \n                                            <div class=\"breadcrumb__item current\">\n                            <p class=\"body-2\">Bunny Sitting in the Valley &#8211; Easter with the Winemakers of Iv\u00e1n Valley<\/p>\n                        <\/div>\n                                    <\/div>\n\n                <div class=\"breadcrumbs__wrapper__responsive d-xl-none d-block\">\n                                            <a href=\"https:\/\/bor.hu\/en\/events\/\" class=\"body-2\">\n                            <img decoding=\"async\" src=\"https:\/\/bor.hu\/wp-content\/themes\/wp-theme-bor\/assets\/images\/icons\/chevron-grey.svg\" alt=\"\">\n                            Events                        <\/a>\n                                    <\/div>\n            <\/div>\n        <\/div>\n    <\/div>\n<\/section>\n\n<section class=\"section__events-hero\">\n    <div class=\"container\">\n        <div class=\"row\">\n            <div class=\"col-xl-4 col-12 my-auto\">\n                <div class=\"events-hero__meta\">\n                    \n                                    <\/div>\n\n                                    <h3>Bunny Sitting in the Valley &#8211; Easter with the Winemakers of Iv\u00e1n Valley<\/h3>\n                \n                                    <div class=\"date__wrapper\">\n                        <p>2026. \u00e1prilis 04.<\/p>\n\n                                            <\/div>\n                \n                <div class=\"social__wrapper\">\n                    <div class=\"social-share__wrapper \">\n    <a href=\"https:\/\/www.facebook.com\/sharer\/sharer.php?u=https:\/\/bor.hu\/en\/events\/bunny-sitting-in-the-valley-easter-with-the-winemakers-of-ivan-valley\/\" target=\"_blank\">\n        <img decoding=\"async\" src=\"https:\/\/bor.hu\/wp-content\/themes\/wp-theme-bor\/assets\/images\/icons\/facebook.svg\" alt=\"\">\n    <\/a>\n\n    <a href=\"http:\/\/twitter.com\/share?url=https:\/\/bor.hu\/en\/events\/bunny-sitting-in-the-valley-easter-with-the-winemakers-of-ivan-valley\/\" target=\"_blank\">\n        <img decoding=\"async\" src=\"https:\/\/bor.hu\/wp-content\/themes\/wp-theme-bor\/assets\/images\/icons\/x.svg\" alt=\"\">\n    <\/a>\n\n    <img decoding=\"async\" src=\"https:\/\/bor.hu\/wp-content\/themes\/wp-theme-bor\/assets\/images\/icons\/copy.svg\" alt=\"\" class=\"js-copy-link cursor-pointer\" data-copy=\"https:\/\/bor.hu\/en\/events\/bunny-sitting-in-the-valley-easter-with-the-winemakers-of-ivan-valley\/\">\n<\/div>\n\n                                            <a class=\"btn add-to-calendar\" href=\"https:\/\/calendar.google.com\/calendar\/render?action=TEMPLATE&#038;text=Bunny+Sitting+in+the+Valley+-+Easter+with+the+Winemakers+of+Iv%C3%A1n+Valley&#038;dates=20260404\/20260404&#038;details=A+great+family+outing+this+Easter+with+the+winemakers+of+Iv%C3%A1n+Valley+in+Szeksz%C3%A1rd.&#038;location=Iv%C3%A1n+Valley+wineries&#038;trp=false&#038;ctz=Europe\/Budapest&#038;sprop=website:https%3A%2F%2Fbor.hu%2Fen%2Fevents%2Fbunny-sitting-in-the-valley-easter-with-the-winemakers-of-ivan-valley%2F&#038;sprop=name:Magyar+Bor\" target=\"_blank\" rel=\"noopener noreferrer\">\n                            <div class=\"icon__wrapper\">\n                                <img decoding=\"async\" src=\"https:\/\/bor.hu\/wp-content\/themes\/wp-theme-bor\/assets\/images\/icons\/calendar-add.svg\" alt=\"\">\n                            <\/div>\n                            Add to calendar                        <\/a>\n                                    <\/div>\n            <\/div>\n\n            <div class=\"offset-xl-1 col-xl-6\">\n                                    <div class=\"image__wrapper\">\n                        <img decoding=\"async\" src=\"https:\/\/bor.hu\/wp-content\/uploads\/2026\/03\/Nyuszi-ul-a-volgyben-Husvet-az-Ivan-volgyi-boraszokkal.jpg\" alt=\"Nyuszi \u00fcl a v\u00f6lgyben &#8211; H\u00fasv\u00e9t az Iv\u00e1n-v\u00f6lgyi bor\u00e1szokkal\" class=\"ofi-cover-center-center\">\n                    <\/div>\n                            <\/div>\n        <\/div>\n    <\/div>\n<\/section>\n\n\n<div style=\"height:48px\" aria-hidden=\"true\" class=\"wp-block-spacer\"><\/div>\n\n\n<div class=\"container static-content\"  ><div class=\"row justify-content-center \"><div class=\" col-xl-4\">\n<div class=\"events__information-box\">\n            <div class=\"events__information-box__inner\">\n            <img decoding=\"async\" src=\"https:\/\/bor.hu\/wp-content\/themes\/wp-theme-bor\/assets\/images\/icons\/map-pin-icon.svg\" alt=\"\">\n\n            <div class=\"text__wrapper\">\n                                    <p>Szeksz\u00e1rd<\/p>\n                \n                                    <a class=\"text__wrapper__link\" href=\"https:\/\/www.google.com\/maps?q=Iv\u00e1n Valley wineries\">Iv\u00e1n Valley wineries<\/a>\n                            <\/div>\n        <\/div>\n    \n            <div class=\"events__information-box__inner has-chevron\">\n            <img decoding=\"async\" src=\"https:\/\/bor.hu\/wp-content\/themes\/wp-theme-bor\/assets\/images\/icons\/facebook-secondary.svg\" alt=\"\">\n            <a href=\"https:\/\/www.facebook.com\/events\/1574252640472960\/\" target=\"_blank\">\n                Facebook event                <img decoding=\"async\" src=\"https:\/\/bor.hu\/wp-content\/themes\/wp-theme-bor\/assets\/images\/icons\/chevron-grey.svg\" alt=\"\">\n            <\/a>\n        <\/div>\n    \n            <div class=\"events__information-box__inner has-chevron\">\n            <img decoding=\"async\" src=\"https:\/\/bor.hu\/wp-content\/themes\/wp-theme-bor\/assets\/images\/icons\/globe-secondary.svg\" alt=\"\">\n            <a href=\"https:\/\/www.facebook.com\/ivanvolgy\" target=\"_blank\">\n                Open website                <img decoding=\"async\" src=\"https:\/\/bor.hu\/wp-content\/themes\/wp-theme-bor\/assets\/images\/icons\/chevron-grey.svg\" alt=\"\">\n            <\/a>\n        <\/div>\n    \n            <div class=\"events__information-box__inner\">\n            <img decoding=\"async\" src=\"https:\/\/bor.hu\/wp-content\/themes\/wp-theme-bor\/assets\/images\/icons\/information.svg\" alt=\"\">\n            <p>13:00 \u2013 20:00<\/p>\n        <\/div>\n    \n    <\/div>\n\n<\/div><div class=\"offset-xl-1 me-auto text-wrapper col-xl-6\">\n<div style=\"height:16px\" aria-hidden=\"true\" class=\"wp-block-spacer d-xl-none d-block\"><\/div>\n\n<p>Enjoy the outdoors in a warm, family-friendly atmosphere, with all the beauty of the Easter season<br>coming to life: fresh air, spring scenery, and a brief escape from the hustle and bustle of the city. It\u2019s<br>the perfect choice for a weekend getaway, whether with friends or family.<br>Participating wineries:<br>Heimann Family Estate<br>N\u00e9meth J\u00e1nos Winery<br>Sebesty\u00e9n Winery<br>T\u00fcske Winery<br>Vida Estate<\/p>\n<\/div><\/div><\/div>\n\n\n<div style=\"height:120px\" aria-hidden=\"true\" class=\"wp-block-spacer\"><\/div>\n","protected":false},"excerpt":{"rendered":"<p>Enjoy the outdoors in a warm, family-friendly atmosphere, with all the beauty of the Easter seasoncoming to life: fresh air, spring scenery, and a brief escape from the hustle and bustle of the city. It\u2019sthe perfect choice for a weekend getaway, whether with friends or family.Participating wineries:Heimann Family EstateN\u00e9meth J\u00e1nos WinerySebesty\u00e9n WineryT\u00fcske WineryVida Estate<\/p>\n","protected":false},"author":3,"featured_media":0,"parent":6712,"menu_order":0,"comment_status":"closed","ping_status":"closed","template":"","meta":{"_acf_changed":false,"footnotes":""},"class_list":["post-11033","page","type-page","status-publish","hentry"],"acf":[],"yoast_head":"<!-- This site is optimized with the Yoast SEO plugin v26.3 - https:\/\/yoast.com\/wordpress\/plugins\/seo\/ -->\n<title>Bunny Sitting in the Valley - Easter with the Winemakers of Iv\u00e1n Valley - Magyar Bor<\/title>\n<meta name=\"robots\" content=\"index, follow, max-snippet:-1, max-image-preview:large, max-video-preview:-1\" \/>\n<link rel=\"canonical\" href=\"https:\/\/bor.hu\/en\/events\/bunny-sitting-in-the-valley-easter-with-the-winemakers-of-ivan-valley\/\" \/>\n<meta property=\"og:locale\" content=\"en_US\" \/>\n<meta property=\"og:type\" content=\"article\" \/>\n<meta property=\"og:title\" content=\"Bunny Sitting in the Valley - Easter with the Winemakers of Iv\u00e1n Valley - Magyar Bor\" \/>\n<meta property=\"og:description\" content=\"Enjoy the outdoors in a warm, family-friendly atmosphere, with all the beauty of the Easter seasoncoming to life: fresh air, spring scenery, and a brief escape from the hustle and bustle of the city. It\u2019sthe perfect choice for a weekend getaway, whether with friends or family.Participating wineries:Heimann Family EstateN\u00e9meth J\u00e1nos WinerySebesty\u00e9n WineryT\u00fcske WineryVida Estate\" \/>\n<meta property=\"og:url\" content=\"https:\/\/bor.hu\/en\/events\/bunny-sitting-in-the-valley-easter-with-the-winemakers-of-ivan-valley\/\" \/>\n<meta property=\"og:site_name\" content=\"Magyar Bor\" \/>\n<meta property=\"article:publisher\" content=\"https:\/\/www.facebook.com\/magyarborfacebook\/\" \/>\n<meta property=\"article:modified_time\" content=\"2026-03-24T12:21:56+00:00\" \/>\n<meta property=\"og:image\" content=\"https:\/\/bor.hu\/wp-content\/uploads\/2025\/11\/mb_logo-05.png\" \/>\n\t<meta property=\"og:image:width\" content=\"979\" \/>\n\t<meta property=\"og:image:height\" content=\"979\" \/>\n\t<meta property=\"og:image:type\" content=\"image\/png\" \/>\n<meta name=\"twitter:card\" content=\"summary_large_image\" \/>\n<meta name=\"twitter:label1\" content=\"Est. reading time\" \/>\n\t<meta name=\"twitter:data1\" content=\"1 minute\" \/>\n<script type=\"application\/ld+json\" class=\"yoast-schema-graph\">{\"@context\":\"https:\/\/schema.org\",\"@graph\":[{\"@type\":\"WebPage\",\"@id\":\"https:\/\/bor.hu\/en\/events\/bunny-sitting-in-the-valley-easter-with-the-winemakers-of-ivan-valley\/\",\"url\":\"https:\/\/bor.hu\/en\/events\/bunny-sitting-in-the-valley-easter-with-the-winemakers-of-ivan-valley\/\",\"name\":\"Bunny Sitting in the Valley - Easter with the Winemakers of Iv\u00e1n Valley - Magyar Bor\",\"isPartOf\":{\"@id\":\"https:\/\/bor.hu\/en\/#website\"},\"datePublished\":\"2026-03-24T12:21:35+00:00\",\"dateModified\":\"2026-03-24T12:21:56+00:00\",\"breadcrumb\":{\"@id\":\"https:\/\/bor.hu\/en\/events\/bunny-sitting-in-the-valley-easter-with-the-winemakers-of-ivan-valley\/#breadcrumb\"},\"inLanguage\":\"en-US\",\"potentialAction\":[{\"@type\":\"ReadAction\",\"target\":[\"https:\/\/bor.hu\/en\/events\/bunny-sitting-in-the-valley-easter-with-the-winemakers-of-ivan-valley\/\"]}]},{\"@type\":\"BreadcrumbList\",\"@id\":\"https:\/\/bor.hu\/en\/events\/bunny-sitting-in-the-valley-easter-with-the-winemakers-of-ivan-valley\/#breadcrumb\",\"itemListElement\":[{\"@type\":\"ListItem\",\"position\":1,\"name\":\"Kezd\u0151lap\",\"item\":\"https:\/\/bor.hu\/en\/\"},{\"@type\":\"ListItem\",\"position\":2,\"name\":\"Events\",\"item\":\"https:\/\/bor.hu\/en\/events\/\"},{\"@type\":\"ListItem\",\"position\":3,\"name\":\"Bunny Sitting in the Valley &#8211; Easter with the Winemakers of Iv\u00e1n Valley\"}]},{\"@type\":\"WebSite\",\"@id\":\"https:\/\/bor.hu\/en\/#website\",\"url\":\"https:\/\/bor.hu\/en\/\",\"name\":\"Magyar Bor\",\"description\":\"\",\"publisher\":{\"@id\":\"https:\/\/bor.hu\/en\/#organization\"},\"potentialAction\":[{\"@type\":\"SearchAction\",\"target\":{\"@type\":\"EntryPoint\",\"urlTemplate\":\"https:\/\/bor.hu\/en\/?s={search_term_string}\"},\"query-input\":{\"@type\":\"PropertyValueSpecification\",\"valueRequired\":true,\"valueName\":\"search_term_string\"}}],\"inLanguage\":\"en-US\"},{\"@type\":\"Organization\",\"@id\":\"https:\/\/bor.hu\/en\/#organization\",\"name\":\"Magyar Bor\",\"url\":\"https:\/\/bor.hu\/en\/\",\"logo\":{\"@type\":\"ImageObject\",\"inLanguage\":\"en-US\",\"@id\":\"https:\/\/bor.hu\/en\/#\/schema\/logo\/image\/\",\"url\":\"https:\/\/bor.hu\/wp-content\/uploads\/2025\/11\/mb_logo-05.png\",\"contentUrl\":\"https:\/\/bor.hu\/wp-content\/uploads\/2025\/11\/mb_logo-05.png\",\"width\":979,\"height\":979,\"caption\":\"Magyar Bor\"},\"image\":{\"@id\":\"https:\/\/bor.hu\/en\/#\/schema\/logo\/image\/\"},\"sameAs\":[\"https:\/\/www.facebook.com\/magyarborfacebook\/\",\"https:\/\/www.instagram.com\/magyarbor\/\",\"https:\/\/www.linkedin.com\/company\/winesofhungary\/\"]}]}<\/script>\n<!-- \/ Yoast SEO plugin. -->","yoast_head_json":{"title":"Bunny Sitting in the Valley - Easter with the Winemakers of Iv\u00e1n Valley - Magyar Bor","robots":{"index":"index","follow":"follow","max-snippet":"max-snippet:-1","max-image-preview":"max-image-preview:large","max-video-preview":"max-video-preview:-1"},"canonical":"https:\/\/bor.hu\/en\/events\/bunny-sitting-in-the-valley-easter-with-the-winemakers-of-ivan-valley\/","og_locale":"en_US","og_type":"article","og_title":"Bunny Sitting in the Valley - Easter with the Winemakers of Iv\u00e1n Valley - Magyar Bor","og_description":"Enjoy the outdoors in a warm, family-friendly atmosphere, with all the beauty of the Easter seasoncoming to life: fresh air, spring scenery, and a brief escape from the hustle and bustle of the city. It\u2019sthe perfect choice for a weekend getaway, whether with friends or family.Participating wineries:Heimann Family EstateN\u00e9meth J\u00e1nos WinerySebesty\u00e9n WineryT\u00fcske WineryVida Estate","og_url":"https:\/\/bor.hu\/en\/events\/bunny-sitting-in-the-valley-easter-with-the-winemakers-of-ivan-valley\/","og_site_name":"Magyar Bor","article_publisher":"https:\/\/www.facebook.com\/magyarborfacebook\/","article_modified_time":"2026-03-24T12:21:56+00:00","og_image":[{"width":979,"height":979,"url":"https:\/\/bor.hu\/wp-content\/uploads\/2025\/11\/mb_logo-05.png","type":"image\/png"}],"twitter_card":"summary_large_image","twitter_misc":{"Est. reading time":"1 minute"},"schema":{"@context":"https:\/\/schema.org","@graph":[{"@type":"WebPage","@id":"https:\/\/bor.hu\/en\/events\/bunny-sitting-in-the-valley-easter-with-the-winemakers-of-ivan-valley\/","url":"https:\/\/bor.hu\/en\/events\/bunny-sitting-in-the-valley-easter-with-the-winemakers-of-ivan-valley\/","name":"Bunny Sitting in the Valley - Easter with the Winemakers of Iv\u00e1n Valley - Magyar Bor","isPartOf":{"@id":"https:\/\/bor.hu\/en\/#website"},"datePublished":"2026-03-24T12:21:35+00:00","dateModified":"2026-03-24T12:21:56+00:00","breadcrumb":{"@id":"https:\/\/bor.hu\/en\/events\/bunny-sitting-in-the-valley-easter-with-the-winemakers-of-ivan-valley\/#breadcrumb"},"inLanguage":"en-US","potentialAction":[{"@type":"ReadAction","target":["https:\/\/bor.hu\/en\/events\/bunny-sitting-in-the-valley-easter-with-the-winemakers-of-ivan-valley\/"]}]},{"@type":"BreadcrumbList","@id":"https:\/\/bor.hu\/en\/events\/bunny-sitting-in-the-valley-easter-with-the-winemakers-of-ivan-valley\/#breadcrumb","itemListElement":[{"@type":"ListItem","position":1,"name":"Kezd\u0151lap","item":"https:\/\/bor.hu\/en\/"},{"@type":"ListItem","position":2,"name":"Events","item":"https:\/\/bor.hu\/en\/events\/"},{"@type":"ListItem","position":3,"name":"Bunny Sitting in the Valley &#8211; Easter with the Winemakers of Iv\u00e1n Valley"}]},{"@type":"WebSite","@id":"https:\/\/bor.hu\/en\/#website","url":"https:\/\/bor.hu\/en\/","name":"Magyar Bor","description":"","publisher":{"@id":"https:\/\/bor.hu\/en\/#organization"},"potentialAction":[{"@type":"SearchAction","target":{"@type":"EntryPoint","urlTemplate":"https:\/\/bor.hu\/en\/?s={search_term_string}"},"query-input":{"@type":"PropertyValueSpecification","valueRequired":true,"valueName":"search_term_string"}}],"inLanguage":"en-US"},{"@type":"Organization","@id":"https:\/\/bor.hu\/en\/#organization","name":"Magyar Bor","url":"https:\/\/bor.hu\/en\/","logo":{"@type":"ImageObject","inLanguage":"en-US","@id":"https:\/\/bor.hu\/en\/#\/schema\/logo\/image\/","url":"https:\/\/bor.hu\/wp-content\/uploads\/2025\/11\/mb_logo-05.png","contentUrl":"https:\/\/bor.hu\/wp-content\/uploads\/2025\/11\/mb_logo-05.png","width":979,"height":979,"caption":"Magyar Bor"},"image":{"@id":"https:\/\/bor.hu\/en\/#\/schema\/logo\/image\/"},"sameAs":["https:\/\/www.facebook.com\/magyarborfacebook\/","https:\/\/www.instagram.com\/magyarbor\/","https:\/\/www.linkedin.com\/company\/winesofhungary\/"]}]}},"_links":{"self":[{"href":"https:\/\/bor.hu\/en\/wp-json\/wp\/v2\/pages\/11033","targetHints":{"allow":["GET"]}}],"collection":[{"href":"https:\/\/bor.hu\/en\/wp-json\/wp\/v2\/pages"}],"about":[{"href":"https:\/\/bor.hu\/en\/wp-json\/wp\/v2\/types\/page"}],"author":[{"embeddable":true,"href":"https:\/\/bor.hu\/en\/wp-json\/wp\/v2\/users\/3"}],"replies":[{"embeddable":true,"href":"https:\/\/bor.hu\/en\/wp-json\/wp\/v2\/comments?post=11033"}],"version-history":[{"count":1,"href":"https:\/\/bor.hu\/en\/wp-json\/wp\/v2\/pages\/11033\/revisions"}],"predecessor-version":[{"id":11034,"href":"https:\/\/bor.hu\/en\/wp-json\/wp\/v2\/pages\/11033\/revisions\/11034"}],"up":[{"embeddable":true,"href":"https:\/\/bor.hu\/en\/wp-json\/wp\/v2\/pages\/6712"}],"wp:attachment":[{"href":"https:\/\/bor.hu\/en\/wp-json\/wp\/v2\/media?parent=11033"}],"curies":[{"name":"wp","href":"https:\/\/api.w.org\/{rel}","templated":true}]}}