{"id":11182,"date":"2026-03-30T13:08:17","date_gmt":"2026-03-30T11:08:17","guid":{"rendered":"https:\/\/bor.hu\/events\/2nd-semmelweis-wine-wandering\/"},"modified":"2026-03-30T13:08:37","modified_gmt":"2026-03-30T11:08:37","slug":"2nd-semmelweis-wine-wandering","status":"publish","type":"page","link":"https:\/\/bor.hu\/en\/events\/2nd-semmelweis-wine-wandering\/","title":{"rendered":"2nd Semmelweis Wine Wandering"},"content":{"rendered":"\n<section class=\"section__breadcrumbs\">\n    <div class=\"container\">\n        <div class=\"row\">\n            <div class=\"col-12 px-xl-5\">\n                <div class=\"breadcrumbs__wrapper d-xl-flex d-none\">\n                                            <div class=\"breadcrumb__item parent\">\n                            <a href=\"https:\/\/bor.hu\/en\/events\/\" class=\"body-2\">\n                                Events                            <\/a>\n                        <\/div>\n                        <img decoding=\"async\" src=\"https:\/\/bor.hu\/wp-content\/themes\/wp-theme-bor\/assets\/images\/icons\/chevron-grey.svg\" alt=\"\">\n                    \n                                            <div class=\"breadcrumb__item current\">\n                            <p class=\"body-2\">2nd Semmelweis Wine Wandering<\/p>\n                        <\/div>\n                                    <\/div>\n\n                <div class=\"breadcrumbs__wrapper__responsive d-xl-none d-block\">\n                                            <a href=\"https:\/\/bor.hu\/en\/events\/\" class=\"body-2\">\n                            <img decoding=\"async\" src=\"https:\/\/bor.hu\/wp-content\/themes\/wp-theme-bor\/assets\/images\/icons\/chevron-grey.svg\" alt=\"\">\n                            Events                        <\/a>\n                                    <\/div>\n            <\/div>\n        <\/div>\n    <\/div>\n<\/section>\n\n<section class=\"section__events-hero\">\n    <div class=\"container\">\n        <div class=\"row\">\n            <div class=\"col-xl-4 col-12 my-auto\">\n                <div class=\"events-hero__meta\">\n                    \n                                    <\/div>\n\n                                    <h3>2nd Semmelweis Wine Wandering<\/h3>\n                \n                                    <div class=\"date__wrapper\">\n                        <p>2026. \u00e1prilis 17.<\/p>\n\n                                            <\/div>\n                \n                <div class=\"social__wrapper\">\n                    <div class=\"social-share__wrapper \">\n    <a href=\"https:\/\/www.facebook.com\/sharer\/sharer.php?u=https:\/\/bor.hu\/en\/events\/2nd-semmelweis-wine-wandering\/\" target=\"_blank\">\n        <img decoding=\"async\" src=\"https:\/\/bor.hu\/wp-content\/themes\/wp-theme-bor\/assets\/images\/icons\/facebook.svg\" alt=\"\">\n    <\/a>\n\n    <a href=\"http:\/\/twitter.com\/share?url=https:\/\/bor.hu\/en\/events\/2nd-semmelweis-wine-wandering\/\" target=\"_blank\">\n        <img decoding=\"async\" src=\"https:\/\/bor.hu\/wp-content\/themes\/wp-theme-bor\/assets\/images\/icons\/x.svg\" alt=\"\">\n    <\/a>\n\n    <img decoding=\"async\" src=\"https:\/\/bor.hu\/wp-content\/themes\/wp-theme-bor\/assets\/images\/icons\/copy.svg\" alt=\"\" class=\"js-copy-link cursor-pointer\" data-copy=\"https:\/\/bor.hu\/en\/events\/2nd-semmelweis-wine-wandering\/\">\n<\/div>\n\n                                            <a class=\"btn add-to-calendar\" href=\"https:\/\/calendar.google.com\/calendar\/render?action=TEMPLATE&#038;text=2nd+Semmelweis+Wine+Wandering&#038;dates=20260417\/20260417&#038;details=Semmelweis+Wine+Wandering+%E2%80%93+An+Introduction+to+the+World+of+Wine%21&#038;location=Semmelweis+University+%E2%80%93+Nagyv%C3%A1rad+Square+Theoretical+Building%2C+1089+Budapest%2C+4+Nagyv%C3%A1rad+Square&#038;trp=false&#038;ctz=Europe\/Budapest&#038;sprop=website:https%3A%2F%2Fbor.hu%2Fen%2Fevents%2F2nd-semmelweis-wine-wandering%2F&#038;sprop=name:Magyar+Bor\" target=\"_blank\" rel=\"noopener noreferrer\">\n                            <div class=\"icon__wrapper\">\n                                <img decoding=\"async\" src=\"https:\/\/bor.hu\/wp-content\/themes\/wp-theme-bor\/assets\/images\/icons\/calendar-add.svg\" alt=\"\">\n                            <\/div>\n                            Add to calendar                        <\/a>\n                                    <\/div>\n            <\/div>\n\n            <div class=\"offset-xl-1 col-xl-6\">\n                                    <div class=\"image__wrapper\">\n                        <img decoding=\"async\" src=\"https:\/\/bor.hu\/wp-content\/uploads\/2026\/03\/II.-Semmelweis-Borongolo.jpg\" alt=\"II. Semmelweis Borongol\u00f3\" class=\"ofi-cover-center-center\">\n                    <\/div>\n                            <\/div>\n        <\/div>\n    <\/div>\n<\/section>\n\n\n<div style=\"height:48px\" aria-hidden=\"true\" class=\"wp-block-spacer\"><\/div>\n\n\n<div class=\"container static-content\"  ><div class=\"row justify-content-center \"><div class=\" col-xl-4\">\n<div class=\"events__information-box\">\n            <div class=\"events__information-box__inner\">\n            <img decoding=\"async\" src=\"https:\/\/bor.hu\/wp-content\/themes\/wp-theme-bor\/assets\/images\/icons\/map-pin-icon.svg\" alt=\"\">\n\n            <div class=\"text__wrapper\">\n                                    <p>Budapest<\/p>\n                \n                                    <a class=\"text__wrapper__link\" href=\"https:\/\/www.google.com\/maps?q=Semmelweis University \u2013 Nagyv\u00e1rad Square Theoretical Building, 1089 Budapest, 4 Nagyv\u00e1rad Square\">Semmelweis University \u2013 Nagyv\u00e1rad Square Theoretical Building, 1089 Budapest, 4 Nagyv\u00e1rad Square<\/a>\n                            <\/div>\n        <\/div>\n    \n            <div class=\"events__information-box__inner has-chevron\">\n            <img decoding=\"async\" src=\"https:\/\/bor.hu\/wp-content\/themes\/wp-theme-bor\/assets\/images\/icons\/facebook-secondary.svg\" alt=\"\">\n            <a href=\"https:\/\/www.facebook.com\/events\/849946227645799\" target=\"_blank\">\n                Facebook event                <img decoding=\"async\" src=\"https:\/\/bor.hu\/wp-content\/themes\/wp-theme-bor\/assets\/images\/icons\/chevron-grey.svg\" alt=\"\">\n            <\/a>\n        <\/div>\n    \n    \n            <div class=\"events__information-box__inner\">\n            <img decoding=\"async\" src=\"https:\/\/bor.hu\/wp-content\/themes\/wp-theme-bor\/assets\/images\/icons\/information.svg\" alt=\"\">\n            <p>16:00 \u2013 20:00<\/p>\n        <\/div>\n    \n    <\/div>\n\n<\/div><div class=\"offset-xl-1 me-auto text-wrapper col-xl-6\">\n<div style=\"height:16px\" aria-hidden=\"true\" class=\"wp-block-spacer d-xl-none d-block\"><\/div>\n\n<p>Would you like to explore the world of Hungary\u2019s finest wines and most exciting wine regions?<br>Then the Semmelweis Wine Wandering event is the place for you. Wonderful wines, great company,<br>and a fantastic atmosphere &#8211; it would be a shame to miss it!<br>List of participating wineries:<\/p>\n\n<p>BJB Lago Winery, Gr\u00f3f Degenfeld Vineyards, R\u00e1bai Katalin Winery, Tokaj Art Wine, Katona Wine<br>House, 21 Hord\u00f3 Winery, Hars\u00e1nyi Cellars, Dubicz Winery, Pannonhalma Archabbey Winery,<br>Rustica Wine Workshop, Bakos cellars Csob\u00e1nc-hegy, SanzonTokaj Winery, TELEKI, Werner Cellars,<br>Selection Wine &amp; Caf\u00e9, Veszpr\u00e9m Abbey Cellars<br>Winemakers of the Junibor Association:<br>P\u00e1lma Koch, P\u00e9ter Frittamann, Ferenc Bujdos\u00f3, Tam\u00e1s D\u00fazsi, Tibor G\u00e1l, L\u00e1szl\u00f3 Babiczki, \u00c1kos<br>Vabrik, Viktor Zeleni, Csaba G\u00e1l, G\u00e1bor Fodor, Bence Laposa<\/p>\n<\/div><\/div><\/div>\n\n\n<div style=\"height:120px\" aria-hidden=\"true\" class=\"wp-block-spacer\"><\/div>\n","protected":false},"excerpt":{"rendered":"<p>Would you like to explore the world of Hungary\u2019s finest wines and most exciting wine regions?Then the Semmelweis Wine Wandering event is the place for you. Wonderful wines, great company,and a fantastic atmosphere &#8211; it would be a shame to miss it!List of participating wineries: BJB Lago Winery, Gr\u00f3f Degenfeld Vineyards, R\u00e1bai Katalin Winery, Tokaj [&hellip;]<\/p>\n","protected":false},"author":3,"featured_media":0,"parent":6712,"menu_order":0,"comment_status":"closed","ping_status":"closed","template":"","meta":{"_acf_changed":false,"footnotes":""},"class_list":["post-11182","page","type-page","status-publish","hentry"],"acf":[],"yoast_head":"<!-- This site is optimized with the Yoast SEO plugin v26.3 - https:\/\/yoast.com\/wordpress\/plugins\/seo\/ -->\n<title>2nd Semmelweis Wine Wandering - Magyar Bor<\/title>\n<meta name=\"robots\" content=\"index, follow, max-snippet:-1, max-image-preview:large, max-video-preview:-1\" \/>\n<link rel=\"canonical\" href=\"https:\/\/bor.hu\/en\/events\/2nd-semmelweis-wine-wandering\/\" \/>\n<meta property=\"og:locale\" content=\"en_US\" \/>\n<meta property=\"og:type\" content=\"article\" \/>\n<meta property=\"og:title\" content=\"2nd Semmelweis Wine Wandering - Magyar Bor\" \/>\n<meta property=\"og:description\" content=\"Would you like to explore the world of Hungary\u2019s finest wines and most exciting wine regions?Then the Semmelweis Wine Wandering event is the place for you. Wonderful wines, great company,and a fantastic atmosphere &#8211; it would be a shame to miss it!List of participating wineries: BJB Lago Winery, Gr\u00f3f Degenfeld Vineyards, R\u00e1bai Katalin Winery, Tokaj [&hellip;]\" \/>\n<meta property=\"og:url\" content=\"https:\/\/bor.hu\/en\/events\/2nd-semmelweis-wine-wandering\/\" \/>\n<meta property=\"og:site_name\" content=\"Magyar Bor\" \/>\n<meta property=\"article:publisher\" content=\"https:\/\/www.facebook.com\/magyarborfacebook\/\" \/>\n<meta property=\"article:modified_time\" content=\"2026-03-30T11:08:37+00:00\" \/>\n<meta property=\"og:image\" content=\"https:\/\/bor.hu\/wp-content\/uploads\/2025\/11\/mb_logo-05.png\" \/>\n\t<meta property=\"og:image:width\" content=\"979\" \/>\n\t<meta property=\"og:image:height\" content=\"979\" \/>\n\t<meta property=\"og:image:type\" content=\"image\/png\" \/>\n<meta name=\"twitter:card\" content=\"summary_large_image\" \/>\n<meta name=\"twitter:label1\" content=\"Est. reading time\" \/>\n\t<meta name=\"twitter:data1\" content=\"1 minute\" \/>\n<script type=\"application\/ld+json\" class=\"yoast-schema-graph\">{\"@context\":\"https:\/\/schema.org\",\"@graph\":[{\"@type\":\"WebPage\",\"@id\":\"https:\/\/bor.hu\/en\/events\/2nd-semmelweis-wine-wandering\/\",\"url\":\"https:\/\/bor.hu\/en\/events\/2nd-semmelweis-wine-wandering\/\",\"name\":\"2nd Semmelweis Wine Wandering - Magyar Bor\",\"isPartOf\":{\"@id\":\"https:\/\/bor.hu\/en\/#website\"},\"datePublished\":\"2026-03-30T11:08:17+00:00\",\"dateModified\":\"2026-03-30T11:08:37+00:00\",\"breadcrumb\":{\"@id\":\"https:\/\/bor.hu\/en\/events\/2nd-semmelweis-wine-wandering\/#breadcrumb\"},\"inLanguage\":\"en-US\",\"potentialAction\":[{\"@type\":\"ReadAction\",\"target\":[\"https:\/\/bor.hu\/en\/events\/2nd-semmelweis-wine-wandering\/\"]}]},{\"@type\":\"BreadcrumbList\",\"@id\":\"https:\/\/bor.hu\/en\/events\/2nd-semmelweis-wine-wandering\/#breadcrumb\",\"itemListElement\":[{\"@type\":\"ListItem\",\"position\":1,\"name\":\"Kezd\u0151lap\",\"item\":\"https:\/\/bor.hu\/en\/\"},{\"@type\":\"ListItem\",\"position\":2,\"name\":\"Events\",\"item\":\"https:\/\/bor.hu\/en\/events\/\"},{\"@type\":\"ListItem\",\"position\":3,\"name\":\"2nd Semmelweis Wine Wandering\"}]},{\"@type\":\"WebSite\",\"@id\":\"https:\/\/bor.hu\/en\/#website\",\"url\":\"https:\/\/bor.hu\/en\/\",\"name\":\"Magyar Bor\",\"description\":\"\",\"publisher\":{\"@id\":\"https:\/\/bor.hu\/en\/#organization\"},\"potentialAction\":[{\"@type\":\"SearchAction\",\"target\":{\"@type\":\"EntryPoint\",\"urlTemplate\":\"https:\/\/bor.hu\/en\/?s={search_term_string}\"},\"query-input\":{\"@type\":\"PropertyValueSpecification\",\"valueRequired\":true,\"valueName\":\"search_term_string\"}}],\"inLanguage\":\"en-US\"},{\"@type\":\"Organization\",\"@id\":\"https:\/\/bor.hu\/en\/#organization\",\"name\":\"Magyar Bor\",\"url\":\"https:\/\/bor.hu\/en\/\",\"logo\":{\"@type\":\"ImageObject\",\"inLanguage\":\"en-US\",\"@id\":\"https:\/\/bor.hu\/en\/#\/schema\/logo\/image\/\",\"url\":\"https:\/\/bor.hu\/wp-content\/uploads\/2025\/11\/mb_logo-05.png\",\"contentUrl\":\"https:\/\/bor.hu\/wp-content\/uploads\/2025\/11\/mb_logo-05.png\",\"width\":979,\"height\":979,\"caption\":\"Magyar Bor\"},\"image\":{\"@id\":\"https:\/\/bor.hu\/en\/#\/schema\/logo\/image\/\"},\"sameAs\":[\"https:\/\/www.facebook.com\/magyarborfacebook\/\",\"https:\/\/www.instagram.com\/magyarbor\/\",\"https:\/\/www.linkedin.com\/company\/winesofhungary\/\"]}]}<\/script>\n<!-- \/ Yoast SEO plugin. -->","yoast_head_json":{"title":"2nd Semmelweis Wine Wandering - Magyar Bor","robots":{"index":"index","follow":"follow","max-snippet":"max-snippet:-1","max-image-preview":"max-image-preview:large","max-video-preview":"max-video-preview:-1"},"canonical":"https:\/\/bor.hu\/en\/events\/2nd-semmelweis-wine-wandering\/","og_locale":"en_US","og_type":"article","og_title":"2nd Semmelweis Wine Wandering - Magyar Bor","og_description":"Would you like to explore the world of Hungary\u2019s finest wines and most exciting wine regions?Then the Semmelweis Wine Wandering event is the place for you. Wonderful wines, great company,and a fantastic atmosphere &#8211; it would be a shame to miss it!List of participating wineries: BJB Lago Winery, Gr\u00f3f Degenfeld Vineyards, R\u00e1bai Katalin Winery, Tokaj [&hellip;]","og_url":"https:\/\/bor.hu\/en\/events\/2nd-semmelweis-wine-wandering\/","og_site_name":"Magyar Bor","article_publisher":"https:\/\/www.facebook.com\/magyarborfacebook\/","article_modified_time":"2026-03-30T11:08:37+00:00","og_image":[{"width":979,"height":979,"url":"https:\/\/bor.hu\/wp-content\/uploads\/2025\/11\/mb_logo-05.png","type":"image\/png"}],"twitter_card":"summary_large_image","twitter_misc":{"Est. reading time":"1 minute"},"schema":{"@context":"https:\/\/schema.org","@graph":[{"@type":"WebPage","@id":"https:\/\/bor.hu\/en\/events\/2nd-semmelweis-wine-wandering\/","url":"https:\/\/bor.hu\/en\/events\/2nd-semmelweis-wine-wandering\/","name":"2nd Semmelweis Wine Wandering - Magyar Bor","isPartOf":{"@id":"https:\/\/bor.hu\/en\/#website"},"datePublished":"2026-03-30T11:08:17+00:00","dateModified":"2026-03-30T11:08:37+00:00","breadcrumb":{"@id":"https:\/\/bor.hu\/en\/events\/2nd-semmelweis-wine-wandering\/#breadcrumb"},"inLanguage":"en-US","potentialAction":[{"@type":"ReadAction","target":["https:\/\/bor.hu\/en\/events\/2nd-semmelweis-wine-wandering\/"]}]},{"@type":"BreadcrumbList","@id":"https:\/\/bor.hu\/en\/events\/2nd-semmelweis-wine-wandering\/#breadcrumb","itemListElement":[{"@type":"ListItem","position":1,"name":"Kezd\u0151lap","item":"https:\/\/bor.hu\/en\/"},{"@type":"ListItem","position":2,"name":"Events","item":"https:\/\/bor.hu\/en\/events\/"},{"@type":"ListItem","position":3,"name":"2nd Semmelweis Wine Wandering"}]},{"@type":"WebSite","@id":"https:\/\/bor.hu\/en\/#website","url":"https:\/\/bor.hu\/en\/","name":"Magyar Bor","description":"","publisher":{"@id":"https:\/\/bor.hu\/en\/#organization"},"potentialAction":[{"@type":"SearchAction","target":{"@type":"EntryPoint","urlTemplate":"https:\/\/bor.hu\/en\/?s={search_term_string}"},"query-input":{"@type":"PropertyValueSpecification","valueRequired":true,"valueName":"search_term_string"}}],"inLanguage":"en-US"},{"@type":"Organization","@id":"https:\/\/bor.hu\/en\/#organization","name":"Magyar Bor","url":"https:\/\/bor.hu\/en\/","logo":{"@type":"ImageObject","inLanguage":"en-US","@id":"https:\/\/bor.hu\/en\/#\/schema\/logo\/image\/","url":"https:\/\/bor.hu\/wp-content\/uploads\/2025\/11\/mb_logo-05.png","contentUrl":"https:\/\/bor.hu\/wp-content\/uploads\/2025\/11\/mb_logo-05.png","width":979,"height":979,"caption":"Magyar Bor"},"image":{"@id":"https:\/\/bor.hu\/en\/#\/schema\/logo\/image\/"},"sameAs":["https:\/\/www.facebook.com\/magyarborfacebook\/","https:\/\/www.instagram.com\/magyarbor\/","https:\/\/www.linkedin.com\/company\/winesofhungary\/"]}]}},"_links":{"self":[{"href":"https:\/\/bor.hu\/en\/wp-json\/wp\/v2\/pages\/11182","targetHints":{"allow":["GET"]}}],"collection":[{"href":"https:\/\/bor.hu\/en\/wp-json\/wp\/v2\/pages"}],"about":[{"href":"https:\/\/bor.hu\/en\/wp-json\/wp\/v2\/types\/page"}],"author":[{"embeddable":true,"href":"https:\/\/bor.hu\/en\/wp-json\/wp\/v2\/users\/3"}],"replies":[{"embeddable":true,"href":"https:\/\/bor.hu\/en\/wp-json\/wp\/v2\/comments?post=11182"}],"version-history":[{"count":1,"href":"https:\/\/bor.hu\/en\/wp-json\/wp\/v2\/pages\/11182\/revisions"}],"predecessor-version":[{"id":11183,"href":"https:\/\/bor.hu\/en\/wp-json\/wp\/v2\/pages\/11182\/revisions\/11183"}],"up":[{"embeddable":true,"href":"https:\/\/bor.hu\/en\/wp-json\/wp\/v2\/pages\/6712"}],"wp:attachment":[{"href":"https:\/\/bor.hu\/en\/wp-json\/wp\/v2\/media?parent=11182"}],"curies":[{"name":"wp","href":"https:\/\/api.w.org\/{rel}","templated":true}]}}