{"id":11226,"date":"2026-04-07T13:23:21","date_gmt":"2026-04-07T11:23:21","guid":{"rendered":"https:\/\/bor.hu\/events\/ancient-hungarian-grape-varieties-grand-tasting\/"},"modified":"2026-04-07T13:23:41","modified_gmt":"2026-04-07T11:23:41","slug":"ancient-hungarian-grape-varieties-grand-tasting","status":"publish","type":"page","link":"https:\/\/bor.hu\/en\/events\/ancient-hungarian-grape-varieties-grand-tasting\/","title":{"rendered":"Ancient Hungarian Grape Varieties &#8211; Grand Tasting"},"content":{"rendered":"\n<section class=\"section__breadcrumbs\">\n    <div class=\"container\">\n        <div class=\"row\">\n            <div class=\"col-12 px-xl-5\">\n                <div class=\"breadcrumbs__wrapper d-xl-flex d-none\">\n                                            <div class=\"breadcrumb__item parent\">\n                            <a href=\"https:\/\/bor.hu\/en\/events\/\" class=\"body-2\">\n                                Events                            <\/a>\n                        <\/div>\n                        <img decoding=\"async\" src=\"https:\/\/bor.hu\/wp-content\/themes\/wp-theme-bor\/assets\/images\/icons\/chevron-grey.svg\" alt=\"\">\n                    \n                                            <div class=\"breadcrumb__item current\">\n                            <p class=\"body-2\">Ancient Hungarian Grape Varieties &#8211; Grand Tasting<\/p>\n                        <\/div>\n                                    <\/div>\n\n                <div class=\"breadcrumbs__wrapper__responsive d-xl-none d-block\">\n                                            <a href=\"https:\/\/bor.hu\/en\/events\/\" class=\"body-2\">\n                            <img decoding=\"async\" src=\"https:\/\/bor.hu\/wp-content\/themes\/wp-theme-bor\/assets\/images\/icons\/chevron-grey.svg\" alt=\"\">\n                            Events                        <\/a>\n                                    <\/div>\n            <\/div>\n        <\/div>\n    <\/div>\n<\/section>\n\n<section class=\"section__events-hero\">\n    <div class=\"container\">\n        <div class=\"row\">\n            <div class=\"col-xl-4 col-12 my-auto\">\n                <div class=\"events-hero__meta\">\n                    \n                                    <\/div>\n\n                                    <h3>Ancient Hungarian Grape Varieties &#8211; Grand Tasting<\/h3>\n                \n                                    <div class=\"date__wrapper\">\n                        <p>2026. \u00e1prilis 23.<\/p>\n\n                                            <\/div>\n                \n                <div class=\"social__wrapper\">\n                    <div class=\"social-share__wrapper \">\n    <a href=\"https:\/\/www.facebook.com\/sharer\/sharer.php?u=https:\/\/bor.hu\/en\/events\/ancient-hungarian-grape-varieties-grand-tasting\/\" target=\"_blank\">\n        <img decoding=\"async\" src=\"https:\/\/bor.hu\/wp-content\/themes\/wp-theme-bor\/assets\/images\/icons\/facebook.svg\" alt=\"\">\n    <\/a>\n\n    <a href=\"http:\/\/twitter.com\/share?url=https:\/\/bor.hu\/en\/events\/ancient-hungarian-grape-varieties-grand-tasting\/\" target=\"_blank\">\n        <img decoding=\"async\" src=\"https:\/\/bor.hu\/wp-content\/themes\/wp-theme-bor\/assets\/images\/icons\/x.svg\" alt=\"\">\n    <\/a>\n\n    <img decoding=\"async\" src=\"https:\/\/bor.hu\/wp-content\/themes\/wp-theme-bor\/assets\/images\/icons\/copy.svg\" alt=\"\" class=\"js-copy-link cursor-pointer\" data-copy=\"https:\/\/bor.hu\/en\/events\/ancient-hungarian-grape-varieties-grand-tasting\/\">\n<\/div>\n\n                                            <a class=\"btn add-to-calendar\" href=\"https:\/\/calendar.google.com\/calendar\/render?action=TEMPLATE&#038;text=Ancient+Hungarian+Grape+Varieties+-+Grand+Tasting&#038;dates=20260423\/20260423&#038;details=Ancient+Hungarian+grape+varieties+that+had+practically+become+extinct+are+now+being+revived%0D%0Aby+an+increasing+number+of+winemakers.&#038;location=Ancient+Hungarian+Grape+Varieties+-+Grand+Tasting&#038;trp=false&#038;ctz=Europe\/Budapest&#038;sprop=website:https%3A%2F%2Fbor.hu%2Fen%2Fevents%2Fancient-hungarian-grape-varieties-grand-tasting%2F&#038;sprop=name:Magyar+Bor\" target=\"_blank\" rel=\"noopener noreferrer\">\n                            <div class=\"icon__wrapper\">\n                                <img decoding=\"async\" src=\"https:\/\/bor.hu\/wp-content\/themes\/wp-theme-bor\/assets\/images\/icons\/calendar-add.svg\" alt=\"\">\n                            <\/div>\n                            Add to calendar                        <\/a>\n                                    <\/div>\n            <\/div>\n\n            <div class=\"offset-xl-1 col-xl-6\">\n                                    <div class=\"image__wrapper\">\n                        <img decoding=\"async\" src=\"https:\/\/bor.hu\/wp-content\/uploads\/2026\/04\/Regi-magyar-szolofajtak-Nagykostolo.jpg\" alt=\"R\u00e9gi magyar sz\u0151l\u0151fajt\u00e1k &#8211; Nagyk\u00f3stol\u00f3\" class=\"ofi-cover-center-center\">\n                    <\/div>\n                            <\/div>\n        <\/div>\n    <\/div>\n<\/section>\n\n\n<div style=\"height:48px\" aria-hidden=\"true\" class=\"wp-block-spacer\"><\/div>\n\n\n<div class=\"container static-content\"  ><div class=\"row justify-content-center \"><div class=\" col-xl-4\">\n<div class=\"events__information-box\">\n            <div class=\"events__information-box__inner\">\n            <img decoding=\"async\" src=\"https:\/\/bor.hu\/wp-content\/themes\/wp-theme-bor\/assets\/images\/icons\/map-pin-icon.svg\" alt=\"\">\n\n            <div class=\"text__wrapper\">\n                                    <p>Budapest<\/p>\n                \n                                    <a class=\"text__wrapper__link\" href=\"https:\/\/www.google.com\/maps?q=Ancient Hungarian Grape Varieties - Grand Tasting\">Ancient Hungarian Grape Varieties &#8211; Grand Tasting<\/a>\n                            <\/div>\n        <\/div>\n    \n            <div class=\"events__information-box__inner has-chevron\">\n            <img decoding=\"async\" src=\"https:\/\/bor.hu\/wp-content\/themes\/wp-theme-bor\/assets\/images\/icons\/facebook-secondary.svg\" alt=\"\">\n            <a href=\"https:\/\/www.facebook.com\/events\/1603754010745811\" target=\"_blank\">\n                Facebook event                <img decoding=\"async\" src=\"https:\/\/bor.hu\/wp-content\/themes\/wp-theme-bor\/assets\/images\/icons\/chevron-grey.svg\" alt=\"\">\n            <\/a>\n        <\/div>\n    \n            <div class=\"events__information-box__inner has-chevron\">\n            <img decoding=\"async\" src=\"https:\/\/bor.hu\/wp-content\/themes\/wp-theme-bor\/assets\/images\/icons\/globe-secondary.svg\" alt=\"\">\n            <a href=\"https:\/\/www.facebook.com\/profile.php?id=61572798047640\" target=\"_blank\">\n                Open website                <img decoding=\"async\" src=\"https:\/\/bor.hu\/wp-content\/themes\/wp-theme-bor\/assets\/images\/icons\/chevron-grey.svg\" alt=\"\">\n            <\/a>\n        <\/div>\n    \n            <div class=\"events__information-box__inner\">\n            <img decoding=\"async\" src=\"https:\/\/bor.hu\/wp-content\/themes\/wp-theme-bor\/assets\/images\/icons\/information.svg\" alt=\"\">\n            <p>17:00 \u2013 21:00<\/p>\n        <\/div>\n    \n    <\/div>\n\n<\/div><div class=\"offset-xl-1 me-auto text-wrapper col-xl-6\">\n<div style=\"height:16px\" aria-hidden=\"true\" class=\"wp-block-spacer d-xl-none d-block\"><\/div>\n\n<p>This year marks the second edition of the Grand Tasting, where more than 20 winemakers will<br>showcase their wines. It\u2019s worth comparing how the terroir affects each variety and the different<br>types of wine produced in various regions, such as Cs\u00f3ka and Laska, as well as sampling wines<br>made from rare varieties found in only one or two vineyards.<br>Feel free to ask the winemakers questions; they\u2019re happy to share their experiences, the joys and<br>challenges they face farming these exciting varieties.<br>Those who will definitely be there: 2HA Vineyards and Winery, Apr\u00f3Kertek, Aranys\u00f6rte Artisan<br>Winery, Bussay Winery, Centurio, Egy bolond h\u00e1rmat csin\u00e1l Wine Manufactory, B\u00e1lint F\u00f6ldi,<br>Hegymente Vineyard, ITT \u00e9s MOST Winery, K\u00e9kajt\u00f3 Winery and Vineyards, Kisbaka Family Winery,<br>Tam\u00e1s Kov\u00e1cs, Medvebor Winery, Skrabski Winery, Soml\u00f3 Kincse Artisanal Small Winery, S\u00e1ndor<br>Zsolt Organic Vineyards and Winery, Sz\u00e1szi Estate, Szentesi Winery, TA Tak\u00e1cs Estate, Vad\u00e1szv\u00f6lgy<br>Estate\u2026 the list is constantly growing!<\/p>\n<\/div><\/div><\/div>\n\n\n<div style=\"height:120px\" aria-hidden=\"true\" class=\"wp-block-spacer\"><\/div>\n","protected":false},"excerpt":{"rendered":"<p>This year marks the second edition of the Grand Tasting, where more than 20 winemakers willshowcase their wines. It\u2019s worth comparing how the terroir affects each variety and the differenttypes of wine produced in various regions, such as Cs\u00f3ka and Laska, as well as sampling winesmade from rare varieties found in only one or two [&hellip;]<\/p>\n","protected":false},"author":3,"featured_media":0,"parent":6712,"menu_order":0,"comment_status":"closed","ping_status":"closed","template":"","meta":{"_acf_changed":false,"footnotes":""},"class_list":["post-11226","page","type-page","status-publish","hentry"],"acf":[],"yoast_head":"<!-- This site is optimized with the Yoast SEO plugin v26.3 - https:\/\/yoast.com\/wordpress\/plugins\/seo\/ -->\n<title>Ancient Hungarian Grape Varieties - Grand Tasting - Magyar Bor<\/title>\n<meta name=\"robots\" content=\"index, follow, max-snippet:-1, max-image-preview:large, max-video-preview:-1\" \/>\n<link rel=\"canonical\" href=\"https:\/\/bor.hu\/en\/events\/ancient-hungarian-grape-varieties-grand-tasting\/\" \/>\n<meta property=\"og:locale\" content=\"en_US\" \/>\n<meta property=\"og:type\" content=\"article\" \/>\n<meta property=\"og:title\" content=\"Ancient Hungarian Grape Varieties - Grand Tasting - Magyar Bor\" \/>\n<meta property=\"og:description\" content=\"This year marks the second edition of the Grand Tasting, where more than 20 winemakers willshowcase their wines. It\u2019s worth comparing how the terroir affects each variety and the differenttypes of wine produced in various regions, such as Cs\u00f3ka and Laska, as well as sampling winesmade from rare varieties found in only one or two [&hellip;]\" \/>\n<meta property=\"og:url\" content=\"https:\/\/bor.hu\/en\/events\/ancient-hungarian-grape-varieties-grand-tasting\/\" \/>\n<meta property=\"og:site_name\" content=\"Magyar Bor\" \/>\n<meta property=\"article:publisher\" content=\"https:\/\/www.facebook.com\/magyarborfacebook\/\" \/>\n<meta property=\"article:modified_time\" content=\"2026-04-07T11:23:41+00:00\" \/>\n<meta property=\"og:image\" content=\"https:\/\/bor.hu\/wp-content\/uploads\/2025\/11\/mb_logo-05.png\" \/>\n\t<meta property=\"og:image:width\" content=\"979\" \/>\n\t<meta property=\"og:image:height\" content=\"979\" \/>\n\t<meta property=\"og:image:type\" content=\"image\/png\" \/>\n<meta name=\"twitter:card\" content=\"summary_large_image\" \/>\n<meta name=\"twitter:label1\" content=\"Est. reading time\" \/>\n\t<meta name=\"twitter:data1\" content=\"1 minute\" \/>\n<script type=\"application\/ld+json\" class=\"yoast-schema-graph\">{\"@context\":\"https:\/\/schema.org\",\"@graph\":[{\"@type\":\"WebPage\",\"@id\":\"https:\/\/bor.hu\/en\/events\/ancient-hungarian-grape-varieties-grand-tasting\/\",\"url\":\"https:\/\/bor.hu\/en\/events\/ancient-hungarian-grape-varieties-grand-tasting\/\",\"name\":\"Ancient Hungarian Grape Varieties - Grand Tasting - Magyar Bor\",\"isPartOf\":{\"@id\":\"https:\/\/bor.hu\/en\/#website\"},\"datePublished\":\"2026-04-07T11:23:21+00:00\",\"dateModified\":\"2026-04-07T11:23:41+00:00\",\"breadcrumb\":{\"@id\":\"https:\/\/bor.hu\/en\/events\/ancient-hungarian-grape-varieties-grand-tasting\/#breadcrumb\"},\"inLanguage\":\"en-US\",\"potentialAction\":[{\"@type\":\"ReadAction\",\"target\":[\"https:\/\/bor.hu\/en\/events\/ancient-hungarian-grape-varieties-grand-tasting\/\"]}]},{\"@type\":\"BreadcrumbList\",\"@id\":\"https:\/\/bor.hu\/en\/events\/ancient-hungarian-grape-varieties-grand-tasting\/#breadcrumb\",\"itemListElement\":[{\"@type\":\"ListItem\",\"position\":1,\"name\":\"Kezd\u0151lap\",\"item\":\"https:\/\/bor.hu\/en\/\"},{\"@type\":\"ListItem\",\"position\":2,\"name\":\"Events\",\"item\":\"https:\/\/bor.hu\/en\/events\/\"},{\"@type\":\"ListItem\",\"position\":3,\"name\":\"Ancient Hungarian Grape Varieties &#8211; Grand Tasting\"}]},{\"@type\":\"WebSite\",\"@id\":\"https:\/\/bor.hu\/en\/#website\",\"url\":\"https:\/\/bor.hu\/en\/\",\"name\":\"Magyar Bor\",\"description\":\"\",\"publisher\":{\"@id\":\"https:\/\/bor.hu\/en\/#organization\"},\"potentialAction\":[{\"@type\":\"SearchAction\",\"target\":{\"@type\":\"EntryPoint\",\"urlTemplate\":\"https:\/\/bor.hu\/en\/?s={search_term_string}\"},\"query-input\":{\"@type\":\"PropertyValueSpecification\",\"valueRequired\":true,\"valueName\":\"search_term_string\"}}],\"inLanguage\":\"en-US\"},{\"@type\":\"Organization\",\"@id\":\"https:\/\/bor.hu\/en\/#organization\",\"name\":\"Magyar Bor\",\"url\":\"https:\/\/bor.hu\/en\/\",\"logo\":{\"@type\":\"ImageObject\",\"inLanguage\":\"en-US\",\"@id\":\"https:\/\/bor.hu\/en\/#\/schema\/logo\/image\/\",\"url\":\"https:\/\/bor.hu\/wp-content\/uploads\/2025\/11\/mb_logo-05.png\",\"contentUrl\":\"https:\/\/bor.hu\/wp-content\/uploads\/2025\/11\/mb_logo-05.png\",\"width\":979,\"height\":979,\"caption\":\"Magyar Bor\"},\"image\":{\"@id\":\"https:\/\/bor.hu\/en\/#\/schema\/logo\/image\/\"},\"sameAs\":[\"https:\/\/www.facebook.com\/magyarborfacebook\/\",\"https:\/\/www.instagram.com\/magyarbor\/\",\"https:\/\/www.linkedin.com\/company\/winesofhungary\/\"]}]}<\/script>\n<!-- \/ Yoast SEO plugin. -->","yoast_head_json":{"title":"Ancient Hungarian Grape Varieties - Grand Tasting - Magyar Bor","robots":{"index":"index","follow":"follow","max-snippet":"max-snippet:-1","max-image-preview":"max-image-preview:large","max-video-preview":"max-video-preview:-1"},"canonical":"https:\/\/bor.hu\/en\/events\/ancient-hungarian-grape-varieties-grand-tasting\/","og_locale":"en_US","og_type":"article","og_title":"Ancient Hungarian Grape Varieties - Grand Tasting - Magyar Bor","og_description":"This year marks the second edition of the Grand Tasting, where more than 20 winemakers willshowcase their wines. It\u2019s worth comparing how the terroir affects each variety and the differenttypes of wine produced in various regions, such as Cs\u00f3ka and Laska, as well as sampling winesmade from rare varieties found in only one or two [&hellip;]","og_url":"https:\/\/bor.hu\/en\/events\/ancient-hungarian-grape-varieties-grand-tasting\/","og_site_name":"Magyar Bor","article_publisher":"https:\/\/www.facebook.com\/magyarborfacebook\/","article_modified_time":"2026-04-07T11:23:41+00:00","og_image":[{"width":979,"height":979,"url":"https:\/\/bor.hu\/wp-content\/uploads\/2025\/11\/mb_logo-05.png","type":"image\/png"}],"twitter_card":"summary_large_image","twitter_misc":{"Est. reading time":"1 minute"},"schema":{"@context":"https:\/\/schema.org","@graph":[{"@type":"WebPage","@id":"https:\/\/bor.hu\/en\/events\/ancient-hungarian-grape-varieties-grand-tasting\/","url":"https:\/\/bor.hu\/en\/events\/ancient-hungarian-grape-varieties-grand-tasting\/","name":"Ancient Hungarian Grape Varieties - Grand Tasting - Magyar Bor","isPartOf":{"@id":"https:\/\/bor.hu\/en\/#website"},"datePublished":"2026-04-07T11:23:21+00:00","dateModified":"2026-04-07T11:23:41+00:00","breadcrumb":{"@id":"https:\/\/bor.hu\/en\/events\/ancient-hungarian-grape-varieties-grand-tasting\/#breadcrumb"},"inLanguage":"en-US","potentialAction":[{"@type":"ReadAction","target":["https:\/\/bor.hu\/en\/events\/ancient-hungarian-grape-varieties-grand-tasting\/"]}]},{"@type":"BreadcrumbList","@id":"https:\/\/bor.hu\/en\/events\/ancient-hungarian-grape-varieties-grand-tasting\/#breadcrumb","itemListElement":[{"@type":"ListItem","position":1,"name":"Kezd\u0151lap","item":"https:\/\/bor.hu\/en\/"},{"@type":"ListItem","position":2,"name":"Events","item":"https:\/\/bor.hu\/en\/events\/"},{"@type":"ListItem","position":3,"name":"Ancient Hungarian Grape Varieties &#8211; Grand Tasting"}]},{"@type":"WebSite","@id":"https:\/\/bor.hu\/en\/#website","url":"https:\/\/bor.hu\/en\/","name":"Magyar Bor","description":"","publisher":{"@id":"https:\/\/bor.hu\/en\/#organization"},"potentialAction":[{"@type":"SearchAction","target":{"@type":"EntryPoint","urlTemplate":"https:\/\/bor.hu\/en\/?s={search_term_string}"},"query-input":{"@type":"PropertyValueSpecification","valueRequired":true,"valueName":"search_term_string"}}],"inLanguage":"en-US"},{"@type":"Organization","@id":"https:\/\/bor.hu\/en\/#organization","name":"Magyar Bor","url":"https:\/\/bor.hu\/en\/","logo":{"@type":"ImageObject","inLanguage":"en-US","@id":"https:\/\/bor.hu\/en\/#\/schema\/logo\/image\/","url":"https:\/\/bor.hu\/wp-content\/uploads\/2025\/11\/mb_logo-05.png","contentUrl":"https:\/\/bor.hu\/wp-content\/uploads\/2025\/11\/mb_logo-05.png","width":979,"height":979,"caption":"Magyar Bor"},"image":{"@id":"https:\/\/bor.hu\/en\/#\/schema\/logo\/image\/"},"sameAs":["https:\/\/www.facebook.com\/magyarborfacebook\/","https:\/\/www.instagram.com\/magyarbor\/","https:\/\/www.linkedin.com\/company\/winesofhungary\/"]}]}},"_links":{"self":[{"href":"https:\/\/bor.hu\/en\/wp-json\/wp\/v2\/pages\/11226","targetHints":{"allow":["GET"]}}],"collection":[{"href":"https:\/\/bor.hu\/en\/wp-json\/wp\/v2\/pages"}],"about":[{"href":"https:\/\/bor.hu\/en\/wp-json\/wp\/v2\/types\/page"}],"author":[{"embeddable":true,"href":"https:\/\/bor.hu\/en\/wp-json\/wp\/v2\/users\/3"}],"replies":[{"embeddable":true,"href":"https:\/\/bor.hu\/en\/wp-json\/wp\/v2\/comments?post=11226"}],"version-history":[{"count":1,"href":"https:\/\/bor.hu\/en\/wp-json\/wp\/v2\/pages\/11226\/revisions"}],"predecessor-version":[{"id":11227,"href":"https:\/\/bor.hu\/en\/wp-json\/wp\/v2\/pages\/11226\/revisions\/11227"}],"up":[{"embeddable":true,"href":"https:\/\/bor.hu\/en\/wp-json\/wp\/v2\/pages\/6712"}],"wp:attachment":[{"href":"https:\/\/bor.hu\/en\/wp-json\/wp\/v2\/media?parent=11226"}],"curies":[{"name":"wp","href":"https:\/\/api.w.org\/{rel}","templated":true}]}}