{"id":6699,"date":"2025-11-03T15:36:03","date_gmt":"2025-11-03T14:36:03","guid":{"rendered":"https:\/\/staging.bor.hu\/magazin\/hungary-a-wine-explorers-playground\/"},"modified":"2025-11-03T15:36:13","modified_gmt":"2025-11-03T14:36:13","slug":"hungary-a-wine-explorers-playground","status":"publish","type":"page","link":"https:\/\/bor.hu\/en\/magazine\/hungary-a-wine-explorers-playground\/","title":{"rendered":"Hungary: A Wine Explorer\u2019s Playground"},"content":{"rendered":"<section class=\"section__news-header\">\n    <img decoding=\"async\" src=\"https:\/\/bor.hu\/wp-content\/themes\/wp-theme-bor\/assets\/images\/decor\/logo-transparent-1.svg\" alt=\"decor\" class=\"ofi-contain-center-center section__news-header__decor\">\n    <div class=\"container\">\n        <div class=\"row\">\n            <div class=\"col-12\">\n                <div class=\"news-header__wrapper\">\n                                            <img decoding=\"async\" src=\"https:\/\/bor.hu\/wp-content\/uploads\/2025\/09\/matthew_horkey-4.jpg\" alt=\"Mundus Vini 2025 Summertasting\" class=\"ofi-cover-center-center news-header__thumbnail d-xl-block d-none\">\n\n                        <div class=\"thumbnail__wrapper d-xl-none d-block\">\n                            <img decoding=\"async\" src=\"https:\/\/bor.hu\/wp-content\/uploads\/2025\/09\/matthew_horkey-4.jpg\" alt=\"Mundus Vini 2025 Summertasting\" class=\"ofi-cover-center-center news-header__thumbnail\">\n                        <\/div>\n                    \n                    <div class=\"news-header__content\">\n                                                    <div class=\"news-header__tags\">\n                                                                    <p class=\"badge badge--light d-xl-block d-none\">Professional<\/p>\n                                    <p class=\"badge d-xl-none d-block\">Professional<\/p>\n                                                            <\/div>\n                        \n                                                    <h3 class=\"news-header__title\">Hungary: A Wine Explorer\u2019s Playground<\/h3>\n                        \n                                                    <div class=\"news-header__meta\">\n                                                                    <p class=\"body-2 news-header__meta__date\"><strong> 2025. September 8.<\/strong><\/p>\n                                \n                                                                    <p class=\"body-2 news-header__meta__author\">Magyar Bormarketing \u00dcgyn\u00f6ks\u00e9g<\/p>\n                                                            <\/div>\n                        \n                                                    <div class=\"d-xl-block d-none\">\n                                <div class=\"social-share__wrapper is_ligth\">\n    <a href=\"https:\/\/www.facebook.com\/sharer\/sharer.php?u=https:\/\/bor.hu\/en\/magazine\/hungary-a-wine-explorers-playground\/\" target=\"_blank\">\n        <img decoding=\"async\" src=\"https:\/\/bor.hu\/wp-content\/themes\/wp-theme-bor\/assets\/images\/icons\/facebook-light.svg\" alt=\"\">\n    <\/a>\n\n    <a href=\"http:\/\/twitter.com\/share?url=https:\/\/bor.hu\/en\/magazine\/hungary-a-wine-explorers-playground\/\" target=\"_blank\">\n        <img decoding=\"async\" src=\"https:\/\/bor.hu\/wp-content\/themes\/wp-theme-bor\/assets\/images\/icons\/x-light.svg\" alt=\"\">\n    <\/a>\n\n    <img decoding=\"async\" src=\"https:\/\/bor.hu\/wp-content\/themes\/wp-theme-bor\/assets\/images\/icons\/copy-light.svg\" alt=\"\" class=\"js-copy-link cursor-pointer\" data-copy=\"https:\/\/bor.hu\/en\/magazine\/hungary-a-wine-explorers-playground\/\">\n<\/div>\n                            <\/div>\n\n                            <div class=\"d-xl-none d-block\">\n                                <div class=\"social-share__wrapper \">\n    <a href=\"https:\/\/www.facebook.com\/sharer\/sharer.php?u=https:\/\/bor.hu\/en\/magazine\/hungary-a-wine-explorers-playground\/\" target=\"_blank\">\n        <img decoding=\"async\" src=\"https:\/\/bor.hu\/wp-content\/themes\/wp-theme-bor\/assets\/images\/icons\/facebook.svg\" alt=\"\">\n    <\/a>\n\n    <a href=\"http:\/\/twitter.com\/share?url=https:\/\/bor.hu\/en\/magazine\/hungary-a-wine-explorers-playground\/\" target=\"_blank\">\n        <img decoding=\"async\" src=\"https:\/\/bor.hu\/wp-content\/themes\/wp-theme-bor\/assets\/images\/icons\/x.svg\" alt=\"\">\n    <\/a>\n\n    <img decoding=\"async\" src=\"https:\/\/bor.hu\/wp-content\/themes\/wp-theme-bor\/assets\/images\/icons\/copy.svg\" alt=\"\" class=\"js-copy-link cursor-pointer\" data-copy=\"https:\/\/bor.hu\/en\/magazine\/hungary-a-wine-explorers-playground\/\">\n<\/div>\n                            <\/div>\n                                            <\/div>\n                <\/div>\n            <\/div>\n        <\/div>\n    <\/div>\n<\/section>\n\n<section class=\"section__article-body\">\n    <div class=\"container\">\n        <div class=\"row justify-content-center\">\n            <div class=\"col-xl-6 col-12\">\n                <div class=\"article-body__wrapper\">\n                    <div class=\"text__wrapper\">\n    <p><strong>Hungarian Wine Marketing Agency: Your YouTube audience has embraced your exploration of under-the-radar regions. What initially drew you to cover Hungarian wines, and what resonated most with your viewers?<\/strong><\/p>\n<p><strong>Matthew Horkey: <\/strong>What drew me to Hungary is the long history of wine production and yet it&rsquo;s still a relatively unknown country. I feel like a true explorer when navigating the different regions and wine styles. In addition, Tokaji Asz&uacute; is possibly my favorite wine in the world.<\/p>\n<p><strong>HWMA: You consider Tokaji Asz&uacute; to be possibly your favourite wine in the world. What is it about it that makes it so special to you?<\/strong><\/p>\n<p><strong>M H.: <\/strong>Very few wines rival the rich history of Tokaj&rsquo;s sweet wines. For me, it&rsquo;s one of the most magical transformations of grape to wine in the world. I can picture people first discovering this wine hundreds of years ago, when refined sugars were not readily available. If a beverage is naturally sweet, complex and delicious, and gets you a little tipsy, it&#8217;s no wonder it was dubbed the &#8216;wine of kings&#8217;. When I introduce Tokaji to people for the first time, their eyes usually light up &ndash; that&#8217;s the magic of wine.<\/p>\n<p>&nbsp;<\/p>\n<p><img loading=\"lazy\" decoding=\"async\" src=\"https:\/\/bor.hu\/media\/uploads\/2025\/hirek\/john_szabo_hws2025\/desktop_webodalra%402x-100.jpg?1756798839412\" alt=\"\" width=\"800\" height=\"97\" \/><\/p>\n<p>&nbsp;<\/p>\n<p><strong>HWMA: Do you have a favorite Hungarian grape variety&mdash;and what makes it stand out to you?<\/strong><\/p>\n<p><strong>M H.: <\/strong>Kadarka is my favorite grape and Hungary, because even the affordable ones offer so much drinking pleasure.<\/p>\n<p><strong>HWMA: From a consumer perspective, how do you think Hungarian wines are currently perceived internationally, and how could this perception be improved?<\/strong><\/p>\n<p><strong>M H.: <\/strong>Unfortunately, to the general public (not us wine geeks), not a lot of people are even aware that Hungary makes wine. People have to taste the wines first before they buy and then remember this is Hungary. Hungarian wine has the right quality, the winemakers just need to unify, work together, and get out there. I think that juicy, inexpensive Kekfrankos fits with what consumers are looking for these days. If some of the producers can get examples of this grape on the US shelf at around $13-$15 I think it could be a real win &#8211; although I understand the economic challenges to produce a good wine at this price point.<\/p>\n<p><strong>HWMA: For your viewers who value both entertainment and education, how can Hungarian wineries best present themselves on digital platforms like YouTube?<\/strong><\/p>\n<p><strong>M H.: <\/strong>This is really a point of contention, Hungarian producers need to be less skeptical of the foreign media because we really do want to taste and showcase these wines. When I was working in the countryside, it was sometimes really difficult for me to get in touch with producers and acquire samples.<\/p>\n<p><strong>HWMA: What common challenges do European producers face when trying to break into the U.S. market, and how can they best prepare for them?<\/strong><\/p>\n<p><strong>M H.: <\/strong>The US market is incredibly competitive and with the current political and economic climate a lot of importers are apprehensive to bring on new brands. The key is finding the right importer. I know of several niche importers who work with special wines and are doing well, but you need passionate people for this. Many importers require high volumes, which can be challenging in a country like Hungary where most producers are small. Having said that, there are some boutique importers out there looking for special wines. So, I would urge producers to make the most unique wines they can. Create something that&#8217;s worth talking about and people will find you.<\/p>\n<p><strong>HWMA: What are you hoping to discover or achieve during the Hungarian Wine Summit?<\/strong><\/p>\n<p>I am looking forward to catching up with old friends at HWS, tasting the new vintages and finding out if there are any other projects in the country that are worthy of my attention.<\/p>\n<p>&nbsp;<\/p>\n<p><img loading=\"lazy\" decoding=\"async\" src=\"https:\/\/bor.hu\/media\/uploads\/2025\/hirek\/john_szabo_hws2025\/fb_cover.jpg?1756798783863\" alt=\"\" width=\"800\" height=\"304\" \/><\/p>\n<p><em>Pictures: Hungarian Wine Marketing Agency<\/em><\/p>\n<\/div>                <\/div>\n            <\/div>\n        <\/div>\n    <\/div>\n<\/section>\n\n\n<div style=\"height:45px\" aria-hidden=\"true\" class=\"wp-block-spacer\"><\/div>\n\n\n\n<section class=\"section__news-list\" style=\"background-color: #f3f4f8;\">\n\n    \n    <div class=\"container\">\n        <div class=\"row\">\n            <div class=\"col-12\">\n\n                                    <h4 class=\"section-title\">Olvasd el ezeket is!<\/h4>\n                \n                <div\n                    class=\"news-list__wrapper js-news-container\"\n                    data-limit=3                    data-order=DESC>\n                <\/div>\n\n                            <\/div>\n        <\/div>\n    <\/div>\n<\/section>\n","protected":false},"excerpt":{"rendered":"","protected":false},"author":4,"featured_media":0,"parent":6674,"menu_order":0,"comment_status":"closed","ping_status":"closed","template":"","meta":{"_acf_changed":false,"footnotes":""},"class_list":["post-6699","page","type-page","status-publish","hentry"],"acf":[],"yoast_head":"<!-- This site is optimized with the Yoast SEO plugin v26.3 - https:\/\/yoast.com\/wordpress\/plugins\/seo\/ -->\n<title>Hungary: A Wine Explorer\u2019s Playground - Magyar Bor<\/title>\n<meta name=\"robots\" content=\"index, follow, max-snippet:-1, max-image-preview:large, max-video-preview:-1\" \/>\n<link rel=\"canonical\" href=\"https:\/\/bor.hu\/en\/magazine\/hungary-a-wine-explorers-playground\/\" \/>\n<meta property=\"og:locale\" content=\"en_US\" \/>\n<meta property=\"og:type\" content=\"article\" \/>\n<meta property=\"og:title\" content=\"Hungary: A Wine Explorer\u2019s Playground - Magyar Bor\" \/>\n<meta property=\"og:url\" content=\"https:\/\/bor.hu\/en\/magazine\/hungary-a-wine-explorers-playground\/\" \/>\n<meta property=\"og:site_name\" content=\"Magyar Bor\" \/>\n<meta property=\"article:publisher\" content=\"https:\/\/www.facebook.com\/magyarborfacebook\/\" \/>\n<meta property=\"article:modified_time\" content=\"2025-11-03T14:36:13+00:00\" \/>\n<meta property=\"og:image\" content=\"https:\/\/bor.hu\/wp-content\/uploads\/2025\/11\/mb_logo-05.png\" \/>\n\t<meta property=\"og:image:width\" content=\"979\" \/>\n\t<meta property=\"og:image:height\" content=\"979\" \/>\n\t<meta property=\"og:image:type\" content=\"image\/png\" \/>\n<meta name=\"twitter:card\" content=\"summary_large_image\" \/>\n<script type=\"application\/ld+json\" class=\"yoast-schema-graph\">{\"@context\":\"https:\/\/schema.org\",\"@graph\":[{\"@type\":\"WebPage\",\"@id\":\"https:\/\/bor.hu\/en\/magazine\/hungary-a-wine-explorers-playground\/\",\"url\":\"https:\/\/bor.hu\/en\/magazine\/hungary-a-wine-explorers-playground\/\",\"name\":\"Hungary: A Wine Explorer\u2019s Playground - Magyar Bor\",\"isPartOf\":{\"@id\":\"https:\/\/bor.hu\/en\/#website\"},\"datePublished\":\"2025-11-03T14:36:03+00:00\",\"dateModified\":\"2025-11-03T14:36:13+00:00\",\"breadcrumb\":{\"@id\":\"https:\/\/bor.hu\/en\/magazine\/hungary-a-wine-explorers-playground\/#breadcrumb\"},\"inLanguage\":\"en-US\",\"potentialAction\":[{\"@type\":\"ReadAction\",\"target\":[\"https:\/\/bor.hu\/en\/magazine\/hungary-a-wine-explorers-playground\/\"]}]},{\"@type\":\"BreadcrumbList\",\"@id\":\"https:\/\/bor.hu\/en\/magazine\/hungary-a-wine-explorers-playground\/#breadcrumb\",\"itemListElement\":[{\"@type\":\"ListItem\",\"position\":1,\"name\":\"Kezd\u0151lap\",\"item\":\"https:\/\/bor.hu\/en\/\"},{\"@type\":\"ListItem\",\"position\":2,\"name\":\"Magazine\",\"item\":\"https:\/\/bor.hu\/en\/magazine\/\"},{\"@type\":\"ListItem\",\"position\":3,\"name\":\"Hungary: A Wine Explorer\u2019s Playground\"}]},{\"@type\":\"WebSite\",\"@id\":\"https:\/\/bor.hu\/en\/#website\",\"url\":\"https:\/\/bor.hu\/en\/\",\"name\":\"Magyar Bor\",\"description\":\"\",\"publisher\":{\"@id\":\"https:\/\/bor.hu\/en\/#organization\"},\"potentialAction\":[{\"@type\":\"SearchAction\",\"target\":{\"@type\":\"EntryPoint\",\"urlTemplate\":\"https:\/\/bor.hu\/en\/?s={search_term_string}\"},\"query-input\":{\"@type\":\"PropertyValueSpecification\",\"valueRequired\":true,\"valueName\":\"search_term_string\"}}],\"inLanguage\":\"en-US\"},{\"@type\":\"Organization\",\"@id\":\"https:\/\/bor.hu\/en\/#organization\",\"name\":\"Magyar Bor\",\"url\":\"https:\/\/bor.hu\/en\/\",\"logo\":{\"@type\":\"ImageObject\",\"inLanguage\":\"en-US\",\"@id\":\"https:\/\/bor.hu\/en\/#\/schema\/logo\/image\/\",\"url\":\"https:\/\/bor.hu\/wp-content\/uploads\/2025\/11\/mb_logo-05.png\",\"contentUrl\":\"https:\/\/bor.hu\/wp-content\/uploads\/2025\/11\/mb_logo-05.png\",\"width\":979,\"height\":979,\"caption\":\"Magyar Bor\"},\"image\":{\"@id\":\"https:\/\/bor.hu\/en\/#\/schema\/logo\/image\/\"},\"sameAs\":[\"https:\/\/www.facebook.com\/magyarborfacebook\/\",\"https:\/\/www.instagram.com\/magyarbor\/\",\"https:\/\/www.linkedin.com\/company\/winesofhungary\/\"]}]}<\/script>\n<!-- \/ Yoast SEO plugin. -->","yoast_head_json":{"title":"Hungary: A Wine Explorer\u2019s Playground - Magyar Bor","robots":{"index":"index","follow":"follow","max-snippet":"max-snippet:-1","max-image-preview":"max-image-preview:large","max-video-preview":"max-video-preview:-1"},"canonical":"https:\/\/bor.hu\/en\/magazine\/hungary-a-wine-explorers-playground\/","og_locale":"en_US","og_type":"article","og_title":"Hungary: A Wine Explorer\u2019s Playground - Magyar Bor","og_url":"https:\/\/bor.hu\/en\/magazine\/hungary-a-wine-explorers-playground\/","og_site_name":"Magyar Bor","article_publisher":"https:\/\/www.facebook.com\/magyarborfacebook\/","article_modified_time":"2025-11-03T14:36:13+00:00","og_image":[{"width":979,"height":979,"url":"https:\/\/bor.hu\/wp-content\/uploads\/2025\/11\/mb_logo-05.png","type":"image\/png"}],"twitter_card":"summary_large_image","schema":{"@context":"https:\/\/schema.org","@graph":[{"@type":"WebPage","@id":"https:\/\/bor.hu\/en\/magazine\/hungary-a-wine-explorers-playground\/","url":"https:\/\/bor.hu\/en\/magazine\/hungary-a-wine-explorers-playground\/","name":"Hungary: A Wine Explorer\u2019s Playground - Magyar Bor","isPartOf":{"@id":"https:\/\/bor.hu\/en\/#website"},"datePublished":"2025-11-03T14:36:03+00:00","dateModified":"2025-11-03T14:36:13+00:00","breadcrumb":{"@id":"https:\/\/bor.hu\/en\/magazine\/hungary-a-wine-explorers-playground\/#breadcrumb"},"inLanguage":"en-US","potentialAction":[{"@type":"ReadAction","target":["https:\/\/bor.hu\/en\/magazine\/hungary-a-wine-explorers-playground\/"]}]},{"@type":"BreadcrumbList","@id":"https:\/\/bor.hu\/en\/magazine\/hungary-a-wine-explorers-playground\/#breadcrumb","itemListElement":[{"@type":"ListItem","position":1,"name":"Kezd\u0151lap","item":"https:\/\/bor.hu\/en\/"},{"@type":"ListItem","position":2,"name":"Magazine","item":"https:\/\/bor.hu\/en\/magazine\/"},{"@type":"ListItem","position":3,"name":"Hungary: A Wine Explorer\u2019s Playground"}]},{"@type":"WebSite","@id":"https:\/\/bor.hu\/en\/#website","url":"https:\/\/bor.hu\/en\/","name":"Magyar Bor","description":"","publisher":{"@id":"https:\/\/bor.hu\/en\/#organization"},"potentialAction":[{"@type":"SearchAction","target":{"@type":"EntryPoint","urlTemplate":"https:\/\/bor.hu\/en\/?s={search_term_string}"},"query-input":{"@type":"PropertyValueSpecification","valueRequired":true,"valueName":"search_term_string"}}],"inLanguage":"en-US"},{"@type":"Organization","@id":"https:\/\/bor.hu\/en\/#organization","name":"Magyar Bor","url":"https:\/\/bor.hu\/en\/","logo":{"@type":"ImageObject","inLanguage":"en-US","@id":"https:\/\/bor.hu\/en\/#\/schema\/logo\/image\/","url":"https:\/\/bor.hu\/wp-content\/uploads\/2025\/11\/mb_logo-05.png","contentUrl":"https:\/\/bor.hu\/wp-content\/uploads\/2025\/11\/mb_logo-05.png","width":979,"height":979,"caption":"Magyar Bor"},"image":{"@id":"https:\/\/bor.hu\/en\/#\/schema\/logo\/image\/"},"sameAs":["https:\/\/www.facebook.com\/magyarborfacebook\/","https:\/\/www.instagram.com\/magyarbor\/","https:\/\/www.linkedin.com\/company\/winesofhungary\/"]}]}},"_links":{"self":[{"href":"https:\/\/bor.hu\/en\/wp-json\/wp\/v2\/pages\/6699","targetHints":{"allow":["GET"]}}],"collection":[{"href":"https:\/\/bor.hu\/en\/wp-json\/wp\/v2\/pages"}],"about":[{"href":"https:\/\/bor.hu\/en\/wp-json\/wp\/v2\/types\/page"}],"author":[{"embeddable":true,"href":"https:\/\/bor.hu\/en\/wp-json\/wp\/v2\/users\/4"}],"replies":[{"embeddable":true,"href":"https:\/\/bor.hu\/en\/wp-json\/wp\/v2\/comments?post=6699"}],"version-history":[{"count":1,"href":"https:\/\/bor.hu\/en\/wp-json\/wp\/v2\/pages\/6699\/revisions"}],"predecessor-version":[{"id":6700,"href":"https:\/\/bor.hu\/en\/wp-json\/wp\/v2\/pages\/6699\/revisions\/6700"}],"up":[{"embeddable":true,"href":"https:\/\/bor.hu\/en\/wp-json\/wp\/v2\/pages\/6674"}],"wp:attachment":[{"href":"https:\/\/bor.hu\/en\/wp-json\/wp\/v2\/media?parent=6699"}],"curies":[{"name":"wp","href":"https:\/\/api.w.org\/{rel}","templated":true}]}}