{"id":6727,"date":"2025-11-03T16:15:06","date_gmt":"2025-11-03T15:15:06","guid":{"rendered":"https:\/\/staging.bor.hu\/magazin\/our-iconic-vineyards-ordogarok\/"},"modified":"2025-11-03T16:19:39","modified_gmt":"2025-11-03T15:19:39","slug":"our-iconic-vineyards-ordogarok","status":"publish","type":"page","link":"https:\/\/bor.hu\/en\/magazine\/our-iconic-vineyards-ordogarok\/","title":{"rendered":"Our Iconic Vineyards: \u00d6rd\u00f6g\u00e1rok"},"content":{"rendered":"<section class=\"section__news-header\">\n    <img decoding=\"async\" src=\"https:\/\/bor.hu\/wp-content\/themes\/wp-theme-bor\/assets\/images\/decor\/logo-transparent-1.svg\" alt=\"decor\" class=\"ofi-contain-center-center section__news-header__decor\">\n    <div class=\"container\">\n        <div class=\"row\">\n            <div class=\"col-12\">\n                <div class=\"news-header__wrapper\">\n                                            <img decoding=\"async\" src=\"https:\/\/bor.hu\/wp-content\/uploads\/2025\/07\/ordogarok-villany.jpg\" alt=\"ordogarok-villany\" class=\"ofi-cover-center-center news-header__thumbnail d-xl-block d-none\">\n\n                        <div class=\"thumbnail__wrapper d-xl-none d-block\">\n                            <img decoding=\"async\" src=\"https:\/\/bor.hu\/wp-content\/uploads\/2025\/07\/ordogarok-villany.jpg\" alt=\"ordogarok-villany\" class=\"ofi-cover-center-center news-header__thumbnail\">\n                        <\/div>\n                    \n                    <div class=\"news-header__content\">\n                                                    <div class=\"news-header__tags\">\n                                                                    <p class=\"badge badge--light d-xl-block d-none\">Culture<\/p>\n                                    <p class=\"badge d-xl-none d-block\">Culture<\/p>\n                                                            <\/div>\n                        \n                                                    <h3 class=\"news-header__title\">Our Iconic Vineyards: \u00d6rd\u00f6g\u00e1rok<\/h3>\n                        \n                                                    <div class=\"news-header__meta\">\n                                                                    <p class=\"body-2 news-header__meta__date\"><strong> 2025. July 11.<\/strong><\/p>\n                                \n                                                                    <p class=\"body-2 news-header__meta__author\">Edit Szab\u00f3<\/p>\n                                                            <\/div>\n                        \n                                                    <div class=\"d-xl-block d-none\">\n                                <div class=\"social-share__wrapper is_ligth\">\n    <a href=\"https:\/\/www.facebook.com\/sharer\/sharer.php?u=https:\/\/bor.hu\/en\/magazine\/our-iconic-vineyards-ordogarok\/\" target=\"_blank\">\n        <img decoding=\"async\" src=\"https:\/\/bor.hu\/wp-content\/themes\/wp-theme-bor\/assets\/images\/icons\/facebook-light.svg\" alt=\"\">\n    <\/a>\n\n    <a href=\"http:\/\/twitter.com\/share?url=https:\/\/bor.hu\/en\/magazine\/our-iconic-vineyards-ordogarok\/\" target=\"_blank\">\n        <img decoding=\"async\" src=\"https:\/\/bor.hu\/wp-content\/themes\/wp-theme-bor\/assets\/images\/icons\/x-light.svg\" alt=\"\">\n    <\/a>\n\n    <img decoding=\"async\" src=\"https:\/\/bor.hu\/wp-content\/themes\/wp-theme-bor\/assets\/images\/icons\/copy-light.svg\" alt=\"\" class=\"js-copy-link cursor-pointer\" data-copy=\"https:\/\/bor.hu\/en\/magazine\/our-iconic-vineyards-ordogarok\/\">\n<\/div>\n                            <\/div>\n\n                            <div class=\"d-xl-none d-block\">\n                                <div class=\"social-share__wrapper \">\n    <a href=\"https:\/\/www.facebook.com\/sharer\/sharer.php?u=https:\/\/bor.hu\/en\/magazine\/our-iconic-vineyards-ordogarok\/\" target=\"_blank\">\n        <img decoding=\"async\" src=\"https:\/\/bor.hu\/wp-content\/themes\/wp-theme-bor\/assets\/images\/icons\/facebook.svg\" alt=\"\">\n    <\/a>\n\n    <a href=\"http:\/\/twitter.com\/share?url=https:\/\/bor.hu\/en\/magazine\/our-iconic-vineyards-ordogarok\/\" target=\"_blank\">\n        <img decoding=\"async\" src=\"https:\/\/bor.hu\/wp-content\/themes\/wp-theme-bor\/assets\/images\/icons\/x.svg\" alt=\"\">\n    <\/a>\n\n    <img decoding=\"async\" src=\"https:\/\/bor.hu\/wp-content\/themes\/wp-theme-bor\/assets\/images\/icons\/copy.svg\" alt=\"\" class=\"js-copy-link cursor-pointer\" data-copy=\"https:\/\/bor.hu\/en\/magazine\/our-iconic-vineyards-ordogarok\/\">\n<\/div>\n                            <\/div>\n                                            <\/div>\n                <\/div>\n            <\/div>\n        <\/div>\n    <\/div>\n<\/section>\n\n<section class=\"section__article-body\">\n    <div class=\"container\">\n        <div class=\"row justify-content-center\">\n            <div class=\"col-xl-6 col-12\">\n                <div class=\"article-body__wrapper\">\n                    <div class=\"text__wrapper\">\n    <p><em>&ldquo;There I stood immobile, still and muted,<\/em><br data-start=\"80\" data-end=\"83\" \/><em>Feeling that my feet were deeply rooted,<\/em><br data-start=\"122\" data-end=\"125\" \/><em>Reeling in the sweetly frenzied sadness<\/em><br data-start=\"164\" data-end=\"167\" \/><em>Of eternal Nature&rsquo;s lovely gladness.&rdquo;<\/em><\/p>\n<p><em>(Translated by Emil Delmar)<\/em><\/p>\n<p style=\"text-align: justify;\">&nbsp;<\/p>\n<p style=\"text-align: justify;\">Sound familiar? These lofty words come from <em>The Tisza<\/em>, a poem by S&aacute;ndor Pet\u0151fi. Even if such eloquence doesn&rsquo;t flow from every pen or tongue, the miracle of nature captivates us all. We adore dramatic cliffs, wild (and not entirely safe) rainforests, deserts shimmering in a thousand colors, endless oceans, and palm-fringed beaches. Yet many of us experience the same lyrical mood when walking through vineyard landscapes. Though not purely nature&rsquo;s own creation &ndash; shaped instead by human hands, sometimes aided by machines, sometimes by raw physical effort &ndash; a carefully cultivated vineyard can be just as breathtaking as untamed wilderness. Especially when we know what lies beneath the soil, what rain nourishes the vines, and what sun ripens the grapes that, through the wondrous collaboration of nature and humankind, ultimately become wine.<\/p>\n<p>&nbsp;<\/p>\n<p><img loading=\"lazy\" decoding=\"async\" style=\"display: block; margin-left: auto; margin-right: auto;\" src=\"https:\/\/bor.hu\/media\/uploads\/2025\/hirek\/ordogarok_dulo\/pince-villany_gunzer_lr53664_nandor_lang_20240327_hd.jpg?1752489554183\" alt=\"\" width=\"500\" height=\"334\" \/><\/p>\n<p style=\"text-align: justify;\">&nbsp;<\/p>\n<p style=\"text-align: justify;\">And to experience all this, we don&rsquo;t even have to travel beyond Hungary&rsquo;s borders. The country boasts many exceptional vineyards, several of which have become iconic over the past decades. Among them is the &Ouml;rd&ouml;g&aacute;rok vineyard in the Vill&aacute;ny wine district &ndash; a site with only about twenty years of renewed history but, if predictions hold true, one we&rsquo;ll hear much more about in the future.<\/p>\n<p style=\"text-align: justify;\">&nbsp;<\/p>\n<p style=\"text-align: justify;\"><strong>Sixty hectares of picturesque beauty<\/strong><\/p>\n<p style=\"text-align: justify;\">Nestled between Sz&aacute;rsomly&oacute; Hill and the Vill&aacute;ny Mountains, at the border of Vill&aacute;ny and Nagyhars&aacute;ny, lies a 60-hectare valley basin whose name, &Ouml;rd&ouml;g&aacute;rok (&ldquo;Devil&rsquo;s Ditch&rdquo;), comes from an old legend. Today, it&rsquo;s hard to imagine that just over twenty years ago, these steep slopes were covered in dense forest and nearly impenetrable thickets. There had once been vineyards here, last harvested perhaps in the 1950s &ndash; something rediscovered when, in the early 2000s, six Vill&aacute;ny winemakers joined forces to reclaim and cultivate the land.<\/p>\n<p>&nbsp;<\/p>\n<p><img loading=\"lazy\" decoding=\"async\" src=\"https:\/\/bor.hu\/media\/uploads\/2025\/hirek\/ordogarok_dulo\/villany_ordogarok-0645-pinterarpad.jpg?1752489602794\" alt=\"\" width=\"800\" height=\"533\" \/><\/p>\n<p>&nbsp;<\/p>\n<p style=\"text-align: justify;\">During the socialist era, productivity was the driving principle across all sectors, including viticulture. When it became clear that large-scale mechanized cultivation was impossible here, the state farm abandoned the area. Over the decades, weeds overtook the vines and the old roads disappeared into the undergrowth; by the century&rsquo;s end, tall acacias and hardy tree of heaven swayed in the winds of the &Ouml;rd&ouml;g&aacute;rok.<\/p>\n<p style=\"text-align: justify;\">&nbsp;<\/p>\n<p style=\"text-align: justify;\"><strong>A monumental struggle<\/strong><\/p>\n<p style=\"text-align: justify;\">Yet nothing escapes the notice of a dedicated winemaker. Always seeking exceptional sites, they explore and investigate &ndash; and so it was that &Ouml;rd&ouml;g&aacute;rok&rsquo;s promising aspect and elevation drew attention. Despite being covered in forest, curiosity sparked: what if they looked closer? Driven more by instinct than certainty, Attila Gere became the pioneer, purchasing land here in 2001. He was soon joined by Zolt&aacute;n G&uuml;nzer, Ede Tiff&aacute;n, Tam&aacute;s G&uuml;nzer, Kriszti&aacute;n Sauska, and J&oacute;zsef Bock.<\/p>\n<p style=\"text-align: justify;\">Together, these six investors decided to rehabilitate the entire basin and install a drainage system, entrusting much of the project planning to Zolt&aacute;n G&uuml;nzer.<\/p>\n<p style=\"text-align: justify;\">&ldquo;The whole area had belonged to the state farm. We found old concrete cisterns they&rsquo;d used to mix pesticides and even traces of a horse stable, suggesting the vineyard had once been worked with horses &ndash; for as long as it was worked at all. There was also a road from the rim down to the bottom, likely for horse-drawn carts,&rdquo; recalls G&uuml;nzer.<\/p>\n<p style=\"text-align: justify;\">During the two years of restoration, they encountered surprises. Once the forest was cleared, the true terrain emerged: the basin turned out to be 16 meters deep with steep slopes angled at 20&ndash;25%.<\/p>\n<p style=\"text-align: justify;\">&ldquo;In the first year of planting, we were hit by such torrential rain we had to spray by helicopter. It wasn&rsquo;t easy. We quickly realized that on such extreme terrain, you simply can&rsquo;t grow vines without a proper drainage system. It took three years to build, but we did it. Honestly, I don&rsquo;t even know how we managed to gather the enormous funds it required. I doubt we could do it again today,&rdquo; says G&uuml;nzer.<\/p>\n<p>&nbsp;<\/p>\n<p><img loading=\"lazy\" decoding=\"async\" src=\"https:\/\/bor.hu\/media\/uploads\/2025\/hirek\/ordogarok_dulo\/villany_gunzer_lr53958_nandor_lang_20240327_hd.jpg?1752489660387\" alt=\"\" width=\"800\" height=\"534\" \/><\/p>\n<p>&nbsp;<\/p>\n<p style=\"text-align: justify;\"><strong>&Ouml;rd&ouml;g&aacute;rok&rsquo;s terroir<\/strong><\/p>\n<p style=\"text-align: justify;\">&Ouml;rd&ouml;g&aacute;rok is a single, contiguous 60-hectare site lying at 150&ndash;250 meters above sea level. Standing at its highest point &ndash; and it&rsquo;s worth stopping there, as the view is breathtaking &ndash; you see it truly is a vast enclosed valley. Thanks to this &ldquo;basin effect,&rdquo; it has its own microclimate: warm, humid air lingers here, resulting in higher heat accumulation than neighboring vineyards. Grapes reliably ripen to full maturity, producing fruit rich in extract and high in tannins.<\/p>\n<p style=\"text-align: justify;\">The soil is clay loess overlying limestone and dolomite bedrock, containing magnesium not directly available to the vines.<\/p>\n<p style=\"text-align: justify;\">&ldquo;Due to the high lime content, we planted lime-tolerant rootstocks, and looking back over nearly two decades, it was the right choice. The berries are generally small and concentrated, yields are very low &ndash; about 0.5&ndash;1 kg of grapes per vine. All this makes it ideal for producing great wines,&rdquo; explains G&uuml;nzer.<\/p>\n<p style=\"text-align: justify;\">&nbsp;<\/p>\n<p style=\"text-align: justify;\"><img loading=\"lazy\" decoding=\"async\" src=\"https:\/\/bor.hu\/media\/uploads\/2025\/hirek\/ordogarok_dulo\/villany_ordogarok-0649-pinterarpad.jpg?1752489793959\" alt=\"\" width=\"800\" height=\"533\" \/><\/p>\n<p style=\"text-align: justify;\">&nbsp;<\/p>\n<p style=\"text-align: justify;\"><strong>Home to the great French varieties<\/strong><\/p>\n<p style=\"text-align: justify;\">Most winemakers in &Ouml;rd&ouml;g&aacute;rok believed the site favored French varieties. So today it is planted mainly with Merlot, Cabernet Franc, Cabernet Sauvignon, and Syrah. But there are exceptions: Bock Winery also has Pinot Noir, while the Tiff&aacute;n family planted Portugieser and Kadarka. Each winery produces single-vineyard wines: Bock and Gere Attila bottle an &Ouml;rd&ouml;g&aacute;rok Vill&aacute;nyi Franc, G&uuml;nzer Tam&aacute;s and Tiff&aacute;n make Merlot (the latter marketed as <em>Elysium<\/em>), Sauska offers Cabernet Sauvignon, and the G&uuml;nzer Family Estate creates Bordeaux-style blends.<\/p>\n<p style=\"text-align: justify;\">In G&uuml;nzer Zolt&aacute;n&rsquo;s view, &Ouml;rd&ouml;g&aacute;rok wines shouldn&rsquo;t be released before they&rsquo;re four years old. Before launching a new cuv&eacute;e, they hold vertical tastings of past vintages &ndash; and experience shows these wines age beautifully and have impressive aging potential.<\/p>\n<p style=\"text-align: justify;\">&nbsp;<\/p>\n<p><img loading=\"lazy\" decoding=\"async\" style=\"display: block; margin-left: auto; margin-right: auto;\" src=\"https:\/\/bor.hu\/media\/uploads\/2025\/hirek\/ordogarok_dulo\/villany_ordogarok-9880-bock.jpg?1752489961145\" alt=\"\" width=\"380\" height=\"570\" \/><\/p>\n<p style=\"text-align: justify;\">&nbsp;<\/p>\n<p style=\"text-align: justify;\"><strong>A joy to behold, a pleasure to taste<\/strong><\/p>\n<p style=\"text-align: justify;\">The wineries owning plots in &Ouml;rd&ouml;g&aacute;rok take pride in this terroir and sometimes organize vineyard tours for visitors. If you&rsquo;re exploring the Vill&aacute;ny wine district, consider joining one of these guided walks! The landscape is striking in every season &ndash; and with a bit of luck, you might also get to sample the wine born of this exceptional place.<\/p>\n<p style=\"text-align: justify;\">&nbsp;<\/p>\n<p style=\"text-align: justify;\"><img loading=\"lazy\" decoding=\"async\" src=\"https:\/\/bor.hu\/media\/uploads\/2025\/hirek\/ordogarok_dulo\/villany_%E2%80%93_ordogarok_r0011938.jpg?1752489999428\" alt=\"\" width=\"800\" height=\"400\" \/><\/p>\n<p style=\"text-align: justify;\">&nbsp;<\/p>\n<p style=\"text-align: justify;\"><em>Cover picture and photos: Hungarian wine Marketing Agency (N&aacute;ndor L&aacute;ng, &Aacute;rp&aacute;d Pint&eacute;r)<\/em><\/p>\n<p style=\"text-align: justify;\">&nbsp;<\/p>\n<\/div>                <\/div>\n            <\/div>\n        <\/div>\n    <\/div>\n<\/section>\n\n\n<div style=\"height:45px\" aria-hidden=\"true\" class=\"wp-block-spacer\"><\/div>\n\n\n\n<section class=\"section__news-list\" style=\"background-color: #f3f4f8;\">\n\n    \n    <div class=\"container\">\n        <div class=\"row\">\n            <div class=\"col-12\">\n\n                                    <h4 class=\"section-title\">Olvasd el ezeket is!<\/h4>\n                \n                <div\n                    class=\"news-list__wrapper js-news-container\"\n                    data-limit=3                    data-order=DESC>\n                <\/div>\n\n                            <\/div>\n        <\/div>\n    <\/div>\n<\/section>\n","protected":false},"excerpt":{"rendered":"","protected":false},"author":4,"featured_media":0,"parent":6674,"menu_order":0,"comment_status":"closed","ping_status":"closed","template":"","meta":{"_acf_changed":false,"footnotes":""},"class_list":["post-6727","page","type-page","status-publish","hentry"],"acf":[],"yoast_head":"<!-- This site is optimized with the Yoast SEO plugin v26.3 - https:\/\/yoast.com\/wordpress\/plugins\/seo\/ -->\n<title>Our Iconic Vineyards: \u00d6rd\u00f6g\u00e1rok - Magyar Bor<\/title>\n<meta name=\"robots\" content=\"index, follow, max-snippet:-1, max-image-preview:large, max-video-preview:-1\" \/>\n<link rel=\"canonical\" href=\"https:\/\/bor.hu\/en\/magazine\/our-iconic-vineyards-ordogarok\/\" \/>\n<meta property=\"og:locale\" content=\"en_US\" \/>\n<meta property=\"og:type\" content=\"article\" \/>\n<meta property=\"og:title\" content=\"Our Iconic Vineyards: \u00d6rd\u00f6g\u00e1rok - Magyar Bor\" \/>\n<meta property=\"og:url\" content=\"https:\/\/bor.hu\/en\/magazine\/our-iconic-vineyards-ordogarok\/\" \/>\n<meta property=\"og:site_name\" content=\"Magyar Bor\" \/>\n<meta property=\"article:publisher\" content=\"https:\/\/www.facebook.com\/magyarborfacebook\/\" \/>\n<meta property=\"article:modified_time\" content=\"2025-11-03T15:19:39+00:00\" \/>\n<meta property=\"og:image\" content=\"https:\/\/bor.hu\/wp-content\/uploads\/2025\/11\/mb_logo-05.png\" \/>\n\t<meta property=\"og:image:width\" content=\"979\" \/>\n\t<meta property=\"og:image:height\" content=\"979\" \/>\n\t<meta property=\"og:image:type\" content=\"image\/png\" \/>\n<meta name=\"twitter:card\" content=\"summary_large_image\" \/>\n<script type=\"application\/ld+json\" class=\"yoast-schema-graph\">{\"@context\":\"https:\/\/schema.org\",\"@graph\":[{\"@type\":\"WebPage\",\"@id\":\"https:\/\/bor.hu\/en\/magazine\/our-iconic-vineyards-ordogarok\/\",\"url\":\"https:\/\/bor.hu\/en\/magazine\/our-iconic-vineyards-ordogarok\/\",\"name\":\"Our Iconic Vineyards: \u00d6rd\u00f6g\u00e1rok - Magyar Bor\",\"isPartOf\":{\"@id\":\"https:\/\/bor.hu\/en\/#website\"},\"datePublished\":\"2025-11-03T15:15:06+00:00\",\"dateModified\":\"2025-11-03T15:19:39+00:00\",\"breadcrumb\":{\"@id\":\"https:\/\/bor.hu\/en\/magazine\/our-iconic-vineyards-ordogarok\/#breadcrumb\"},\"inLanguage\":\"en-US\",\"potentialAction\":[{\"@type\":\"ReadAction\",\"target\":[\"https:\/\/bor.hu\/en\/magazine\/our-iconic-vineyards-ordogarok\/\"]}]},{\"@type\":\"BreadcrumbList\",\"@id\":\"https:\/\/bor.hu\/en\/magazine\/our-iconic-vineyards-ordogarok\/#breadcrumb\",\"itemListElement\":[{\"@type\":\"ListItem\",\"position\":1,\"name\":\"Kezd\u0151lap\",\"item\":\"https:\/\/bor.hu\/en\/\"},{\"@type\":\"ListItem\",\"position\":2,\"name\":\"Magazine\",\"item\":\"https:\/\/bor.hu\/en\/magazine\/\"},{\"@type\":\"ListItem\",\"position\":3,\"name\":\"Our Iconic Vineyards: \u00d6rd\u00f6g\u00e1rok\"}]},{\"@type\":\"WebSite\",\"@id\":\"https:\/\/bor.hu\/en\/#website\",\"url\":\"https:\/\/bor.hu\/en\/\",\"name\":\"Magyar Bor\",\"description\":\"\",\"publisher\":{\"@id\":\"https:\/\/bor.hu\/en\/#organization\"},\"potentialAction\":[{\"@type\":\"SearchAction\",\"target\":{\"@type\":\"EntryPoint\",\"urlTemplate\":\"https:\/\/bor.hu\/en\/?s={search_term_string}\"},\"query-input\":{\"@type\":\"PropertyValueSpecification\",\"valueRequired\":true,\"valueName\":\"search_term_string\"}}],\"inLanguage\":\"en-US\"},{\"@type\":\"Organization\",\"@id\":\"https:\/\/bor.hu\/en\/#organization\",\"name\":\"Magyar Bor\",\"url\":\"https:\/\/bor.hu\/en\/\",\"logo\":{\"@type\":\"ImageObject\",\"inLanguage\":\"en-US\",\"@id\":\"https:\/\/bor.hu\/en\/#\/schema\/logo\/image\/\",\"url\":\"https:\/\/bor.hu\/wp-content\/uploads\/2025\/11\/mb_logo-05.png\",\"contentUrl\":\"https:\/\/bor.hu\/wp-content\/uploads\/2025\/11\/mb_logo-05.png\",\"width\":979,\"height\":979,\"caption\":\"Magyar Bor\"},\"image\":{\"@id\":\"https:\/\/bor.hu\/en\/#\/schema\/logo\/image\/\"},\"sameAs\":[\"https:\/\/www.facebook.com\/magyarborfacebook\/\",\"https:\/\/www.instagram.com\/magyarbor\/\",\"https:\/\/www.linkedin.com\/company\/winesofhungary\/\"]}]}<\/script>\n<!-- \/ Yoast SEO plugin. -->","yoast_head_json":{"title":"Our Iconic Vineyards: \u00d6rd\u00f6g\u00e1rok - Magyar Bor","robots":{"index":"index","follow":"follow","max-snippet":"max-snippet:-1","max-image-preview":"max-image-preview:large","max-video-preview":"max-video-preview:-1"},"canonical":"https:\/\/bor.hu\/en\/magazine\/our-iconic-vineyards-ordogarok\/","og_locale":"en_US","og_type":"article","og_title":"Our Iconic Vineyards: \u00d6rd\u00f6g\u00e1rok - Magyar Bor","og_url":"https:\/\/bor.hu\/en\/magazine\/our-iconic-vineyards-ordogarok\/","og_site_name":"Magyar Bor","article_publisher":"https:\/\/www.facebook.com\/magyarborfacebook\/","article_modified_time":"2025-11-03T15:19:39+00:00","og_image":[{"width":979,"height":979,"url":"https:\/\/bor.hu\/wp-content\/uploads\/2025\/11\/mb_logo-05.png","type":"image\/png"}],"twitter_card":"summary_large_image","schema":{"@context":"https:\/\/schema.org","@graph":[{"@type":"WebPage","@id":"https:\/\/bor.hu\/en\/magazine\/our-iconic-vineyards-ordogarok\/","url":"https:\/\/bor.hu\/en\/magazine\/our-iconic-vineyards-ordogarok\/","name":"Our Iconic Vineyards: \u00d6rd\u00f6g\u00e1rok - Magyar Bor","isPartOf":{"@id":"https:\/\/bor.hu\/en\/#website"},"datePublished":"2025-11-03T15:15:06+00:00","dateModified":"2025-11-03T15:19:39+00:00","breadcrumb":{"@id":"https:\/\/bor.hu\/en\/magazine\/our-iconic-vineyards-ordogarok\/#breadcrumb"},"inLanguage":"en-US","potentialAction":[{"@type":"ReadAction","target":["https:\/\/bor.hu\/en\/magazine\/our-iconic-vineyards-ordogarok\/"]}]},{"@type":"BreadcrumbList","@id":"https:\/\/bor.hu\/en\/magazine\/our-iconic-vineyards-ordogarok\/#breadcrumb","itemListElement":[{"@type":"ListItem","position":1,"name":"Kezd\u0151lap","item":"https:\/\/bor.hu\/en\/"},{"@type":"ListItem","position":2,"name":"Magazine","item":"https:\/\/bor.hu\/en\/magazine\/"},{"@type":"ListItem","position":3,"name":"Our Iconic Vineyards: \u00d6rd\u00f6g\u00e1rok"}]},{"@type":"WebSite","@id":"https:\/\/bor.hu\/en\/#website","url":"https:\/\/bor.hu\/en\/","name":"Magyar Bor","description":"","publisher":{"@id":"https:\/\/bor.hu\/en\/#organization"},"potentialAction":[{"@type":"SearchAction","target":{"@type":"EntryPoint","urlTemplate":"https:\/\/bor.hu\/en\/?s={search_term_string}"},"query-input":{"@type":"PropertyValueSpecification","valueRequired":true,"valueName":"search_term_string"}}],"inLanguage":"en-US"},{"@type":"Organization","@id":"https:\/\/bor.hu\/en\/#organization","name":"Magyar Bor","url":"https:\/\/bor.hu\/en\/","logo":{"@type":"ImageObject","inLanguage":"en-US","@id":"https:\/\/bor.hu\/en\/#\/schema\/logo\/image\/","url":"https:\/\/bor.hu\/wp-content\/uploads\/2025\/11\/mb_logo-05.png","contentUrl":"https:\/\/bor.hu\/wp-content\/uploads\/2025\/11\/mb_logo-05.png","width":979,"height":979,"caption":"Magyar Bor"},"image":{"@id":"https:\/\/bor.hu\/en\/#\/schema\/logo\/image\/"},"sameAs":["https:\/\/www.facebook.com\/magyarborfacebook\/","https:\/\/www.instagram.com\/magyarbor\/","https:\/\/www.linkedin.com\/company\/winesofhungary\/"]}]}},"_links":{"self":[{"href":"https:\/\/bor.hu\/en\/wp-json\/wp\/v2\/pages\/6727","targetHints":{"allow":["GET"]}}],"collection":[{"href":"https:\/\/bor.hu\/en\/wp-json\/wp\/v2\/pages"}],"about":[{"href":"https:\/\/bor.hu\/en\/wp-json\/wp\/v2\/types\/page"}],"author":[{"embeddable":true,"href":"https:\/\/bor.hu\/en\/wp-json\/wp\/v2\/users\/4"}],"replies":[{"embeddable":true,"href":"https:\/\/bor.hu\/en\/wp-json\/wp\/v2\/comments?post=6727"}],"version-history":[{"count":1,"href":"https:\/\/bor.hu\/en\/wp-json\/wp\/v2\/pages\/6727\/revisions"}],"predecessor-version":[{"id":6733,"href":"https:\/\/bor.hu\/en\/wp-json\/wp\/v2\/pages\/6727\/revisions\/6733"}],"up":[{"embeddable":true,"href":"https:\/\/bor.hu\/en\/wp-json\/wp\/v2\/pages\/6674"}],"wp:attachment":[{"href":"https:\/\/bor.hu\/en\/wp-json\/wp\/v2\/media?parent=6727"}],"curies":[{"name":"wp","href":"https:\/\/api.w.org\/{rel}","templated":true}]}}