{"id":7005,"date":"2025-11-04T15:18:27","date_gmt":"2025-11-04T14:18:27","guid":{"rendered":"https:\/\/staging.bor.hu\/magazine\/tokaji-aszu-gets-its-own-glass\/"},"modified":"2025-11-04T15:19:25","modified_gmt":"2025-11-04T14:19:25","slug":"tokaji-aszu-gets-its-own-glass","status":"publish","type":"page","link":"https:\/\/bor.hu\/en\/magazine\/tokaji-aszu-gets-its-own-glass\/","title":{"rendered":"Tokaji Asz\u00fa gets its own glass"},"content":{"rendered":"<section class=\"section__news-header\">\n    <img decoding=\"async\" src=\"https:\/\/bor.hu\/wp-content\/themes\/wp-theme-bor\/assets\/images\/decor\/logo-transparent-1.svg\" alt=\"decor\" class=\"ofi-contain-center-center section__news-header__decor\">\n    <div class=\"container\">\n        <div class=\"row\">\n            <div class=\"col-12\">\n                <div class=\"news-header__wrapper\">\n                                            <img decoding=\"async\" src=\"https:\/\/bor.hu\/wp-content\/uploads\/2023\/12\/hero-1-scaled.jpg\" alt=\"hero-1\" class=\"ofi-cover-center-center news-header__thumbnail d-xl-block d-none\">\n\n                        <div class=\"thumbnail__wrapper d-xl-none d-block\">\n                            <img decoding=\"async\" src=\"https:\/\/bor.hu\/wp-content\/uploads\/2023\/12\/hero-1-scaled.jpg\" alt=\"hero-1\" class=\"ofi-cover-center-center news-header__thumbnail\">\n                        <\/div>\n                    \n                    <div class=\"news-header__content\">\n                                                    <div class=\"news-header__tags\">\n                                                                    <p class=\"badge badge--light d-xl-block d-none\">Discover<\/p>\n                                    <p class=\"badge d-xl-none d-block\">Discover<\/p>\n                                                            <\/div>\n                        \n                                                    <h3 class=\"news-header__title\">Tokaji Asz\u00fa gets its own glass<\/h3>\n                        \n                                                    <div class=\"news-header__meta\">\n                                                                    <p class=\"body-2 news-header__meta__date\"><strong> 2023. December 9.<\/strong><\/p>\n                                \n                                                                    <p class=\"body-2 news-header__meta__author\">Borb\u00e1la Kalm\u00e1r (Translated by Sue Tolson DipWSET \/ Photos by Bulcs\u00fa B\u00f6r\u00f6czky)<\/p>\n                                                            <\/div>\n                        \n                                                    <div class=\"d-xl-block d-none\">\n                                <div class=\"social-share__wrapper is_ligth\">\n    <a href=\"https:\/\/www.facebook.com\/sharer\/sharer.php?u=https:\/\/bor.hu\/en\/magazine\/tokaji-aszu-gets-its-own-glass\/\" target=\"_blank\">\n        <img decoding=\"async\" src=\"https:\/\/bor.hu\/wp-content\/themes\/wp-theme-bor\/assets\/images\/icons\/facebook-light.svg\" alt=\"\">\n    <\/a>\n\n    <a href=\"http:\/\/twitter.com\/share?url=https:\/\/bor.hu\/en\/magazine\/tokaji-aszu-gets-its-own-glass\/\" target=\"_blank\">\n        <img decoding=\"async\" src=\"https:\/\/bor.hu\/wp-content\/themes\/wp-theme-bor\/assets\/images\/icons\/x-light.svg\" alt=\"\">\n    <\/a>\n\n    <img decoding=\"async\" src=\"https:\/\/bor.hu\/wp-content\/themes\/wp-theme-bor\/assets\/images\/icons\/copy-light.svg\" alt=\"\" class=\"js-copy-link cursor-pointer\" data-copy=\"https:\/\/bor.hu\/en\/magazine\/tokaji-aszu-gets-its-own-glass\/\">\n<\/div>\n                            <\/div>\n\n                            <div class=\"d-xl-none d-block\">\n                                <div class=\"social-share__wrapper \">\n    <a href=\"https:\/\/www.facebook.com\/sharer\/sharer.php?u=https:\/\/bor.hu\/en\/magazine\/tokaji-aszu-gets-its-own-glass\/\" target=\"_blank\">\n        <img decoding=\"async\" src=\"https:\/\/bor.hu\/wp-content\/themes\/wp-theme-bor\/assets\/images\/icons\/facebook.svg\" alt=\"\">\n    <\/a>\n\n    <a href=\"http:\/\/twitter.com\/share?url=https:\/\/bor.hu\/en\/magazine\/tokaji-aszu-gets-its-own-glass\/\" target=\"_blank\">\n        <img decoding=\"async\" src=\"https:\/\/bor.hu\/wp-content\/themes\/wp-theme-bor\/assets\/images\/icons\/x.svg\" alt=\"\">\n    <\/a>\n\n    <img decoding=\"async\" src=\"https:\/\/bor.hu\/wp-content\/themes\/wp-theme-bor\/assets\/images\/icons\/copy.svg\" alt=\"\" class=\"js-copy-link cursor-pointer\" data-copy=\"https:\/\/bor.hu\/en\/magazine\/tokaji-aszu-gets-its-own-glass\/\">\n<\/div>\n                            <\/div>\n                                            <\/div>\n                <\/div>\n            <\/div>\n        <\/div>\n    <\/div>\n<\/section>\n\n<section class=\"section__article-body\">\n    <div class=\"container\">\n        <div class=\"row justify-content-center\">\n            <div class=\"col-xl-6 col-12\">\n                <div class=\"article-body__wrapper\">\n                    <div class=\"text__wrapper\">\n    <p>Grab a bottle of wine, gather some differently shaped and sized wine glasses from your cupboard and let&rsquo;s play a game. Pour 50 ml into each one, sniff it and sip it and then sum up your observations. The wine&rsquo;s aromas were certainly more intense in one than in another, while some accentuated the fruity sweetness and others may make the barrel maturation or acidity seem more pronounced. Wine tasting &ndash; and this is also important when tasting at home &ndash; is always influenced by the glass you choose for this. The top glassware brands have been working for many years to ensure that their products cater to a wide spectrum of consumer tastes. Just as there are special glasses for Riesling, Chianti, Cabernet Sauvignon and Pinot Noir, and a few years ago, Furmint even got its own glass, why shouldn&rsquo;t the most world-renowned Hungarian wine, <a href=\"https:\/\/winesofhungary.hu\/tokaji-aszu\" target=\"_blank\" rel=\"noopener\">Tokaji Asz&uacute;<\/a> have its own too?<\/p>\n<p><img loading=\"lazy\" decoding=\"async\" style=\"display: block; margin-left: auto; margin-right: auto;\" src=\"https:\/\/bor.hu\/media\/uploads\/2023_\/h%C3%ADrek\/asz%C3%BA_glass\/1.jpg?1702233999616\" alt=\"\" width=\"800\" height=\"533\" \/><\/p>\n<p>&nbsp;<\/p>\n<h2><strong>A glass is born<\/strong><\/h2>\n<p>&nbsp;<\/p>\n<p>Gergely Ripka, whose name may be familiar from his <em>T&aacute;col&oacute; Medve<\/em> (Dancing Bear) wine diary or the biannual Tokaj Guide, has been a tireless writer and expert on Tokaj since 2010. About a year ago, he entered a new field: following a newspaper article, he approached Halimba Crystal, a company based in Veszpr&eacute;m County, which is famous for its handmade, premium-quality crystal glasses, both in Hungary and internationally. He asked a simple question: would Halimba be open to working with him to find and make the best glass for the unique aromatics and intensity of Tokaji Asz&uacute;? What followed the immediate positive response is almost history. For months, the public and the trade have been watching the birth of a wonderful new wine glass over several episodes:<\/p>\n<p style=\"text-align: center;\">&nbsp;<\/p>\n<p style=\"text-align: center;\"><a href=\"https:\/\/www.youtube.com\/watch?v=1s_FiUx7p9w\"><iframe loading=\"lazy\" src=\"https:\/\/www.youtube.com\/embed\/1s_FiUx7p9w\" width=\"560\" height=\"314\" allowfullscreen=\"allowfullscreen\"><\/iframe><\/a><\/p>\n<p style=\"text-align: center;\">&nbsp;<\/p>\n<p>As a Halimba Crystal ambassador, Fanni Piskor has been following the development of the glass from the very start. &ldquo;When we began the testing process, we looked at existing glasses, then we adapted existing glasses for our purpose: we tested different shapes and sizes and different stem heights. We prioritised finding a glass in which a lighter, more floral and younger Asz&uacute; could reveal its beauty just as wonderfully as an older one. Not only shape and size, but also stem design is important, as when you hold a glass in your hand, the warmth of your hand can affect the temperature of the liquid in the glass. Besides the shape, with the Asz&uacute; Glass, we have also managed to find the optimal stem height, thus providing the perfect drinking experience.&rdquo;<\/p>\n<p><img loading=\"lazy\" decoding=\"async\" style=\"display: block; margin-left: auto; margin-right: auto;\" src=\"https:\/\/bor.hu\/media\/uploads\/2023_\/h%C3%ADrek\/asz%C3%BA_glass\/9.jpg?1702234144090\" alt=\"\" width=\"800\" height=\"1200\" \/><\/p>\n<p>&nbsp;<\/p>\n<p>Seemingly delicate and thin at first glance, the graceful, hand-crafted crystal glassware is surprisingly durable and also dishwasher safe.<\/p>\n<p>Almost 40 experts, including winemakers, international wine academics and even Masters of Wine and Master Sommeliers took part in the multi-round testing. Besides Fanni Piskor and Gergely Ripka, the core team consisted of Hungarian experts such as Gergely Makai (<a href=\"https:\/\/winesofhungary.hu\/wineries\/tokaj-hetszolo-organic-vineyards-3970\" target=\"_blank\" rel=\"noopener\">Tokaj-H&eacute;tsz\u0151l\u0151<\/a>), L&aacute;szl&oacute; M&eacute;sz&aacute;ros (<a href=\"https:\/\/winesofhungary.hu\/wineries\/disznoko-4406\" target=\"_blank\" rel=\"noopener\">Diszn&oacute;k\u0151<\/a>), K&aacute;roly &Aacute;ts (<a href=\"https:\/\/winesofhungary.hu\/wineries\/Ats-vinery-4530\" target=\"_blank\" rel=\"noopener\">&Aacute;ts Winery<\/a>), Dr P&eacute;ter Moln&aacute;r (<a href=\"https:\/\/winesofhungary.hu\/wineries\/patricius-tokaj-4825\" target=\"_blank\" rel=\"noopener\">Patricius Winery<\/a>), Andr&aacute;s Bacs&oacute; Jr (<a href=\"https:\/\/winesofhungary.hu\/wineries\/oremus-4471\" target=\"_blank\" rel=\"noopener\">Oremus<\/a>) and Tam&aacute;s Czinki, Hungary&rsquo;s first Master Sommelier. The glasses were tested with 5 and 6 puttonyos Asz&uacute; in each round, while in the final round, 30 Asz&uacute;s were tasted to determine the 5 final glass candidates. The winner was then decided on a points system.<\/p>\n<p><img loading=\"lazy\" decoding=\"async\" style=\"display: block; margin-left: auto; margin-right: auto;\" src=\"https:\/\/bor.hu\/media\/uploads\/2023_\/h%C3%ADrek\/asz%C3%BA_glass\/7.jpg?1702234205908\" alt=\"\" width=\"800\" height=\"533\" \/><\/p>\n<p>&nbsp;<\/p>\n<div class=\"borborder\">\n<p>Gergely Goreczky emphasised why it was important for the Hungarian Wine Marketing Agency to support the initiative, saying &ldquo;The Asz&uacute; Glass is a fitting reflection of the uniqueness of Tokaji Asz&uacute;, as each piece is handmade in premium quality. The mission of this special glass is in line with the mission of the Hungarian Wine Marketing Agency: to increase the value of Hungarian wine, in this case Tokaji Asz&uacute;, through innovative solutions and tools and with the cooperation and commitment of the wine industry to our common values.&rdquo;<\/p>\n<\/div>\n<p>&nbsp;<\/p>\n<h2><strong>What makes the Halimba Asz&uacute; Glass so special?<\/strong><\/h2>\n<p>&nbsp;<\/p>\n<p>It&rsquo;s the time of year when the cold weather, approaching holidays and gatherings of family and friends draws us indoors, so wine drinking at home is also concentrated in the dining room and living room. These are the days when we enjoy opening a bottle of great Asz&uacute;, either as a fitting accompaniment to the end-of-year slowdown or to brighten up a festive dinner. Although Asz&uacute; is traditionally consumed at the end of a meal, as a dessert wine, just remember that it can even accompany an entire meal when combined with the right flavours. Tokaji Asz&uacute; is considered one of the most noble sweet wines in the world, so it&rsquo;s worth selecting what to serve it in to ensure it&rsquo;s a truly festive moment. &ldquo;The consumption of sweet wines is decreasing around the world, but an exclusive tasting experience thanks to the right glass could also change this trend. It should not only be experienced in fine dining restaurants but also at home with a bottle of wonderful Asz&uacute; and the perfect glass,&rdquo; said the project manager at the launch.<\/p>\n<p><img loading=\"lazy\" decoding=\"async\" style=\"display: block; margin-left: auto; margin-right: auto;\" src=\"https:\/\/bor.hu\/media\/uploads\/2023_\/h%C3%ADrek\/asz%C3%BA_glass\/5.jpg?1702234399407\" alt=\"\" width=\"800\" height=\"533\" \/><\/p>\n<p>&nbsp;<\/p>\n<p>There are probably few people who would guess that the glass blowing tube had already been invented by the end of the 1<sup>st<\/sup> century, making the glass beaker a familiar sight in the Roman Empire. As the technology improved, glasses were made of increasingly pure glass, and at the same time, elegant crystal goblets became increasingly luxurious. Halimba Crystal&rsquo;s handmade products bring this everyday luxury to life: a product with a refined elegance that can bring millennia of glamour into your home. And what should you serve in the Asz&uacute; glass? The best vintages of the last two decades are reviewed <a href=\"https:\/\/winesofhungary.hu\/magazine\/liquid-gold-the-best-years-for-aszu-is-this-year-one-of-them\" target=\"_blank\" rel=\"noopener\">in this article<\/a>.<\/p>\n<p>The special new glass will be available from 10 December, World Tokaji Asz&uacute; Day, at selected restaurants, wineries and wine merchants, or can be ordered from the Halimba Crystal webshop: <a href=\"https:\/\/www.halimba-crystal.com\/halimba-tokaji-aszu-glass-1791\" target=\"_blank\" rel=\"noopener\">https:\/\/www.halimba-crystal.com\/halimba-tokaji-aszu-glass-1791<\/a><\/p>\n<p>&nbsp;<\/p>\n<\/div>                <\/div>\n            <\/div>\n        <\/div>\n    <\/div>\n<\/section>\n\n\n<div style=\"height:45px\" aria-hidden=\"true\" class=\"wp-block-spacer\"><\/div>\n\n\n\n<section class=\"section__news-list\" style=\"background-color: #f3f4f8;\">\n\n    \n    <div class=\"container\">\n        <div class=\"row\">\n            <div class=\"col-12\">\n\n                                    <h4 class=\"section-title\">Olvasd el ezeket is!<\/h4>\n                \n                <div\n                    class=\"news-list__wrapper js-news-container\"\n                    data-limit=3                    data-order=DESC>\n                <\/div>\n\n                            <\/div>\n        <\/div>\n    <\/div>\n<\/section>\n","protected":false},"excerpt":{"rendered":"","protected":false},"author":4,"featured_media":0,"parent":6674,"menu_order":0,"comment_status":"closed","ping_status":"closed","template":"","meta":{"_acf_changed":false,"footnotes":""},"class_list":["post-7005","page","type-page","status-publish","hentry"],"acf":[],"yoast_head":"<!-- This site is optimized with the Yoast SEO plugin v26.3 - https:\/\/yoast.com\/wordpress\/plugins\/seo\/ -->\n<title>Tokaji Asz\u00fa gets its own glass - Magyar Bor<\/title>\n<meta name=\"robots\" content=\"index, follow, max-snippet:-1, max-image-preview:large, max-video-preview:-1\" \/>\n<link rel=\"canonical\" href=\"https:\/\/bor.hu\/en\/magazine\/tokaji-aszu-gets-its-own-glass\/\" \/>\n<meta property=\"og:locale\" content=\"en_US\" \/>\n<meta property=\"og:type\" content=\"article\" \/>\n<meta property=\"og:title\" content=\"Tokaji Asz\u00fa gets its own glass - Magyar Bor\" \/>\n<meta property=\"og:url\" content=\"https:\/\/bor.hu\/en\/magazine\/tokaji-aszu-gets-its-own-glass\/\" \/>\n<meta property=\"og:site_name\" content=\"Magyar Bor\" \/>\n<meta property=\"article:publisher\" content=\"https:\/\/www.facebook.com\/magyarborfacebook\/\" \/>\n<meta property=\"article:modified_time\" content=\"2025-11-04T14:19:25+00:00\" \/>\n<meta property=\"og:image\" content=\"https:\/\/bor.hu\/wp-content\/uploads\/2025\/11\/mb_logo-05.png\" \/>\n\t<meta property=\"og:image:width\" content=\"979\" \/>\n\t<meta property=\"og:image:height\" content=\"979\" \/>\n\t<meta property=\"og:image:type\" content=\"image\/png\" \/>\n<meta name=\"twitter:card\" content=\"summary_large_image\" \/>\n<script type=\"application\/ld+json\" class=\"yoast-schema-graph\">{\"@context\":\"https:\/\/schema.org\",\"@graph\":[{\"@type\":\"WebPage\",\"@id\":\"https:\/\/bor.hu\/en\/magazine\/tokaji-aszu-gets-its-own-glass\/\",\"url\":\"https:\/\/bor.hu\/en\/magazine\/tokaji-aszu-gets-its-own-glass\/\",\"name\":\"Tokaji Asz\u00fa gets its own glass - Magyar Bor\",\"isPartOf\":{\"@id\":\"https:\/\/bor.hu\/en\/#website\"},\"datePublished\":\"2025-11-04T14:18:27+00:00\",\"dateModified\":\"2025-11-04T14:19:25+00:00\",\"breadcrumb\":{\"@id\":\"https:\/\/bor.hu\/en\/magazine\/tokaji-aszu-gets-its-own-glass\/#breadcrumb\"},\"inLanguage\":\"en-US\",\"potentialAction\":[{\"@type\":\"ReadAction\",\"target\":[\"https:\/\/bor.hu\/en\/magazine\/tokaji-aszu-gets-its-own-glass\/\"]}]},{\"@type\":\"BreadcrumbList\",\"@id\":\"https:\/\/bor.hu\/en\/magazine\/tokaji-aszu-gets-its-own-glass\/#breadcrumb\",\"itemListElement\":[{\"@type\":\"ListItem\",\"position\":1,\"name\":\"Kezd\u0151lap\",\"item\":\"https:\/\/bor.hu\/en\/\"},{\"@type\":\"ListItem\",\"position\":2,\"name\":\"Magazine\",\"item\":\"https:\/\/bor.hu\/en\/magazine\/\"},{\"@type\":\"ListItem\",\"position\":3,\"name\":\"Tokaji Asz\u00fa gets its own glass\"}]},{\"@type\":\"WebSite\",\"@id\":\"https:\/\/bor.hu\/en\/#website\",\"url\":\"https:\/\/bor.hu\/en\/\",\"name\":\"Magyar Bor\",\"description\":\"\",\"publisher\":{\"@id\":\"https:\/\/bor.hu\/en\/#organization\"},\"potentialAction\":[{\"@type\":\"SearchAction\",\"target\":{\"@type\":\"EntryPoint\",\"urlTemplate\":\"https:\/\/bor.hu\/en\/?s={search_term_string}\"},\"query-input\":{\"@type\":\"PropertyValueSpecification\",\"valueRequired\":true,\"valueName\":\"search_term_string\"}}],\"inLanguage\":\"en-US\"},{\"@type\":\"Organization\",\"@id\":\"https:\/\/bor.hu\/en\/#organization\",\"name\":\"Magyar Bor\",\"url\":\"https:\/\/bor.hu\/en\/\",\"logo\":{\"@type\":\"ImageObject\",\"inLanguage\":\"en-US\",\"@id\":\"https:\/\/bor.hu\/en\/#\/schema\/logo\/image\/\",\"url\":\"https:\/\/bor.hu\/wp-content\/uploads\/2025\/11\/mb_logo-05.png\",\"contentUrl\":\"https:\/\/bor.hu\/wp-content\/uploads\/2025\/11\/mb_logo-05.png\",\"width\":979,\"height\":979,\"caption\":\"Magyar Bor\"},\"image\":{\"@id\":\"https:\/\/bor.hu\/en\/#\/schema\/logo\/image\/\"},\"sameAs\":[\"https:\/\/www.facebook.com\/magyarborfacebook\/\",\"https:\/\/www.instagram.com\/magyarbor\/\",\"https:\/\/www.linkedin.com\/company\/winesofhungary\/\"]}]}<\/script>\n<!-- \/ Yoast SEO plugin. -->","yoast_head_json":{"title":"Tokaji Asz\u00fa gets its own glass - Magyar Bor","robots":{"index":"index","follow":"follow","max-snippet":"max-snippet:-1","max-image-preview":"max-image-preview:large","max-video-preview":"max-video-preview:-1"},"canonical":"https:\/\/bor.hu\/en\/magazine\/tokaji-aszu-gets-its-own-glass\/","og_locale":"en_US","og_type":"article","og_title":"Tokaji Asz\u00fa gets its own glass - Magyar Bor","og_url":"https:\/\/bor.hu\/en\/magazine\/tokaji-aszu-gets-its-own-glass\/","og_site_name":"Magyar Bor","article_publisher":"https:\/\/www.facebook.com\/magyarborfacebook\/","article_modified_time":"2025-11-04T14:19:25+00:00","og_image":[{"width":979,"height":979,"url":"https:\/\/bor.hu\/wp-content\/uploads\/2025\/11\/mb_logo-05.png","type":"image\/png"}],"twitter_card":"summary_large_image","schema":{"@context":"https:\/\/schema.org","@graph":[{"@type":"WebPage","@id":"https:\/\/bor.hu\/en\/magazine\/tokaji-aszu-gets-its-own-glass\/","url":"https:\/\/bor.hu\/en\/magazine\/tokaji-aszu-gets-its-own-glass\/","name":"Tokaji Asz\u00fa gets its own glass - Magyar Bor","isPartOf":{"@id":"https:\/\/bor.hu\/en\/#website"},"datePublished":"2025-11-04T14:18:27+00:00","dateModified":"2025-11-04T14:19:25+00:00","breadcrumb":{"@id":"https:\/\/bor.hu\/en\/magazine\/tokaji-aszu-gets-its-own-glass\/#breadcrumb"},"inLanguage":"en-US","potentialAction":[{"@type":"ReadAction","target":["https:\/\/bor.hu\/en\/magazine\/tokaji-aszu-gets-its-own-glass\/"]}]},{"@type":"BreadcrumbList","@id":"https:\/\/bor.hu\/en\/magazine\/tokaji-aszu-gets-its-own-glass\/#breadcrumb","itemListElement":[{"@type":"ListItem","position":1,"name":"Kezd\u0151lap","item":"https:\/\/bor.hu\/en\/"},{"@type":"ListItem","position":2,"name":"Magazine","item":"https:\/\/bor.hu\/en\/magazine\/"},{"@type":"ListItem","position":3,"name":"Tokaji Asz\u00fa gets its own glass"}]},{"@type":"WebSite","@id":"https:\/\/bor.hu\/en\/#website","url":"https:\/\/bor.hu\/en\/","name":"Magyar Bor","description":"","publisher":{"@id":"https:\/\/bor.hu\/en\/#organization"},"potentialAction":[{"@type":"SearchAction","target":{"@type":"EntryPoint","urlTemplate":"https:\/\/bor.hu\/en\/?s={search_term_string}"},"query-input":{"@type":"PropertyValueSpecification","valueRequired":true,"valueName":"search_term_string"}}],"inLanguage":"en-US"},{"@type":"Organization","@id":"https:\/\/bor.hu\/en\/#organization","name":"Magyar Bor","url":"https:\/\/bor.hu\/en\/","logo":{"@type":"ImageObject","inLanguage":"en-US","@id":"https:\/\/bor.hu\/en\/#\/schema\/logo\/image\/","url":"https:\/\/bor.hu\/wp-content\/uploads\/2025\/11\/mb_logo-05.png","contentUrl":"https:\/\/bor.hu\/wp-content\/uploads\/2025\/11\/mb_logo-05.png","width":979,"height":979,"caption":"Magyar Bor"},"image":{"@id":"https:\/\/bor.hu\/en\/#\/schema\/logo\/image\/"},"sameAs":["https:\/\/www.facebook.com\/magyarborfacebook\/","https:\/\/www.instagram.com\/magyarbor\/","https:\/\/www.linkedin.com\/company\/winesofhungary\/"]}]}},"_links":{"self":[{"href":"https:\/\/bor.hu\/en\/wp-json\/wp\/v2\/pages\/7005","targetHints":{"allow":["GET"]}}],"collection":[{"href":"https:\/\/bor.hu\/en\/wp-json\/wp\/v2\/pages"}],"about":[{"href":"https:\/\/bor.hu\/en\/wp-json\/wp\/v2\/types\/page"}],"author":[{"embeddable":true,"href":"https:\/\/bor.hu\/en\/wp-json\/wp\/v2\/users\/4"}],"replies":[{"embeddable":true,"href":"https:\/\/bor.hu\/en\/wp-json\/wp\/v2\/comments?post=7005"}],"version-history":[{"count":1,"href":"https:\/\/bor.hu\/en\/wp-json\/wp\/v2\/pages\/7005\/revisions"}],"predecessor-version":[{"id":7006,"href":"https:\/\/bor.hu\/en\/wp-json\/wp\/v2\/pages\/7005\/revisions\/7006"}],"up":[{"embeddable":true,"href":"https:\/\/bor.hu\/en\/wp-json\/wp\/v2\/pages\/6674"}],"wp:attachment":[{"href":"https:\/\/bor.hu\/en\/wp-json\/wp\/v2\/media?parent=7005"}],"curies":[{"name":"wp","href":"https:\/\/api.w.org\/{rel}","templated":true}]}}