{"id":7056,"date":"2025-11-04T15:32:50","date_gmt":"2025-11-04T14:32:50","guid":{"rendered":"https:\/\/staging.bor.hu\/magazine\/8-great-wine-events-for-the-first-half-of-summer\/"},"modified":"2025-11-04T15:32:59","modified_gmt":"2025-11-04T14:32:59","slug":"8-great-wine-events-for-the-first-half-of-summer","status":"publish","type":"page","link":"https:\/\/bor.hu\/en\/magazine\/8-great-wine-events-for-the-first-half-of-summer\/","title":{"rendered":"8 great wine events for the first half of summer"},"content":{"rendered":"<section class=\"section__news-header\">\n    <img decoding=\"async\" src=\"https:\/\/bor.hu\/wp-content\/themes\/wp-theme-bor\/assets\/images\/decor\/logo-transparent-1.svg\" alt=\"decor\" class=\"ofi-contain-center-center section__news-header__decor\">\n    <div class=\"container\">\n        <div class=\"row\">\n            <div class=\"col-12\">\n                <div class=\"news-header__wrapper\">\n                                            <img decoding=\"async\" src=\"https:\/\/bor.hu\/wp-content\/uploads\/2023\/06\/borfesztivC3A1l.jpg\" alt=\"borfesztivC3A1l\" class=\"ofi-cover-center-center news-header__thumbnail d-xl-block d-none\">\n\n                        <div class=\"thumbnail__wrapper d-xl-none d-block\">\n                            <img decoding=\"async\" src=\"https:\/\/bor.hu\/wp-content\/uploads\/2023\/06\/borfesztivC3A1l.jpg\" alt=\"borfesztivC3A1l\" class=\"ofi-cover-center-center news-header__thumbnail\">\n                        <\/div>\n                    \n                    <div class=\"news-header__content\">\n                                                    <div class=\"news-header__tags\">\n                                                                    <p class=\"badge badge--light d-xl-block d-none\">Discover<\/p>\n                                    <p class=\"badge d-xl-none d-block\">Discover<\/p>\n                                                            <\/div>\n                        \n                                                    <h3 class=\"news-header__title\">8 great wine events for the first half of summer<\/h3>\n                        \n                                                    <div class=\"news-header__meta\">\n                                                                    <p class=\"body-2 news-header__meta__date\"><strong> 2023. June 19.<\/strong><\/p>\n                                \n                                                            <\/div>\n                        \n                                                    <div class=\"d-xl-block d-none\">\n                                <div class=\"social-share__wrapper is_ligth\">\n    <a href=\"https:\/\/www.facebook.com\/sharer\/sharer.php?u=https:\/\/bor.hu\/en\/magazine\/8-great-wine-events-for-the-first-half-of-summer\/\" target=\"_blank\">\n        <img decoding=\"async\" src=\"https:\/\/bor.hu\/wp-content\/themes\/wp-theme-bor\/assets\/images\/icons\/facebook-light.svg\" alt=\"\">\n    <\/a>\n\n    <a href=\"http:\/\/twitter.com\/share?url=https:\/\/bor.hu\/en\/magazine\/8-great-wine-events-for-the-first-half-of-summer\/\" target=\"_blank\">\n        <img decoding=\"async\" src=\"https:\/\/bor.hu\/wp-content\/themes\/wp-theme-bor\/assets\/images\/icons\/x-light.svg\" alt=\"\">\n    <\/a>\n\n    <img decoding=\"async\" src=\"https:\/\/bor.hu\/wp-content\/themes\/wp-theme-bor\/assets\/images\/icons\/copy-light.svg\" alt=\"\" class=\"js-copy-link cursor-pointer\" data-copy=\"https:\/\/bor.hu\/en\/magazine\/8-great-wine-events-for-the-first-half-of-summer\/\">\n<\/div>\n                            <\/div>\n\n                            <div class=\"d-xl-none d-block\">\n                                <div class=\"social-share__wrapper \">\n    <a href=\"https:\/\/www.facebook.com\/sharer\/sharer.php?u=https:\/\/bor.hu\/en\/magazine\/8-great-wine-events-for-the-first-half-of-summer\/\" target=\"_blank\">\n        <img decoding=\"async\" src=\"https:\/\/bor.hu\/wp-content\/themes\/wp-theme-bor\/assets\/images\/icons\/facebook.svg\" alt=\"\">\n    <\/a>\n\n    <a href=\"http:\/\/twitter.com\/share?url=https:\/\/bor.hu\/en\/magazine\/8-great-wine-events-for-the-first-half-of-summer\/\" target=\"_blank\">\n        <img decoding=\"async\" src=\"https:\/\/bor.hu\/wp-content\/themes\/wp-theme-bor\/assets\/images\/icons\/x.svg\" alt=\"\">\n    <\/a>\n\n    <img decoding=\"async\" src=\"https:\/\/bor.hu\/wp-content\/themes\/wp-theme-bor\/assets\/images\/icons\/copy.svg\" alt=\"\" class=\"js-copy-link cursor-pointer\" data-copy=\"https:\/\/bor.hu\/en\/magazine\/8-great-wine-events-for-the-first-half-of-summer\/\">\n<\/div>\n                            <\/div>\n                                            <\/div>\n                <\/div>\n            <\/div>\n        <\/div>\n    <\/div>\n<\/section>\n\n<section class=\"section__article-body\">\n    <div class=\"container\">\n        <div class=\"row justify-content-center\">\n            <div class=\"col-xl-6 col-12\">\n                <div class=\"article-body__wrapper\">\n                    <div class=\"text__wrapper\">\n    <p>Here are 8 events for the first half of the summer that we recommend to mark in your diary for June and July. Of course, they all revolve around Hungarian wines, completed by cultural, gastronomic, active and even children&#8217;s activities, so that you can take a family trip to our wine regions.<\/p>\n<p>&nbsp;<\/p>\n<ol>\n<li><strong> <\/strong><br \/>\n<h2><strong>Bog&aacute;cs &#8211; XXIX. B&uuml;kkkalja Wine Festival and International Wine Competition &ndash; 22-25 June<\/strong><\/h2>\n<\/li>\n<\/ol>\n<p>For most Hungarians, the first thing that comes to mind about Bog&aacute;cs is probably not wine, rather the thermal bath of the village. However, it is worth slowly adding wine to the name of this settlement to be found in the B&uuml;kk Wine District&hellip; It&#8217;s worth heading for Northern Hungary, as the B&uuml;kk Wine Festival and International Wine Competition will take place in Bog&aacute;cs on the last weekend of June, from Thursday to Sunday, at the cellar row on Cser&eacute;pi Road, the Community House, the Event Park &#8211; practically all over the village.<\/p>\n<p><strong><a href=\"https:\/\/winesofhungary.hu\/events\/xxix-bukkkalja-wine-festival-and-international-wine-competition\" target=\"_blank\" rel=\"noopener\">LET&#8217;S SEE THE DETAILS OF THE PROGRAMME<\/a><\/strong><\/p>\n<p><strong><img loading=\"lazy\" decoding=\"async\" style=\"display: block; margin-left: auto; margin-right: auto;\" src=\"https:\/\/bor.hu\/media\/uploads\/2023_\/esem%C3%A9nyek\/b%C3%BCkkaljai_borfesztiv%C3%A1l\/b%C3%BCkkaljai_borfesztiv%C3%A1l.jpg?1687272045729\" alt=\"\" width=\"800\" height=\"533\" \/><\/strong><\/p>\n<h2><strong>&nbsp;<\/strong><\/h2>\n<ol start=\"2\">\n<li>\n<h2><strong> <\/strong><strong>Vill&aacute;ny &ndash; G&ouml;rd&uuml;l\u0151 D\u0171l\u0151k &ndash; 24 June<\/strong><\/h2>\n<\/li>\n<\/ol>\n<p>For more sporty wine lovers, the G&ouml;rd&uuml;l\u0151 D\u0171l\u0151k (literally translates as Rolling Vineyards) programme is the ideal way to discover the country&#8217;s southernmost wine region, with cycling and hiking tours of the Vill&aacute;ny Wine District. Various hiking trails, renowned wineries waiting to be discovered, a tasting at Sikl&oacute;s Castle of the wine region&#8217;s community wine called REDy, all guarantee that everyone will find what they are looking for this Saturday.<\/p>\n<p><strong><a href=\"https:\/\/winesofhungary.hu\/events\/gordulo-dulok-rolling-vineyards\" target=\"_blank\" rel=\"noopener\">LET&#8217;S SEE THE DETAILS OF THE PROGRAMME<\/a><\/strong><\/p>\n<p><img loading=\"lazy\" decoding=\"async\" style=\"display: block; margin-left: auto; margin-right: auto;\" src=\"https:\/\/bor.hu\/media\/uploads\/2023_\/esem%C3%A9nyek\/g%C3%B6rd%C3%BCl%C5%91_d%C5%B1l%C5%91k\/g%C3%B6rd%C3%BCl%C5%91.jpg?1687272096035\" alt=\"\" width=\"800\" height=\"370\" \/><\/p>\n<h2><strong>&nbsp;<\/strong><\/h2>\n<ol start=\"3\">\n<li>\n<h2><strong> <\/strong><strong>T&aacute;llya &ndash; Tali T&aacute;lly&aacute;n &ndash; 30 June-2 July<\/strong><\/h2>\n<\/li>\n<\/ol>\n<p>The festival having a charmingly alliterative name (meaning let&rsquo;s meet in T&aacute;llya) is relatively new, and will be held for only the fourth time in the village of T&aacute;llya, part of the Tokaj Wine District. At the turn of the month, all eyes will be on the geometrical centre of Europe (!), T&aacute;llya, and musicians, artisanal food producers, craftsmen and of course the local winemakers themselves prepare to add to the experience with their refreshing, refreshing wines. When else should we discover T&aacute;llya if not during Tali T&aacute;llya?<\/p>\n<p><strong><a href=\"https:\/\/winesofhungary.hu\/events\/tali-tallyan\" target=\"_blank\" rel=\"noopener\">LET&#8217;S SEE THE DETAILS OF THE PROGRAMME<\/a><\/strong><\/p>\n<p><img loading=\"lazy\" decoding=\"async\" style=\"display: block; margin-left: auto; margin-right: auto;\" src=\"https:\/\/bor.hu\/media\/uploads\/2023_\/esem%C3%A9nyek\/tali_t%C3%A1lly%C3%A1n\/tali_t%C3%A1lly%C3%A1n.jpg?1687272143899\" alt=\"\" width=\"800\" height=\"671\" \/><\/p>\n<p>&nbsp;<\/p>\n<ol start=\"4\">\n<li><strong> <\/strong><br \/>\n<h2><strong>K\u0151szeg &ndash; Donat&rsquo;s Day Wine Tour &ndash; 1 July<\/strong><\/h2>\n<\/li>\n<\/ol>\n<p>K\u0151szeg, part of the Sopron Wine District, has been slowly becoming a buzzword with more and more attractive wine-focused programmes in recent years. The Donat&#8217;s Day Wine Tour is yet another event based on cooperation and respect for each other and nature, which takes participants on an easy 4.5 km hike to discover the beauty of the Kir&aacute;lyv&ouml;lgy &#8211; Napostet\u0151 &#8211; K&aacute;lv&aacute;ria Hill area, while the 10 cellars open will ensure that no one is left without fresh wine and delicious snacks.<\/p>\n<p><strong><a href=\"https:\/\/winesofhungary.hu\/events\/donats-day-wine-tour-2023\" target=\"_blank\" rel=\"noopener\">LET&#8217;S SEE THE DETAILS OF THE PROGRAMME<\/a><\/strong><\/p>\n<p><strong><img loading=\"lazy\" decoding=\"async\" style=\"display: block; margin-left: auto; margin-right: auto;\" src=\"https:\/\/bor.hu\/media\/uploads\/2023_\/esem%C3%A9nyek\/don%C3%A1t_napi_bort%C3%BAra\/k%C5%91szegi.jpg?1687272184133\" alt=\"\" width=\"800\" height=\"533\" \/><\/strong><\/p>\n<h2><strong>&nbsp;<\/strong><\/h2>\n<ol start=\"5\">\n<li>\n<h2><strong> <\/strong><strong>Budapest &ndash; Borszerda \/ F&eacute;ny &eacute;s &aacute;rny&eacute;k (Wine Wednesday \/ Light and shadow) &ndash; 05 July<\/strong><\/h2>\n<\/li>\n<\/ol>\n<p>One of the sweetest fruits of the meeting of art and wine culture is the Wine Wednesday programmes series at the Hungarian National Gallery. 5 July is just the first in a series of upcoming Wednesdays, when we can indulge our passion for fine art in an evening of guided tours* and fine Hungarian wines in the hall, thanks to the exhibiting wineries. If it&#8217;s Wednesday, then head to the Castle District! <em>(<\/em><em>* Please note that the tours are in Hungarian, but the exhibition can be visited by anyone joining the programme.)<\/em><\/p>\n<p><strong><a href=\"https:\/\/winesofhungary.hu\/events\/wine-wednesday-light-and-shadow\" target=\"_blank\" rel=\"noopener\">LET&#8217;S SEE THE DETAILS OF THE PROGRAMME<\/a><\/strong><\/p>\n<p><strong><img loading=\"lazy\" decoding=\"async\" style=\"display: block; margin-left: auto; margin-right: auto;\" src=\"https:\/\/bor.hu\/media\/uploads\/2023_\/esem%C3%A9nyek\/borszerda\/borszerda2.jpg?1687272221284\" alt=\"\" width=\"800\" height=\"547\" \/><\/strong><\/p>\n<h2>&nbsp;<\/h2>\n<ol start=\"6\">\n<li>\n<h2><strong> <\/strong><strong>Eger &ndash; Egri Wine Festival &ndash; 06-09 July<\/strong><\/h2>\n<\/li>\n<\/ol>\n<p>Eger will once again host one of the biggest wine festivals in the country, the Egri Wine Festival. Popular performers in various musical genres, a parade of tractors and vintage vehicles, a wine knight ceremony, and concerts in the evening in the &Eacute;rsekkert. Be prepared for a varied programme on the Egri Bikav&eacute;r and Egri Csillag stages, so you just will have to choose the right wine for the performances.<\/p>\n<p><strong><a href=\"https:\/\/winesofhungary.hu\/events\/egri-wine-festival-2023\" target=\"_blank\" rel=\"noopener\">LET&#8217;S SEE THE DETAILS OF THE PROGRAMME<\/a><\/strong><\/p>\n<p><strong><img loading=\"lazy\" decoding=\"async\" style=\"display: block; margin-left: auto; margin-right: auto;\" src=\"https:\/\/bor.hu\/media\/uploads\/2023_\/esem%C3%A9nyek\/egri_bor_%C3%BCnnepe\/azegriborunnepe2.jpg?1687272257464\" alt=\"\" width=\"800\" height=\"297\" \/><\/strong><\/p>\n<h2>&nbsp;<\/h2>\n<ol start=\"7\">\n<li>\n<h2><strong> <\/strong><strong>Vill&aacute;ny &ndash; Ros&eacute; Festival of Vill&aacute;ny &ndash; 07-08 July<\/strong><\/h2>\n<\/li>\n<\/ol>\n<p>Time to get out the rose men&#8217;s shirts and the pink dress you never wore before, because at the Ros&eacute; Festival of Vill&aacute;ny, a dress, wig or any other accessory in any shade of pink is almost mandatory. The cavalcade celebrating the ros&eacute; wine style includes the Roz&eacute; Marathon party run, concerts and the inevitable Roz&eacute; beauty contest and costume show&#8230;<\/p>\n<p><strong><a href=\"https:\/\/winesofhungary.hu\/events\/rose-festival-of-villany\" target=\"_blank\" rel=\"noopener\">LET&#8217;S SEE THE DETAILS OF THE PROGRAMME<\/a><\/strong><\/p>\n<p><img loading=\"lazy\" decoding=\"async\" style=\"display: block; margin-left: auto; margin-right: auto;\" src=\"https:\/\/bor.hu\/media\/uploads\/2023_\/esem%C3%A9nyek\/vill%C3%A1nyi_roz%C3%A9fesztiv%C3%A1l\/roz%C3%A9fesztiv%C3%A1l.png?1687272312770\" alt=\"\" width=\"800\" height=\"522\" \/><\/p>\n<p>&nbsp;<\/p>\n<ol start=\"8\">\n<li><strong> <\/strong><br \/>\n<h2><strong>Veszpr&eacute;m &ndash; Ros&eacute;, Riesling and Jazz Days &ndash; 07-16 July<\/strong><\/h2>\n<\/li>\n<\/ol>\n<p>Veszpr&eacute;m is always a good choice for a longer or shorter break, but between 07-16 July it is definitely a great destination, as the city&#8217;s most colourful gastronomic and cultural event takes place on &Oacute;v&aacute;ros Square. The Ros&eacute;, Riesling and Jazz Days will feature a selection of wineries from the Balaton Wine Region, as well as artists from the Hungarian jazz scene. On the same dates, a myriad of music events in the framework of Veszpr&eacute;mFest will offer a further colourful palette in the Historia Kert for those who prefer to wander into the world of classical music, opera, world music or pop with a wine glass in hand.<\/p>\n<p><strong><a href=\"https:\/\/winesofhungary.hu\/events\/rose-riesling-and-jazz-days\" target=\"_blank\" rel=\"noopener\">LET&#8217;S SEE THE DETAILS OF THE PROGRAMME<\/a><\/strong><\/p>\n<p><img loading=\"lazy\" decoding=\"async\" style=\"display: block; margin-left: auto; margin-right: auto;\" src=\"https:\/\/bor.hu\/media\/uploads\/2023_\/esem%C3%A9nyek\/roz%C3%A9_rizling_jazz_napok\/roz%C3%A9_rizling_jazz_napok_2.jpg?1687272350443\" alt=\"\" width=\"800\" height=\"419\" \/><\/p>\n<p>&nbsp;<\/p>\n<p><strong>A wine-focused weekend programme should be complemented by staying at a winery that also offers accommodation. All you need to do is tick the wine region or wine district you want to visit on the <a href=\"https:\/\/winesofhungary.hu\/winery-directory\" target=\"_blank\" rel=\"noopener\">Winery Directory<\/a> page and select &#8220;accommodation&#8221; from the list of services.<\/strong><\/p>\n<p>&nbsp;<\/p>\n<\/div>                <\/div>\n            <\/div>\n        <\/div>\n    <\/div>\n<\/section>\n\n\n<div style=\"height:45px\" aria-hidden=\"true\" class=\"wp-block-spacer\"><\/div>\n\n\n\n<section class=\"section__news-list\" style=\"background-color: #f3f4f8;\">\n\n    \n    <div class=\"container\">\n        <div class=\"row\">\n            <div class=\"col-12\">\n\n                                    <h4 class=\"section-title\">Olvasd el ezeket is!<\/h4>\n                \n                <div\n                    class=\"news-list__wrapper js-news-container\"\n                    data-limit=3                    data-order=DESC>\n                <\/div>\n\n                            <\/div>\n        <\/div>\n    <\/div>\n<\/section>\n","protected":false},"excerpt":{"rendered":"","protected":false},"author":4,"featured_media":0,"parent":6674,"menu_order":0,"comment_status":"closed","ping_status":"closed","template":"","meta":{"_acf_changed":false,"footnotes":""},"class_list":["post-7056","page","type-page","status-publish","hentry"],"acf":[],"yoast_head":"<!-- This site is optimized with the Yoast SEO plugin v26.3 - https:\/\/yoast.com\/wordpress\/plugins\/seo\/ -->\n<title>8 great wine events for the first half of summer - Magyar Bor<\/title>\n<meta name=\"robots\" content=\"index, follow, max-snippet:-1, max-image-preview:large, max-video-preview:-1\" \/>\n<link rel=\"canonical\" href=\"https:\/\/bor.hu\/en\/magazine\/8-great-wine-events-for-the-first-half-of-summer\/\" \/>\n<meta property=\"og:locale\" content=\"en_US\" \/>\n<meta property=\"og:type\" content=\"article\" \/>\n<meta property=\"og:title\" content=\"8 great wine events for the first half of summer - Magyar Bor\" \/>\n<meta property=\"og:url\" content=\"https:\/\/bor.hu\/en\/magazine\/8-great-wine-events-for-the-first-half-of-summer\/\" \/>\n<meta property=\"og:site_name\" content=\"Magyar Bor\" \/>\n<meta property=\"article:publisher\" content=\"https:\/\/www.facebook.com\/magyarborfacebook\/\" \/>\n<meta property=\"article:modified_time\" content=\"2025-11-04T14:32:59+00:00\" \/>\n<meta property=\"og:image\" content=\"https:\/\/bor.hu\/wp-content\/uploads\/2025\/11\/mb_logo-05.png\" \/>\n\t<meta property=\"og:image:width\" content=\"979\" \/>\n\t<meta property=\"og:image:height\" content=\"979\" \/>\n\t<meta property=\"og:image:type\" content=\"image\/png\" \/>\n<meta name=\"twitter:card\" content=\"summary_large_image\" \/>\n<script type=\"application\/ld+json\" class=\"yoast-schema-graph\">{\"@context\":\"https:\/\/schema.org\",\"@graph\":[{\"@type\":\"WebPage\",\"@id\":\"https:\/\/bor.hu\/en\/magazine\/8-great-wine-events-for-the-first-half-of-summer\/\",\"url\":\"https:\/\/bor.hu\/en\/magazine\/8-great-wine-events-for-the-first-half-of-summer\/\",\"name\":\"8 great wine events for the first half of summer - Magyar Bor\",\"isPartOf\":{\"@id\":\"https:\/\/bor.hu\/en\/#website\"},\"datePublished\":\"2025-11-04T14:32:50+00:00\",\"dateModified\":\"2025-11-04T14:32:59+00:00\",\"breadcrumb\":{\"@id\":\"https:\/\/bor.hu\/en\/magazine\/8-great-wine-events-for-the-first-half-of-summer\/#breadcrumb\"},\"inLanguage\":\"en-US\",\"potentialAction\":[{\"@type\":\"ReadAction\",\"target\":[\"https:\/\/bor.hu\/en\/magazine\/8-great-wine-events-for-the-first-half-of-summer\/\"]}]},{\"@type\":\"BreadcrumbList\",\"@id\":\"https:\/\/bor.hu\/en\/magazine\/8-great-wine-events-for-the-first-half-of-summer\/#breadcrumb\",\"itemListElement\":[{\"@type\":\"ListItem\",\"position\":1,\"name\":\"Kezd\u0151lap\",\"item\":\"https:\/\/bor.hu\/en\/\"},{\"@type\":\"ListItem\",\"position\":2,\"name\":\"Magazine\",\"item\":\"https:\/\/bor.hu\/en\/magazine\/\"},{\"@type\":\"ListItem\",\"position\":3,\"name\":\"8 great wine events for the first half of summer\"}]},{\"@type\":\"WebSite\",\"@id\":\"https:\/\/bor.hu\/en\/#website\",\"url\":\"https:\/\/bor.hu\/en\/\",\"name\":\"Magyar Bor\",\"description\":\"\",\"publisher\":{\"@id\":\"https:\/\/bor.hu\/en\/#organization\"},\"potentialAction\":[{\"@type\":\"SearchAction\",\"target\":{\"@type\":\"EntryPoint\",\"urlTemplate\":\"https:\/\/bor.hu\/en\/?s={search_term_string}\"},\"query-input\":{\"@type\":\"PropertyValueSpecification\",\"valueRequired\":true,\"valueName\":\"search_term_string\"}}],\"inLanguage\":\"en-US\"},{\"@type\":\"Organization\",\"@id\":\"https:\/\/bor.hu\/en\/#organization\",\"name\":\"Magyar Bor\",\"url\":\"https:\/\/bor.hu\/en\/\",\"logo\":{\"@type\":\"ImageObject\",\"inLanguage\":\"en-US\",\"@id\":\"https:\/\/bor.hu\/en\/#\/schema\/logo\/image\/\",\"url\":\"https:\/\/bor.hu\/wp-content\/uploads\/2025\/11\/mb_logo-05.png\",\"contentUrl\":\"https:\/\/bor.hu\/wp-content\/uploads\/2025\/11\/mb_logo-05.png\",\"width\":979,\"height\":979,\"caption\":\"Magyar Bor\"},\"image\":{\"@id\":\"https:\/\/bor.hu\/en\/#\/schema\/logo\/image\/\"},\"sameAs\":[\"https:\/\/www.facebook.com\/magyarborfacebook\/\",\"https:\/\/www.instagram.com\/magyarbor\/\",\"https:\/\/www.linkedin.com\/company\/winesofhungary\/\"]}]}<\/script>\n<!-- \/ Yoast SEO plugin. -->","yoast_head_json":{"title":"8 great wine events for the first half of summer - Magyar Bor","robots":{"index":"index","follow":"follow","max-snippet":"max-snippet:-1","max-image-preview":"max-image-preview:large","max-video-preview":"max-video-preview:-1"},"canonical":"https:\/\/bor.hu\/en\/magazine\/8-great-wine-events-for-the-first-half-of-summer\/","og_locale":"en_US","og_type":"article","og_title":"8 great wine events for the first half of summer - Magyar Bor","og_url":"https:\/\/bor.hu\/en\/magazine\/8-great-wine-events-for-the-first-half-of-summer\/","og_site_name":"Magyar Bor","article_publisher":"https:\/\/www.facebook.com\/magyarborfacebook\/","article_modified_time":"2025-11-04T14:32:59+00:00","og_image":[{"width":979,"height":979,"url":"https:\/\/bor.hu\/wp-content\/uploads\/2025\/11\/mb_logo-05.png","type":"image\/png"}],"twitter_card":"summary_large_image","schema":{"@context":"https:\/\/schema.org","@graph":[{"@type":"WebPage","@id":"https:\/\/bor.hu\/en\/magazine\/8-great-wine-events-for-the-first-half-of-summer\/","url":"https:\/\/bor.hu\/en\/magazine\/8-great-wine-events-for-the-first-half-of-summer\/","name":"8 great wine events for the first half of summer - Magyar Bor","isPartOf":{"@id":"https:\/\/bor.hu\/en\/#website"},"datePublished":"2025-11-04T14:32:50+00:00","dateModified":"2025-11-04T14:32:59+00:00","breadcrumb":{"@id":"https:\/\/bor.hu\/en\/magazine\/8-great-wine-events-for-the-first-half-of-summer\/#breadcrumb"},"inLanguage":"en-US","potentialAction":[{"@type":"ReadAction","target":["https:\/\/bor.hu\/en\/magazine\/8-great-wine-events-for-the-first-half-of-summer\/"]}]},{"@type":"BreadcrumbList","@id":"https:\/\/bor.hu\/en\/magazine\/8-great-wine-events-for-the-first-half-of-summer\/#breadcrumb","itemListElement":[{"@type":"ListItem","position":1,"name":"Kezd\u0151lap","item":"https:\/\/bor.hu\/en\/"},{"@type":"ListItem","position":2,"name":"Magazine","item":"https:\/\/bor.hu\/en\/magazine\/"},{"@type":"ListItem","position":3,"name":"8 great wine events for the first half of summer"}]},{"@type":"WebSite","@id":"https:\/\/bor.hu\/en\/#website","url":"https:\/\/bor.hu\/en\/","name":"Magyar Bor","description":"","publisher":{"@id":"https:\/\/bor.hu\/en\/#organization"},"potentialAction":[{"@type":"SearchAction","target":{"@type":"EntryPoint","urlTemplate":"https:\/\/bor.hu\/en\/?s={search_term_string}"},"query-input":{"@type":"PropertyValueSpecification","valueRequired":true,"valueName":"search_term_string"}}],"inLanguage":"en-US"},{"@type":"Organization","@id":"https:\/\/bor.hu\/en\/#organization","name":"Magyar Bor","url":"https:\/\/bor.hu\/en\/","logo":{"@type":"ImageObject","inLanguage":"en-US","@id":"https:\/\/bor.hu\/en\/#\/schema\/logo\/image\/","url":"https:\/\/bor.hu\/wp-content\/uploads\/2025\/11\/mb_logo-05.png","contentUrl":"https:\/\/bor.hu\/wp-content\/uploads\/2025\/11\/mb_logo-05.png","width":979,"height":979,"caption":"Magyar Bor"},"image":{"@id":"https:\/\/bor.hu\/en\/#\/schema\/logo\/image\/"},"sameAs":["https:\/\/www.facebook.com\/magyarborfacebook\/","https:\/\/www.instagram.com\/magyarbor\/","https:\/\/www.linkedin.com\/company\/winesofhungary\/"]}]}},"_links":{"self":[{"href":"https:\/\/bor.hu\/en\/wp-json\/wp\/v2\/pages\/7056","targetHints":{"allow":["GET"]}}],"collection":[{"href":"https:\/\/bor.hu\/en\/wp-json\/wp\/v2\/pages"}],"about":[{"href":"https:\/\/bor.hu\/en\/wp-json\/wp\/v2\/types\/page"}],"author":[{"embeddable":true,"href":"https:\/\/bor.hu\/en\/wp-json\/wp\/v2\/users\/4"}],"replies":[{"embeddable":true,"href":"https:\/\/bor.hu\/en\/wp-json\/wp\/v2\/comments?post=7056"}],"version-history":[{"count":1,"href":"https:\/\/bor.hu\/en\/wp-json\/wp\/v2\/pages\/7056\/revisions"}],"predecessor-version":[{"id":7057,"href":"https:\/\/bor.hu\/en\/wp-json\/wp\/v2\/pages\/7056\/revisions\/7057"}],"up":[{"embeddable":true,"href":"https:\/\/bor.hu\/en\/wp-json\/wp\/v2\/pages\/6674"}],"wp:attachment":[{"href":"https:\/\/bor.hu\/en\/wp-json\/wp\/v2\/media?parent=7056"}],"curies":[{"name":"wp","href":"https:\/\/api.w.org\/{rel}","templated":true}]}}