{"id":7643,"date":"2025-11-17T11:08:57","date_gmt":"2025-11-17T10:08:57","guid":{"rendered":"https:\/\/bor.hu\/events\/snowetyek-2025-winter-culinary-and-musical-experience-in-etyek\/"},"modified":"2025-11-17T11:09:29","modified_gmt":"2025-11-17T10:09:29","slug":"snowetyek-2025-winter-culinary-and-musical-experience-in-etyek","status":"publish","type":"page","link":"https:\/\/bor.hu\/en\/events\/snowetyek-2025-winter-culinary-and-musical-experience-in-etyek\/","title":{"rendered":"SnowEtyek 2025 \u2013 Winter culinary and musical experience in Etyek"},"content":{"rendered":"\n<section class=\"section__breadcrumbs\">\n    <div class=\"container\">\n        <div class=\"row\">\n            <div class=\"col-12 px-xl-5\">\n                <div class=\"breadcrumbs__wrapper d-xl-flex d-none\">\n                                            <div class=\"breadcrumb__item parent\">\n                            <a href=\"https:\/\/bor.hu\/en\/events\/\" class=\"body-2\">\n                                Events                            <\/a>\n                        <\/div>\n                        <img decoding=\"async\" src=\"https:\/\/bor.hu\/wp-content\/themes\/wp-theme-bor\/assets\/images\/icons\/chevron-grey.svg\" alt=\"\">\n                    \n                                            <div class=\"breadcrumb__item current\">\n                            <p class=\"body-2\">SnowEtyek 2025 \u2013 Winter culinary and musical experience in Etyek<\/p>\n                        <\/div>\n                                    <\/div>\n\n                <div class=\"breadcrumbs__wrapper__responsive d-xl-none d-block\">\n                                            <a href=\"https:\/\/bor.hu\/en\/events\/\" class=\"body-2\">\n                            <img decoding=\"async\" src=\"https:\/\/bor.hu\/wp-content\/themes\/wp-theme-bor\/assets\/images\/icons\/chevron-grey.svg\" alt=\"\">\n                            Events                        <\/a>\n                                    <\/div>\n            <\/div>\n        <\/div>\n    <\/div>\n<\/section>\n\n<section class=\"section__events-hero\">\n    <div class=\"container\">\n        <div class=\"row\">\n            <div class=\"col-xl-4 col-12 my-auto\">\n                <div class=\"events-hero__meta\">\n                    \n                                    <\/div>\n\n                                    <h3>SnowEtyek 2025 \u2013 Winter culinary and musical experience in Etyek<\/h3>\n                \n                                    <div class=\"date__wrapper\">\n                        <p>2025. november 22.<\/p>\n\n                                            <\/div>\n                \n                <div class=\"social__wrapper\">\n                    <div class=\"social-share__wrapper \">\n    <a href=\"https:\/\/www.facebook.com\/sharer\/sharer.php?u=https:\/\/bor.hu\/en\/events\/snowetyek-2025-winter-culinary-and-musical-experience-in-etyek\/\" target=\"_blank\">\n        <img decoding=\"async\" src=\"https:\/\/bor.hu\/wp-content\/themes\/wp-theme-bor\/assets\/images\/icons\/facebook.svg\" alt=\"\">\n    <\/a>\n\n    <a href=\"http:\/\/twitter.com\/share?url=https:\/\/bor.hu\/en\/events\/snowetyek-2025-winter-culinary-and-musical-experience-in-etyek\/\" target=\"_blank\">\n        <img decoding=\"async\" src=\"https:\/\/bor.hu\/wp-content\/themes\/wp-theme-bor\/assets\/images\/icons\/x.svg\" alt=\"\">\n    <\/a>\n\n    <img decoding=\"async\" src=\"https:\/\/bor.hu\/wp-content\/themes\/wp-theme-bor\/assets\/images\/icons\/copy.svg\" alt=\"\" class=\"js-copy-link cursor-pointer\" data-copy=\"https:\/\/bor.hu\/en\/events\/snowetyek-2025-winter-culinary-and-musical-experience-in-etyek\/\">\n<\/div>\n\n                                            <a class=\"btn add-to-calendar\" href=\"https:\/\/calendar.google.com\/calendar\/render?action=TEMPLATE&#038;text=SnowEtyek+2025+%E2%80%93+Winter+culinary+and+musical+experience+in+Etyek&#038;dates=20251122\/20251122&#038;details=The+latest+winter+experience+at+Etyek+Gastro+Promenade.+H%C3%BCtte+atmosphere%2C+iconic+Etyek+wineries%2C+and+unforgettable+parties.&#038;location=+Etyek+%3A+Etyek+%C3%9Ajhegy&#038;trp=false&#038;ctz=Europe\/Budapest&#038;sprop=website:https%3A%2F%2Fbor.hu%2Fen%2Fevents%2Fsnowetyek-2025-winter-culinary-and-musical-experience-in-etyek%2F&#038;sprop=name:Magyar+Bor\" target=\"_blank\" rel=\"noopener noreferrer\">\n                            <div class=\"icon__wrapper\">\n                                <img decoding=\"async\" src=\"https:\/\/bor.hu\/wp-content\/themes\/wp-theme-bor\/assets\/images\/icons\/calendar-add.svg\" alt=\"\">\n                            <\/div>\n                            Add to calendar                        <\/a>\n                                    <\/div>\n            <\/div>\n\n            <div class=\"offset-xl-1 col-xl-6\">\n                                    <div class=\"image__wrapper\">\n                        <img decoding=\"async\" src=\"https:\/\/bor.hu\/wp-content\/uploads\/2025\/11\/SnowEtyek-2025-\u2013-Teli-gasztro-es-zenei-elmeny-Etyeken.jpg\" alt=\"SnowEtyek 2025 \u2013 T\u00e9li gasztro \u00e9s zenei \u00e9lm\u00e9ny Etyeken\" class=\"ofi-cover-center-center\">\n                    <\/div>\n                            <\/div>\n        <\/div>\n    <\/div>\n<\/section>\n\n\n<div style=\"height:48px\" aria-hidden=\"true\" class=\"wp-block-spacer\"><\/div>\n\n\n<div class=\"container static-content\"  ><div class=\"row justify-content-center \"><div class=\" col-xl-4\">\n<div class=\"events__information-box\">\n            <div class=\"events__information-box__inner\">\n            <img decoding=\"async\" src=\"https:\/\/bor.hu\/wp-content\/themes\/wp-theme-bor\/assets\/images\/icons\/map-pin-icon.svg\" alt=\"\">\n\n            <div class=\"text__wrapper\">\n                                    <p> Etyek<\/p>\n                \n                                    <a class=\"text__wrapper__link\" href=\"https:\/\/www.google.com\/maps?q= Etyek : Etyek \u00dajhegy\"> Etyek : Etyek \u00dajhegy<\/a>\n                            <\/div>\n        <\/div>\n    \n            <div class=\"events__information-box__inner has-chevron\">\n            <img decoding=\"async\" src=\"https:\/\/bor.hu\/wp-content\/themes\/wp-theme-bor\/assets\/images\/icons\/facebook-secondary.svg\" alt=\"\">\n            <a href=\"https:\/\/www.facebook.com\/events\/31603361532645639\" target=\"_blank\">\n                Facebook event                <img decoding=\"async\" src=\"https:\/\/bor.hu\/wp-content\/themes\/wp-theme-bor\/assets\/images\/icons\/chevron-grey.svg\" alt=\"\">\n            <\/a>\n        <\/div>\n    \n            <div class=\"events__information-box__inner has-chevron\">\n            <img decoding=\"async\" src=\"https:\/\/bor.hu\/wp-content\/themes\/wp-theme-bor\/assets\/images\/icons\/globe-secondary.svg\" alt=\"\">\n            <a href=\"https:\/\/snowetyek.com\/\" target=\"_blank\">\n                Open website                <img decoding=\"async\" src=\"https:\/\/bor.hu\/wp-content\/themes\/wp-theme-bor\/assets\/images\/icons\/chevron-grey.svg\" alt=\"\">\n            <\/a>\n        <\/div>\n    \n            <div class=\"events__information-box__inner\">\n            <img decoding=\"async\" src=\"https:\/\/bor.hu\/wp-content\/themes\/wp-theme-bor\/assets\/images\/icons\/information.svg\" alt=\"\">\n            <p>https:\/\/snowetyek.com\/\r\n11:00 \u2013 22:00\r\n<\/p>\n        <\/div>\n    \n    <\/div>\n\n<\/div><div class=\"offset-xl-1 me-auto text-wrapper col-xl-6\">\n<div style=\"height:16px\" aria-hidden=\"true\" class=\"wp-block-spacer d-xl-none d-block\"><\/div>\n\n<p>H\u00fctte atmosphere, local wines, street food, and live music \u2013 that&#8217;s SnowEtyek!<\/p>\n\n<p>SnowEtyek is a new, youthful winter gastro and music event where the h\u00fctte atmosphere, local wines, and street food flavors come together on the iconic Etyek Gastro Promenade. Taste the best wines from local wineries, snack on your favorite street food stands, and party to the best music from cellar to cellar!<\/p>\n\n<p><br>Locations:<\/p>\n\n<p>R\u00f3kusfalvy Estate<\/p>\n\n<p>ZO\u00c1D Wine<\/p>\n\n<p>Aubergine Cellar<\/p>\n\n<p>Zaf\u00edr Wine House<\/p>\n\n<p>Optimus Winery<\/p>\n\n<p>Halmi Cellar<\/p>\n\n<p>Debreczeni Winery and Ferenczi Vineyard<\/p>\n\n<p>R\u00f3kusfalvy Wine Hotel<\/p>\n\n<p>RezeDa Terrace<\/p>\n\n<p>Etyek Vintage Garden<\/p>\n\n<p>Stel\u00e1zsi Estate Culture Spritzer<\/p>\n\n<p>Etyek Cheese Station<\/p>\n\n<p>Terra100 (Hungarian Chamber P\u00e1linka House)<\/p>\n\n<p>Heged\u0171s Cheese Workshop<\/p>\n<\/div><\/div><\/div>\n\n\n<div style=\"height:120px\" aria-hidden=\"true\" class=\"wp-block-spacer\"><\/div>\n","protected":false},"excerpt":{"rendered":"<p>H\u00fctte atmosphere, local wines, street food, and live music \u2013 that&#8217;s SnowEtyek! SnowEtyek is a new, youthful winter gastro and music event where the h\u00fctte atmosphere, local wines, and street food flavors come together on the iconic Etyek Gastro Promenade. Taste the best wines from local wineries, snack on your favorite street food stands, and [&hellip;]<\/p>\n","protected":false},"author":3,"featured_media":0,"parent":6712,"menu_order":0,"comment_status":"closed","ping_status":"closed","template":"","meta":{"_acf_changed":false,"footnotes":""},"class_list":["post-7643","page","type-page","status-publish","hentry"],"acf":[],"yoast_head":"<!-- This site is optimized with the Yoast SEO plugin v26.3 - https:\/\/yoast.com\/wordpress\/plugins\/seo\/ -->\n<title>SnowEtyek 2025 \u2013 Winter culinary and musical experience in Etyek - Magyar Bor<\/title>\n<meta name=\"robots\" content=\"index, follow, max-snippet:-1, max-image-preview:large, max-video-preview:-1\" \/>\n<link rel=\"canonical\" href=\"https:\/\/bor.hu\/en\/events\/snowetyek-2025-winter-culinary-and-musical-experience-in-etyek\/\" \/>\n<meta property=\"og:locale\" content=\"en_US\" \/>\n<meta property=\"og:type\" content=\"article\" \/>\n<meta property=\"og:title\" content=\"SnowEtyek 2025 \u2013 Winter culinary and musical experience in Etyek - Magyar Bor\" \/>\n<meta property=\"og:description\" content=\"H\u00fctte atmosphere, local wines, street food, and live music \u2013 that&#8217;s SnowEtyek! SnowEtyek is a new, youthful winter gastro and music event where the h\u00fctte atmosphere, local wines, and street food flavors come together on the iconic Etyek Gastro Promenade. Taste the best wines from local wineries, snack on your favorite street food stands, and [&hellip;]\" \/>\n<meta property=\"og:url\" content=\"https:\/\/bor.hu\/en\/events\/snowetyek-2025-winter-culinary-and-musical-experience-in-etyek\/\" \/>\n<meta property=\"og:site_name\" content=\"Magyar Bor\" \/>\n<meta property=\"article:publisher\" content=\"https:\/\/www.facebook.com\/magyarborfacebook\/\" \/>\n<meta property=\"article:modified_time\" content=\"2025-11-17T10:09:29+00:00\" \/>\n<meta property=\"og:image\" content=\"https:\/\/bor.hu\/wp-content\/uploads\/2025\/11\/mb_logo-05.png\" \/>\n\t<meta property=\"og:image:width\" content=\"979\" \/>\n\t<meta property=\"og:image:height\" content=\"979\" \/>\n\t<meta property=\"og:image:type\" content=\"image\/png\" \/>\n<meta name=\"twitter:card\" content=\"summary_large_image\" \/>\n<meta name=\"twitter:label1\" content=\"Est. reading time\" \/>\n\t<meta name=\"twitter:data1\" content=\"1 minute\" \/>\n<script type=\"application\/ld+json\" class=\"yoast-schema-graph\">{\"@context\":\"https:\/\/schema.org\",\"@graph\":[{\"@type\":\"WebPage\",\"@id\":\"https:\/\/bor.hu\/en\/events\/snowetyek-2025-winter-culinary-and-musical-experience-in-etyek\/\",\"url\":\"https:\/\/bor.hu\/en\/events\/snowetyek-2025-winter-culinary-and-musical-experience-in-etyek\/\",\"name\":\"SnowEtyek 2025 \u2013 Winter culinary and musical experience in Etyek - Magyar Bor\",\"isPartOf\":{\"@id\":\"https:\/\/bor.hu\/en\/#website\"},\"datePublished\":\"2025-11-17T10:08:57+00:00\",\"dateModified\":\"2025-11-17T10:09:29+00:00\",\"breadcrumb\":{\"@id\":\"https:\/\/bor.hu\/en\/events\/snowetyek-2025-winter-culinary-and-musical-experience-in-etyek\/#breadcrumb\"},\"inLanguage\":\"en-US\",\"potentialAction\":[{\"@type\":\"ReadAction\",\"target\":[\"https:\/\/bor.hu\/en\/events\/snowetyek-2025-winter-culinary-and-musical-experience-in-etyek\/\"]}]},{\"@type\":\"BreadcrumbList\",\"@id\":\"https:\/\/bor.hu\/en\/events\/snowetyek-2025-winter-culinary-and-musical-experience-in-etyek\/#breadcrumb\",\"itemListElement\":[{\"@type\":\"ListItem\",\"position\":1,\"name\":\"Kezd\u0151lap\",\"item\":\"https:\/\/bor.hu\/en\/\"},{\"@type\":\"ListItem\",\"position\":2,\"name\":\"Events\",\"item\":\"https:\/\/bor.hu\/en\/events\/\"},{\"@type\":\"ListItem\",\"position\":3,\"name\":\"SnowEtyek 2025 \u2013 Winter culinary and musical experience in Etyek\"}]},{\"@type\":\"WebSite\",\"@id\":\"https:\/\/bor.hu\/en\/#website\",\"url\":\"https:\/\/bor.hu\/en\/\",\"name\":\"Magyar Bor\",\"description\":\"\",\"publisher\":{\"@id\":\"https:\/\/bor.hu\/en\/#organization\"},\"potentialAction\":[{\"@type\":\"SearchAction\",\"target\":{\"@type\":\"EntryPoint\",\"urlTemplate\":\"https:\/\/bor.hu\/en\/?s={search_term_string}\"},\"query-input\":{\"@type\":\"PropertyValueSpecification\",\"valueRequired\":true,\"valueName\":\"search_term_string\"}}],\"inLanguage\":\"en-US\"},{\"@type\":\"Organization\",\"@id\":\"https:\/\/bor.hu\/en\/#organization\",\"name\":\"Magyar Bor\",\"url\":\"https:\/\/bor.hu\/en\/\",\"logo\":{\"@type\":\"ImageObject\",\"inLanguage\":\"en-US\",\"@id\":\"https:\/\/bor.hu\/en\/#\/schema\/logo\/image\/\",\"url\":\"https:\/\/bor.hu\/wp-content\/uploads\/2025\/11\/mb_logo-05.png\",\"contentUrl\":\"https:\/\/bor.hu\/wp-content\/uploads\/2025\/11\/mb_logo-05.png\",\"width\":979,\"height\":979,\"caption\":\"Magyar Bor\"},\"image\":{\"@id\":\"https:\/\/bor.hu\/en\/#\/schema\/logo\/image\/\"},\"sameAs\":[\"https:\/\/www.facebook.com\/magyarborfacebook\/\",\"https:\/\/www.instagram.com\/magyarbor\/\",\"https:\/\/www.linkedin.com\/company\/winesofhungary\/\"]}]}<\/script>\n<!-- \/ Yoast SEO plugin. -->","yoast_head_json":{"title":"SnowEtyek 2025 \u2013 Winter culinary and musical experience in Etyek - Magyar Bor","robots":{"index":"index","follow":"follow","max-snippet":"max-snippet:-1","max-image-preview":"max-image-preview:large","max-video-preview":"max-video-preview:-1"},"canonical":"https:\/\/bor.hu\/en\/events\/snowetyek-2025-winter-culinary-and-musical-experience-in-etyek\/","og_locale":"en_US","og_type":"article","og_title":"SnowEtyek 2025 \u2013 Winter culinary and musical experience in Etyek - Magyar Bor","og_description":"H\u00fctte atmosphere, local wines, street food, and live music \u2013 that&#8217;s SnowEtyek! SnowEtyek is a new, youthful winter gastro and music event where the h\u00fctte atmosphere, local wines, and street food flavors come together on the iconic Etyek Gastro Promenade. Taste the best wines from local wineries, snack on your favorite street food stands, and [&hellip;]","og_url":"https:\/\/bor.hu\/en\/events\/snowetyek-2025-winter-culinary-and-musical-experience-in-etyek\/","og_site_name":"Magyar Bor","article_publisher":"https:\/\/www.facebook.com\/magyarborfacebook\/","article_modified_time":"2025-11-17T10:09:29+00:00","og_image":[{"width":979,"height":979,"url":"https:\/\/bor.hu\/wp-content\/uploads\/2025\/11\/mb_logo-05.png","type":"image\/png"}],"twitter_card":"summary_large_image","twitter_misc":{"Est. reading time":"1 minute"},"schema":{"@context":"https:\/\/schema.org","@graph":[{"@type":"WebPage","@id":"https:\/\/bor.hu\/en\/events\/snowetyek-2025-winter-culinary-and-musical-experience-in-etyek\/","url":"https:\/\/bor.hu\/en\/events\/snowetyek-2025-winter-culinary-and-musical-experience-in-etyek\/","name":"SnowEtyek 2025 \u2013 Winter culinary and musical experience in Etyek - Magyar Bor","isPartOf":{"@id":"https:\/\/bor.hu\/en\/#website"},"datePublished":"2025-11-17T10:08:57+00:00","dateModified":"2025-11-17T10:09:29+00:00","breadcrumb":{"@id":"https:\/\/bor.hu\/en\/events\/snowetyek-2025-winter-culinary-and-musical-experience-in-etyek\/#breadcrumb"},"inLanguage":"en-US","potentialAction":[{"@type":"ReadAction","target":["https:\/\/bor.hu\/en\/events\/snowetyek-2025-winter-culinary-and-musical-experience-in-etyek\/"]}]},{"@type":"BreadcrumbList","@id":"https:\/\/bor.hu\/en\/events\/snowetyek-2025-winter-culinary-and-musical-experience-in-etyek\/#breadcrumb","itemListElement":[{"@type":"ListItem","position":1,"name":"Kezd\u0151lap","item":"https:\/\/bor.hu\/en\/"},{"@type":"ListItem","position":2,"name":"Events","item":"https:\/\/bor.hu\/en\/events\/"},{"@type":"ListItem","position":3,"name":"SnowEtyek 2025 \u2013 Winter culinary and musical experience in Etyek"}]},{"@type":"WebSite","@id":"https:\/\/bor.hu\/en\/#website","url":"https:\/\/bor.hu\/en\/","name":"Magyar Bor","description":"","publisher":{"@id":"https:\/\/bor.hu\/en\/#organization"},"potentialAction":[{"@type":"SearchAction","target":{"@type":"EntryPoint","urlTemplate":"https:\/\/bor.hu\/en\/?s={search_term_string}"},"query-input":{"@type":"PropertyValueSpecification","valueRequired":true,"valueName":"search_term_string"}}],"inLanguage":"en-US"},{"@type":"Organization","@id":"https:\/\/bor.hu\/en\/#organization","name":"Magyar Bor","url":"https:\/\/bor.hu\/en\/","logo":{"@type":"ImageObject","inLanguage":"en-US","@id":"https:\/\/bor.hu\/en\/#\/schema\/logo\/image\/","url":"https:\/\/bor.hu\/wp-content\/uploads\/2025\/11\/mb_logo-05.png","contentUrl":"https:\/\/bor.hu\/wp-content\/uploads\/2025\/11\/mb_logo-05.png","width":979,"height":979,"caption":"Magyar Bor"},"image":{"@id":"https:\/\/bor.hu\/en\/#\/schema\/logo\/image\/"},"sameAs":["https:\/\/www.facebook.com\/magyarborfacebook\/","https:\/\/www.instagram.com\/magyarbor\/","https:\/\/www.linkedin.com\/company\/winesofhungary\/"]}]}},"_links":{"self":[{"href":"https:\/\/bor.hu\/en\/wp-json\/wp\/v2\/pages\/7643","targetHints":{"allow":["GET"]}}],"collection":[{"href":"https:\/\/bor.hu\/en\/wp-json\/wp\/v2\/pages"}],"about":[{"href":"https:\/\/bor.hu\/en\/wp-json\/wp\/v2\/types\/page"}],"author":[{"embeddable":true,"href":"https:\/\/bor.hu\/en\/wp-json\/wp\/v2\/users\/3"}],"replies":[{"embeddable":true,"href":"https:\/\/bor.hu\/en\/wp-json\/wp\/v2\/comments?post=7643"}],"version-history":[{"count":1,"href":"https:\/\/bor.hu\/en\/wp-json\/wp\/v2\/pages\/7643\/revisions"}],"predecessor-version":[{"id":7644,"href":"https:\/\/bor.hu\/en\/wp-json\/wp\/v2\/pages\/7643\/revisions\/7644"}],"up":[{"embeddable":true,"href":"https:\/\/bor.hu\/en\/wp-json\/wp\/v2\/pages\/6712"}],"wp:attachment":[{"href":"https:\/\/bor.hu\/en\/wp-json\/wp\/v2\/media?parent=7643"}],"curies":[{"name":"wp","href":"https:\/\/api.w.org\/{rel}","templated":true}]}}