{"id":7655,"date":"2025-11-17T11:16:18","date_gmt":"2025-11-17T10:16:18","guid":{"rendered":"https:\/\/bor.hu\/events\/bordeaux-november-2025-winelovers\/"},"modified":"2025-11-17T11:16:36","modified_gmt":"2025-11-17T10:16:36","slug":"bordeaux-november-2025-winelovers","status":"publish","type":"page","link":"https:\/\/bor.hu\/en\/events\/bordeaux-november-2025-winelovers\/","title":{"rendered":"Bordeaux November 2025 | Winelovers"},"content":{"rendered":"\n<section class=\"section__breadcrumbs\">\n    <div class=\"container\">\n        <div class=\"row\">\n            <div class=\"col-12 px-xl-5\">\n                <div class=\"breadcrumbs__wrapper d-xl-flex d-none\">\n                                            <div class=\"breadcrumb__item parent\">\n                            <a href=\"https:\/\/bor.hu\/en\/events\/\" class=\"body-2\">\n                                Events                            <\/a>\n                        <\/div>\n                        <img decoding=\"async\" src=\"https:\/\/bor.hu\/wp-content\/themes\/wp-theme-bor\/assets\/images\/icons\/chevron-grey.svg\" alt=\"\">\n                    \n                                            <div class=\"breadcrumb__item current\">\n                            <p class=\"body-2\">Bordeaux November 2025 | Winelovers<\/p>\n                        <\/div>\n                                    <\/div>\n\n                <div class=\"breadcrumbs__wrapper__responsive d-xl-none d-block\">\n                                            <a href=\"https:\/\/bor.hu\/en\/events\/\" class=\"body-2\">\n                            <img decoding=\"async\" src=\"https:\/\/bor.hu\/wp-content\/themes\/wp-theme-bor\/assets\/images\/icons\/chevron-grey.svg\" alt=\"\">\n                            Events                        <\/a>\n                                    <\/div>\n            <\/div>\n        <\/div>\n    <\/div>\n<\/section>\n\n<section class=\"section__events-hero\">\n    <div class=\"container\">\n        <div class=\"row\">\n            <div class=\"col-xl-4 col-12 my-auto\">\n                <div class=\"events-hero__meta\">\n                    \n                                    <\/div>\n\n                                    <h3>Bordeaux November 2025 | Winelovers<\/h3>\n                \n                                    <div class=\"date__wrapper\">\n                        <p>2025. november 22.<\/p>\n\n                                            <\/div>\n                \n                <div class=\"social__wrapper\">\n                    <div class=\"social-share__wrapper \">\n    <a href=\"https:\/\/www.facebook.com\/sharer\/sharer.php?u=https:\/\/bor.hu\/en\/events\/bordeaux-november-2025-winelovers\/\" target=\"_blank\">\n        <img decoding=\"async\" src=\"https:\/\/bor.hu\/wp-content\/themes\/wp-theme-bor\/assets\/images\/icons\/facebook.svg\" alt=\"\">\n    <\/a>\n\n    <a href=\"http:\/\/twitter.com\/share?url=https:\/\/bor.hu\/en\/events\/bordeaux-november-2025-winelovers\/\" target=\"_blank\">\n        <img decoding=\"async\" src=\"https:\/\/bor.hu\/wp-content\/themes\/wp-theme-bor\/assets\/images\/icons\/x.svg\" alt=\"\">\n    <\/a>\n\n    <img decoding=\"async\" src=\"https:\/\/bor.hu\/wp-content\/themes\/wp-theme-bor\/assets\/images\/icons\/copy.svg\" alt=\"\" class=\"js-copy-link cursor-pointer\" data-copy=\"https:\/\/bor.hu\/en\/events\/bordeaux-november-2025-winelovers\/\">\n<\/div>\n\n                                            <a class=\"btn add-to-calendar\" href=\"https:\/\/calendar.google.com\/calendar\/render?action=TEMPLATE&#038;text=Bordeaux+November+2025+%7C+Winelovers&#038;dates=20251122\/20251122&#038;details=The+largest+tasting+of+Bordeaux+style+red+wines.&#038;location=Corinthia+Budapest%2C+1073+Budapest%2C+43-49+Erzs%C3%A9bet+Blvd&#038;trp=false&#038;ctz=Europe\/Budapest&#038;sprop=website:https%3A%2F%2Fbor.hu%2Fen%2Fevents%2Fbordeaux-november-2025-winelovers%2F&#038;sprop=name:Magyar+Bor\" target=\"_blank\" rel=\"noopener noreferrer\">\n                            <div class=\"icon__wrapper\">\n                                <img decoding=\"async\" src=\"https:\/\/bor.hu\/wp-content\/themes\/wp-theme-bor\/assets\/images\/icons\/calendar-add.svg\" alt=\"\">\n                            <\/div>\n                            Add to calendar                        <\/a>\n                                    <\/div>\n            <\/div>\n\n            <div class=\"offset-xl-1 col-xl-6\">\n                                    <div class=\"image__wrapper\">\n                        <img decoding=\"async\" src=\"https:\/\/bor.hu\/wp-content\/uploads\/2025\/11\/Bordoi-November-2025-Winelovers.jpg\" alt=\"Bord\u00f3i November 2025 Winelovers\" class=\"ofi-cover-center-center\">\n                    <\/div>\n                            <\/div>\n        <\/div>\n    <\/div>\n<\/section>\n\n\n<div style=\"height:48px\" aria-hidden=\"true\" class=\"wp-block-spacer\"><\/div>\n\n\n<div class=\"container static-content\"  ><div class=\"row justify-content-center \"><div class=\" col-xl-4\">\n<div class=\"events__information-box\">\n            <div class=\"events__information-box__inner\">\n            <img decoding=\"async\" src=\"https:\/\/bor.hu\/wp-content\/themes\/wp-theme-bor\/assets\/images\/icons\/map-pin-icon.svg\" alt=\"\">\n\n            <div class=\"text__wrapper\">\n                                    <p>Budapest<\/p>\n                \n                                    <a class=\"text__wrapper__link\" href=\"https:\/\/www.google.com\/maps?q=Corinthia Budapest, 1073 Budapest, 43-49 Erzs\u00e9bet Blvd\">Corinthia Budapest, 1073 Budapest, 43-49 Erzs\u00e9bet Blvd<\/a>\n                            <\/div>\n        <\/div>\n    \n            <div class=\"events__information-box__inner has-chevron\">\n            <img decoding=\"async\" src=\"https:\/\/bor.hu\/wp-content\/themes\/wp-theme-bor\/assets\/images\/icons\/facebook-secondary.svg\" alt=\"\">\n            <a href=\"https:\/\/www.facebook.com\/events\/1134282232135815\" target=\"_blank\">\n                Facebook event                <img decoding=\"async\" src=\"https:\/\/bor.hu\/wp-content\/themes\/wp-theme-bor\/assets\/images\/icons\/chevron-grey.svg\" alt=\"\">\n            <\/a>\n        <\/div>\n    \n            <div class=\"events__information-box__inner has-chevron\">\n            <img decoding=\"async\" src=\"https:\/\/bor.hu\/wp-content\/themes\/wp-theme-bor\/assets\/images\/icons\/globe-secondary.svg\" alt=\"\">\n            <a href=\"https:\/\/wineloversrendezvenyek.hu\/bordoi-november\/\" target=\"_blank\">\n                Open website                <img decoding=\"async\" src=\"https:\/\/bor.hu\/wp-content\/themes\/wp-theme-bor\/assets\/images\/icons\/chevron-grey.svg\" alt=\"\">\n            <\/a>\n        <\/div>\n    \n            <div class=\"events__information-box__inner\">\n            <img decoding=\"async\" src=\"https:\/\/bor.hu\/wp-content\/themes\/wp-theme-bor\/assets\/images\/icons\/information.svg\" alt=\"\">\n            <p>14:00 \u2013 21:00<\/p>\n        <\/div>\n    \n    <\/div>\n\n<\/div><div class=\"offset-xl-1 me-auto text-wrapper col-xl-6\">\n<div style=\"height:16px\" aria-hidden=\"true\" class=\"wp-block-spacer d-xl-none d-block\"><\/div>\n\n<p>Bordeaux has given the world three famous red grape varieties: Cabernet Sauvignon, Cabernet Franc and Merlot. These varieties have become popular in almost all wine regions around the world and they often produce complex, high-quality wines with a rich aroma and potential. This November, the general public will once again have the opportunity to experience the excellence of Bordeaux inspired Hungarian reds for themselves. The focus will be on Cabernet Sauvignon, Cabernet Franc, Merlot and Bordeaux blends.<\/p>\n\n<p>Exhibiting wineries: \u00c1cs Winery, Attila Winery, B\u00edbor Estate, Bock Winery, Bodri Winery, B\u0151dy Family Estate, Bujdos\u00f3 Vineyard and Winery, Caldamentum Vineyard, Dominium Wine, Tam\u00e1s D\u00fazsi and Family, Eszterbauer Winery, Fiv\u00e9rek Winery, Gere Attila Winery, Gere Tam\u00e1s &amp; Zsolt Winery, Gluck Estate, Havas &amp; Tim\u00e1r Winery, Homola Winery, IKON Winery, Jammertal Winery, Juh\u00e1sz Brothers Winery, Katona Winery, Kecze &amp; Hady Craft Winery, Csaba Koch, Lajver Winery, Matias Winery, Zsolt Maul Premium Winery, N3 Wine Workshop, Neiner Family Winery, Pannonhalma Archabbey, S\u00e1rosdi Winery, Streit-Zagonyi Winery, SUTTOWine, Teleki Wine, Thummerer Winery, T\u00d3THBORBIRTOK, Turul Wineyard, T\u00fcske Winery, T\u0171zk\u0151 Estate, V\u00e1rszegi Winery, Veszpr\u00e9m Archdiocese Winery, Vinatus Winery, Vylyan Winery, Werner Winery<\/p>\n<\/div><\/div><\/div>\n\n\n<div style=\"height:120px\" aria-hidden=\"true\" class=\"wp-block-spacer\"><\/div>\n","protected":false},"excerpt":{"rendered":"<p>Bordeaux has given the world three famous red grape varieties: Cabernet Sauvignon, Cabernet Franc and Merlot. These varieties have become popular in almost all wine regions around the world and they often produce complex, high-quality wines with a rich aroma and potential. This November, the general public will once again have the opportunity to experience [&hellip;]<\/p>\n","protected":false},"author":3,"featured_media":0,"parent":6712,"menu_order":0,"comment_status":"closed","ping_status":"closed","template":"","meta":{"_acf_changed":false,"footnotes":""},"class_list":["post-7655","page","type-page","status-publish","hentry"],"acf":[],"yoast_head":"<!-- This site is optimized with the Yoast SEO plugin v26.3 - https:\/\/yoast.com\/wordpress\/plugins\/seo\/ -->\n<title>Bordeaux November 2025 | Winelovers - Magyar Bor<\/title>\n<meta name=\"robots\" content=\"index, follow, max-snippet:-1, max-image-preview:large, max-video-preview:-1\" \/>\n<link rel=\"canonical\" href=\"https:\/\/bor.hu\/en\/events\/bordeaux-november-2025-winelovers\/\" \/>\n<meta property=\"og:locale\" content=\"en_US\" \/>\n<meta property=\"og:type\" content=\"article\" \/>\n<meta property=\"og:title\" content=\"Bordeaux November 2025 | Winelovers - Magyar Bor\" \/>\n<meta property=\"og:description\" content=\"Bordeaux has given the world three famous red grape varieties: Cabernet Sauvignon, Cabernet Franc and Merlot. These varieties have become popular in almost all wine regions around the world and they often produce complex, high-quality wines with a rich aroma and potential. This November, the general public will once again have the opportunity to experience [&hellip;]\" \/>\n<meta property=\"og:url\" content=\"https:\/\/bor.hu\/en\/events\/bordeaux-november-2025-winelovers\/\" \/>\n<meta property=\"og:site_name\" content=\"Magyar Bor\" \/>\n<meta property=\"article:publisher\" content=\"https:\/\/www.facebook.com\/magyarborfacebook\/\" \/>\n<meta property=\"article:modified_time\" content=\"2025-11-17T10:16:36+00:00\" \/>\n<meta property=\"og:image\" content=\"https:\/\/bor.hu\/wp-content\/uploads\/2025\/11\/mb_logo-05.png\" \/>\n\t<meta property=\"og:image:width\" content=\"979\" \/>\n\t<meta property=\"og:image:height\" content=\"979\" \/>\n\t<meta property=\"og:image:type\" content=\"image\/png\" \/>\n<meta name=\"twitter:card\" content=\"summary_large_image\" \/>\n<meta name=\"twitter:label1\" content=\"Est. reading time\" \/>\n\t<meta name=\"twitter:data1\" content=\"1 minute\" \/>\n<script type=\"application\/ld+json\" class=\"yoast-schema-graph\">{\"@context\":\"https:\/\/schema.org\",\"@graph\":[{\"@type\":\"WebPage\",\"@id\":\"https:\/\/bor.hu\/en\/events\/bordeaux-november-2025-winelovers\/\",\"url\":\"https:\/\/bor.hu\/en\/events\/bordeaux-november-2025-winelovers\/\",\"name\":\"Bordeaux November 2025 | Winelovers - Magyar Bor\",\"isPartOf\":{\"@id\":\"https:\/\/bor.hu\/en\/#website\"},\"datePublished\":\"2025-11-17T10:16:18+00:00\",\"dateModified\":\"2025-11-17T10:16:36+00:00\",\"breadcrumb\":{\"@id\":\"https:\/\/bor.hu\/en\/events\/bordeaux-november-2025-winelovers\/#breadcrumb\"},\"inLanguage\":\"en-US\",\"potentialAction\":[{\"@type\":\"ReadAction\",\"target\":[\"https:\/\/bor.hu\/en\/events\/bordeaux-november-2025-winelovers\/\"]}]},{\"@type\":\"BreadcrumbList\",\"@id\":\"https:\/\/bor.hu\/en\/events\/bordeaux-november-2025-winelovers\/#breadcrumb\",\"itemListElement\":[{\"@type\":\"ListItem\",\"position\":1,\"name\":\"Kezd\u0151lap\",\"item\":\"https:\/\/bor.hu\/en\/\"},{\"@type\":\"ListItem\",\"position\":2,\"name\":\"Events\",\"item\":\"https:\/\/bor.hu\/en\/events\/\"},{\"@type\":\"ListItem\",\"position\":3,\"name\":\"Bordeaux November 2025 | Winelovers\"}]},{\"@type\":\"WebSite\",\"@id\":\"https:\/\/bor.hu\/en\/#website\",\"url\":\"https:\/\/bor.hu\/en\/\",\"name\":\"Magyar Bor\",\"description\":\"\",\"publisher\":{\"@id\":\"https:\/\/bor.hu\/en\/#organization\"},\"potentialAction\":[{\"@type\":\"SearchAction\",\"target\":{\"@type\":\"EntryPoint\",\"urlTemplate\":\"https:\/\/bor.hu\/en\/?s={search_term_string}\"},\"query-input\":{\"@type\":\"PropertyValueSpecification\",\"valueRequired\":true,\"valueName\":\"search_term_string\"}}],\"inLanguage\":\"en-US\"},{\"@type\":\"Organization\",\"@id\":\"https:\/\/bor.hu\/en\/#organization\",\"name\":\"Magyar Bor\",\"url\":\"https:\/\/bor.hu\/en\/\",\"logo\":{\"@type\":\"ImageObject\",\"inLanguage\":\"en-US\",\"@id\":\"https:\/\/bor.hu\/en\/#\/schema\/logo\/image\/\",\"url\":\"https:\/\/bor.hu\/wp-content\/uploads\/2025\/11\/mb_logo-05.png\",\"contentUrl\":\"https:\/\/bor.hu\/wp-content\/uploads\/2025\/11\/mb_logo-05.png\",\"width\":979,\"height\":979,\"caption\":\"Magyar Bor\"},\"image\":{\"@id\":\"https:\/\/bor.hu\/en\/#\/schema\/logo\/image\/\"},\"sameAs\":[\"https:\/\/www.facebook.com\/magyarborfacebook\/\",\"https:\/\/www.instagram.com\/magyarbor\/\",\"https:\/\/www.linkedin.com\/company\/winesofhungary\/\"]}]}<\/script>\n<!-- \/ Yoast SEO plugin. -->","yoast_head_json":{"title":"Bordeaux November 2025 | Winelovers - Magyar Bor","robots":{"index":"index","follow":"follow","max-snippet":"max-snippet:-1","max-image-preview":"max-image-preview:large","max-video-preview":"max-video-preview:-1"},"canonical":"https:\/\/bor.hu\/en\/events\/bordeaux-november-2025-winelovers\/","og_locale":"en_US","og_type":"article","og_title":"Bordeaux November 2025 | Winelovers - Magyar Bor","og_description":"Bordeaux has given the world three famous red grape varieties: Cabernet Sauvignon, Cabernet Franc and Merlot. These varieties have become popular in almost all wine regions around the world and they often produce complex, high-quality wines with a rich aroma and potential. This November, the general public will once again have the opportunity to experience [&hellip;]","og_url":"https:\/\/bor.hu\/en\/events\/bordeaux-november-2025-winelovers\/","og_site_name":"Magyar Bor","article_publisher":"https:\/\/www.facebook.com\/magyarborfacebook\/","article_modified_time":"2025-11-17T10:16:36+00:00","og_image":[{"width":979,"height":979,"url":"https:\/\/bor.hu\/wp-content\/uploads\/2025\/11\/mb_logo-05.png","type":"image\/png"}],"twitter_card":"summary_large_image","twitter_misc":{"Est. reading time":"1 minute"},"schema":{"@context":"https:\/\/schema.org","@graph":[{"@type":"WebPage","@id":"https:\/\/bor.hu\/en\/events\/bordeaux-november-2025-winelovers\/","url":"https:\/\/bor.hu\/en\/events\/bordeaux-november-2025-winelovers\/","name":"Bordeaux November 2025 | Winelovers - Magyar Bor","isPartOf":{"@id":"https:\/\/bor.hu\/en\/#website"},"datePublished":"2025-11-17T10:16:18+00:00","dateModified":"2025-11-17T10:16:36+00:00","breadcrumb":{"@id":"https:\/\/bor.hu\/en\/events\/bordeaux-november-2025-winelovers\/#breadcrumb"},"inLanguage":"en-US","potentialAction":[{"@type":"ReadAction","target":["https:\/\/bor.hu\/en\/events\/bordeaux-november-2025-winelovers\/"]}]},{"@type":"BreadcrumbList","@id":"https:\/\/bor.hu\/en\/events\/bordeaux-november-2025-winelovers\/#breadcrumb","itemListElement":[{"@type":"ListItem","position":1,"name":"Kezd\u0151lap","item":"https:\/\/bor.hu\/en\/"},{"@type":"ListItem","position":2,"name":"Events","item":"https:\/\/bor.hu\/en\/events\/"},{"@type":"ListItem","position":3,"name":"Bordeaux November 2025 | Winelovers"}]},{"@type":"WebSite","@id":"https:\/\/bor.hu\/en\/#website","url":"https:\/\/bor.hu\/en\/","name":"Magyar Bor","description":"","publisher":{"@id":"https:\/\/bor.hu\/en\/#organization"},"potentialAction":[{"@type":"SearchAction","target":{"@type":"EntryPoint","urlTemplate":"https:\/\/bor.hu\/en\/?s={search_term_string}"},"query-input":{"@type":"PropertyValueSpecification","valueRequired":true,"valueName":"search_term_string"}}],"inLanguage":"en-US"},{"@type":"Organization","@id":"https:\/\/bor.hu\/en\/#organization","name":"Magyar Bor","url":"https:\/\/bor.hu\/en\/","logo":{"@type":"ImageObject","inLanguage":"en-US","@id":"https:\/\/bor.hu\/en\/#\/schema\/logo\/image\/","url":"https:\/\/bor.hu\/wp-content\/uploads\/2025\/11\/mb_logo-05.png","contentUrl":"https:\/\/bor.hu\/wp-content\/uploads\/2025\/11\/mb_logo-05.png","width":979,"height":979,"caption":"Magyar Bor"},"image":{"@id":"https:\/\/bor.hu\/en\/#\/schema\/logo\/image\/"},"sameAs":["https:\/\/www.facebook.com\/magyarborfacebook\/","https:\/\/www.instagram.com\/magyarbor\/","https:\/\/www.linkedin.com\/company\/winesofhungary\/"]}]}},"_links":{"self":[{"href":"https:\/\/bor.hu\/en\/wp-json\/wp\/v2\/pages\/7655","targetHints":{"allow":["GET"]}}],"collection":[{"href":"https:\/\/bor.hu\/en\/wp-json\/wp\/v2\/pages"}],"about":[{"href":"https:\/\/bor.hu\/en\/wp-json\/wp\/v2\/types\/page"}],"author":[{"embeddable":true,"href":"https:\/\/bor.hu\/en\/wp-json\/wp\/v2\/users\/3"}],"replies":[{"embeddable":true,"href":"https:\/\/bor.hu\/en\/wp-json\/wp\/v2\/comments?post=7655"}],"version-history":[{"count":1,"href":"https:\/\/bor.hu\/en\/wp-json\/wp\/v2\/pages\/7655\/revisions"}],"predecessor-version":[{"id":7656,"href":"https:\/\/bor.hu\/en\/wp-json\/wp\/v2\/pages\/7655\/revisions\/7656"}],"up":[{"embeddable":true,"href":"https:\/\/bor.hu\/en\/wp-json\/wp\/v2\/pages\/6712"}],"wp:attachment":[{"href":"https:\/\/bor.hu\/en\/wp-json\/wp\/v2\/media?parent=7655"}],"curies":[{"name":"wp","href":"https:\/\/api.w.org\/{rel}","templated":true}]}}