{"id":9489,"date":"2026-01-22T15:37:05","date_gmt":"2026-01-22T14:37:05","guid":{"rendered":"https:\/\/bor.hu\/?page_id=9489"},"modified":"2026-01-27T12:06:03","modified_gmt":"2026-01-27T11:06:03","slug":"black-grape-varieties-red-wine-styles","status":"publish","type":"page","link":"https:\/\/bor.hu\/en\/grape-varieties-and-wine-styles\/black-grape-varieties-red-wine-styles\/","title":{"rendered":"Black grape varieties, red wine styles"},"content":{"rendered":"\n<section class=\"section__hero medium\">\n                                <div class=\"swiper-slide\">\n                    <div class=\"slide-inner centered\">\n            <div class=\"overlay\"><\/div>\n    \n            <img decoding=\"async\" src=\"https:\/\/bor.hu\/wp-content\/uploads\/2025\/09\/5ae9336795a53aeaaee4ea68c64dcd55b6b3c178.jpg\" alt=\"5ae9336795a53aeaaee4ea68c64dcd55b6b3c178\"\n            class=\"slide-inner__background ofi-cover-center-center\">\n    \n    \n    <div class=\"container\">\n        <div class=\"row\">\n            <div class=\"col-12 mx-xl-5\">\n                <div class=\"text-image__wrapper\">\n                    \n                    <div class=\"text__wrapper\">\n                                                    <a href=\"https:\/\/bor.hu\/en\/grape-varieties-and-wine-styles\" class=\"btn btn--secondary has-extra-margin\">\n                                Grape varieties and wine styles                            <\/a>\n                        \n                                                    <h3>Black grape varieties, red wine styles<\/h3>\n                        \n                        \n                                            <\/div>\n                <\/div>\n\n                            <\/div>\n        <\/div>\n    <\/div>\n<\/div>                <\/div>\n                    \n<\/section>\n\n\n\n<section class=\"section__text-image--secondary  has-decor \">\n    <div class=\"container\">\n        <div class=\"row h-100\">\n            <div class=\"order-xl-1 order-2 offset-xl-1  col-xl-5 col-12 my-auto position-relative\">\n                                    <img decoding=\"async\" src=\"https:\/\/bor.hu\/wp-content\/themes\/wp-theme-bor\/assets\/images\/decor\/logo-transparent-1.svg\" alt=\"\" class=\"decor-image\">\n                \n                \n                    <div class=\"image__wrapper\">\n                        <img decoding=\"async\" src=\"https:\/\/bor.hu\/wp-content\/uploads\/2025\/10\/ZIXY2394-Enhanced-NR.jpg\" alt=\"ZIXY2394-Enhanced-NR\" class=\"ofi-cover-center-center\">\n                    <\/div>\n                            <\/div>\n\n            <div class=\"order-xl-2 order-1  my-auto col-xl-5 col-12  \">\n                <div class=\"text-image__text\">\n                                            <p class=\"text__wrapper__label\">BLACK GRAPE VARIETIES<\/p>\n                    \n                                            <p class=\"text__wrapper__title\">There are currently 45 black grape varieties authorised or temporarily authorised in Hungary, ranging from Alibernet to Zweigelt. Compared to the white varieties, there is much less variation in their ranking.<\/p>\n                    \n                                            <p class=\"text__wrapper__text\">K\u00e9kfrankos is the most common variety (also overall), with more than 12% of the country\u2019s vineyards planted with this Carpathian Basin variety, while the percentage of international, French varieties has increased in recent years. Proportionately, black grapes account for 30% of the vineyard area, with white grapes making up the remaining 70%, meaning that 19,670 hectares of black varieties are currently planted in Hungary. The proportions of black grapes are much more concentrated than those of white grapes, with the top ten most planted varieties accounting for 96% of all planted varieties. Both red and ros\u00e9 wine is made from black varieties. These can be grouped according to origin (e.g. international or Carpathian Basin varieties) as well as style.<\/p>\n                                    <\/div>\n            <\/div>\n        <\/div>\n    <\/div>\n<\/section>\n\n\n<section class=\"section__grapes-list\">\n    <div class=\"container\">\n        <div class=\"row\">\n            <div class=\"col-12\">\n                                    <h4>BLACK GRAPE VARIETIES<\/h4>\n                \n                                    <p>Get up close with blue grape varieties!<\/p>\n                \n                <div class=\"grapes__wrapper js-grapes-wrapper\" data-items-per-page=\"12\">\n                                            <div class=\"grape__item js-grape-item\">\n                                                            <a href=\"https:\/\/bor.hu\/blauburger\/\"><\/a>\n                            \n                            <div class=\"image__wrapper\">\n                                                                    <img decoding=\"async\" src=\"https:\/\/bor.hu\/wp-content\/uploads\/2025\/10\/Blauburger_1_2019-scaled.jpg\" alt=\"Blauburger hero\" class=\"ofi-cover-center-center\">\n                                                            <\/div>\n\n                                                            <p class=\"grape__item__title\">Blauburger<\/p>\n                                                    <\/div>\n                                            <div class=\"grape__item js-grape-item\">\n                                                            <a href=\"https:\/\/bor.hu\/cabernet-franc\/\"><\/a>\n                            \n                            <div class=\"image__wrapper\">\n                                                                    <img decoding=\"async\" src=\"https:\/\/bor.hu\/wp-content\/uploads\/2025\/10\/Cabernet-franc-Eger-1-scaled.jpg\" alt=\"Cabernet franc hero\" class=\"ofi-cover-center-center\">\n                                                            <\/div>\n\n                                                            <p class=\"grape__item__title\">Cabernet Franc<\/p>\n                                                    <\/div>\n                                            <div class=\"grape__item js-grape-item\">\n                                                            <a href=\"https:\/\/bor.hu\/cabernet-sauvignon\/\"><\/a>\n                            \n                            <div class=\"image__wrapper\">\n                                                                    <img decoding=\"async\" src=\"https:\/\/bor.hu\/wp-content\/uploads\/2025\/10\/CabernetSauvignon_1_2019-scaled.jpg\" alt=\"CabernetSauvignon hero\" class=\"ofi-cover-center-center\">\n                                                            <\/div>\n\n                                                            <p class=\"grape__item__title\">Cabernet Sauvignon<\/p>\n                                                    <\/div>\n                                            <div class=\"grape__item js-grape-item\">\n                                                            <a href=\"https:\/\/bor.hu\/csokaszolo\/\"><\/a>\n                            \n                            <div class=\"image__wrapper\">\n                                                                    <img decoding=\"async\" src=\"https:\/\/bor.hu\/wp-content\/uploads\/2025\/10\/Csokaszolo_2_2019-scaled.jpg\" alt=\"Cs\u00f3kasz\u0151l\u0151 hero\" class=\"ofi-cover-center-center\">\n                                                            <\/div>\n\n                                                            <p class=\"grape__item__title\">Cs\u00f3kasz\u0151l\u0151<\/p>\n                                                    <\/div>\n                                            <div class=\"grape__item js-grape-item\">\n                                                            <a href=\"https:\/\/bor.hu\/gamay-noir\/\"><\/a>\n                            \n                            <div class=\"image__wrapper\">\n                                                                    <img decoding=\"async\" src=\"https:\/\/bor.hu\/wp-content\/uploads\/2025\/10\/GamayNoir_1_2019-scaled.jpg\" alt=\"GamayNoir hero\" class=\"ofi-cover-center-center\">\n                                                            <\/div>\n\n                                                            <p class=\"grape__item__title\">Gamay Noir<\/p>\n                                                    <\/div>\n                                            <div class=\"grape__item js-grape-item\">\n                                                            <a href=\"https:\/\/bor.hu\/kadarka\/\"><\/a>\n                            \n                            <div class=\"image__wrapper\">\n                                                                    <img decoding=\"async\" src=\"https:\/\/bor.hu\/wp-content\/uploads\/2025\/10\/Kadarka_1_2019-scaled.jpg\" alt=\"Kadarka hero\" class=\"ofi-cover-center-center\">\n                                                            <\/div>\n\n                                                            <p class=\"grape__item__title\">Kadarka<\/p>\n                                                    <\/div>\n                                            <div class=\"grape__item js-grape-item\">\n                                                            <a href=\"https:\/\/bor.hu\/kekfrankos\/\"><\/a>\n                            \n                            <div class=\"image__wrapper\">\n                                                                    <img decoding=\"async\" src=\"https:\/\/bor.hu\/wp-content\/uploads\/2025\/10\/Kekfrankos_1_2019-scaled.jpg\" alt=\"K\u00e9kfrankos hero\" class=\"ofi-cover-center-center\">\n                                                            <\/div>\n\n                                                            <p class=\"grape__item__title\">K\u00e9kfrankos<\/p>\n                                                    <\/div>\n                                            <div class=\"grape__item js-grape-item\">\n                                                            <a href=\"https:\/\/bor.hu\/medina\/\"><\/a>\n                            \n                            <div class=\"image__wrapper\">\n                                                                    <img decoding=\"async\" src=\"https:\/\/bor.hu\/wp-content\/uploads\/2025\/10\/medina-scaled.jpg\" alt=\"medina hero\" class=\"ofi-cover-center-center\">\n                                                            <\/div>\n\n                                                            <p class=\"grape__item__title\">Medina<\/p>\n                                                    <\/div>\n                                            <div class=\"grape__item js-grape-item\">\n                                                            <a href=\"https:\/\/bor.hu\/menoire\/\"><\/a>\n                            \n                            <div class=\"image__wrapper\">\n                                                                    <img decoding=\"async\" src=\"https:\/\/bor.hu\/wp-content\/uploads\/2025\/10\/medina-2-scaled.jpg\" alt=\"Menoire hero\" class=\"ofi-cover-center-center\">\n                                                            <\/div>\n\n                                                            <p class=\"grape__item__title\">Menoire<\/p>\n                                                    <\/div>\n                                            <div class=\"grape__item js-grape-item\">\n                                                            <a href=\"https:\/\/bor.hu\/merlot\/\"><\/a>\n                            \n                            <div class=\"image__wrapper\">\n                                                                    <img decoding=\"async\" src=\"https:\/\/bor.hu\/wp-content\/uploads\/2025\/10\/MerlotNoir_1_2019-scaled.jpg\" alt=\"Merlot hero\" class=\"ofi-cover-center-center\">\n                                                            <\/div>\n\n                                                            <p class=\"grape__item__title\">Merlot<\/p>\n                                                    <\/div>\n                                            <div class=\"grape__item js-grape-item\">\n                                                            <a href=\"https:\/\/bor.hu\/nero\/\"><\/a>\n                            \n                            <div class=\"image__wrapper\">\n                                                                    <img decoding=\"async\" src=\"https:\/\/bor.hu\/wp-content\/uploads\/2025\/10\/nero-scaled.jpg\" alt=\"nero hero\" class=\"ofi-cover-center-center\">\n                                                            <\/div>\n\n                                                            <p class=\"grape__item__title\">N\u00e9r\u00f3<\/p>\n                                                    <\/div>\n                                            <div class=\"grape__item js-grape-item\">\n                                                            <a href=\"https:\/\/bor.hu\/pinot-noir\/\"><\/a>\n                            \n                            <div class=\"image__wrapper\">\n                                                                    <img decoding=\"async\" src=\"https:\/\/bor.hu\/wp-content\/uploads\/2025\/10\/Pinotnoir_2_2019-scaled.jpg\" alt=\"Pinotnoir hero\" class=\"ofi-cover-center-center\">\n                                                            <\/div>\n\n                                                            <p class=\"grape__item__title\">Pinot Noir<\/p>\n                                                    <\/div>\n                                            <div class=\"grape__item js-grape-item\">\n                                                            <a href=\"https:\/\/bor.hu\/portugieser\/\"><\/a>\n                            \n                            <div class=\"image__wrapper\">\n                                                                    <img decoding=\"async\" src=\"https:\/\/bor.hu\/wp-content\/uploads\/2025\/10\/Portugieser_1_2019-scaled.jpg\" alt=\"Portugieser hero\" class=\"ofi-cover-center-center\">\n                                                            <\/div>\n\n                                                            <p class=\"grape__item__title\">Portugieser<\/p>\n                                                    <\/div>\n                                            <div class=\"grape__item js-grape-item\">\n                                                            <a href=\"https:\/\/bor.hu\/syrah\/\"><\/a>\n                            \n                            <div class=\"image__wrapper\">\n                                                                    <img decoding=\"async\" src=\"https:\/\/bor.hu\/wp-content\/uploads\/2025\/10\/Syrah_1_2019-scaled.jpg\" alt=\"Syrah hero\" class=\"ofi-cover-center-center\">\n                                                            <\/div>\n\n                                                            <p class=\"grape__item__title\">Syrah<\/p>\n                                                    <\/div>\n                                            <div class=\"grape__item js-grape-item\">\n                                                            <a href=\"https:\/\/bor.hu\/turan\/\"><\/a>\n                            \n                            <div class=\"image__wrapper\">\n                                                                    <img decoding=\"async\" src=\"https:\/\/bor.hu\/wp-content\/uploads\/2025\/10\/Turan_1_2019-scaled.jpg\" alt=\"Tur\u00e1n hero\" class=\"ofi-cover-center-center\">\n                                                            <\/div>\n\n                                                            <p class=\"grape__item__title\">Tur\u00e1n<\/p>\n                                                    <\/div>\n                                            <div class=\"grape__item js-grape-item\">\n                                                            <a href=\"https:\/\/bor.hu\/zweigelt\/\"><\/a>\n                            \n                            <div class=\"image__wrapper\">\n                                                                    <img decoding=\"async\" src=\"https:\/\/bor.hu\/wp-content\/uploads\/2025\/10\/Zweigelt_1_2019-scaled.jpg\" alt=\"Zweigelt hero\" class=\"ofi-cover-center-center\">\n                                                            <\/div>\n\n                                                            <p class=\"grape__item__title\">Zweigelt<\/p>\n                                                    <\/div>\n                                    <\/div>\n\n                <button type=\"button\" class=\"btn btn--secondary load-more-grape js-load-more-grape\">\n                    More blue grape varieties                <\/button>\n            <\/div>\n        <\/div>\n    <\/div>\n<\/section>\n\n\n\n<section class=\"section__news-list\" style=\"background-color: #f3f4f8;\">\n\n    \n    <div class=\"container\">\n        <div class=\"row\">\n            <div class=\"col-12\">\n\n                                    <h4 class=\"section-title\">Latest articles<\/h4>\n                \n                <div\n                    class=\"news-list__wrapper js-news-container\"\n                    data-limit=3                    data-order=DESC>\n                <\/div>\n\n                            <\/div>\n        <\/div>\n    <\/div>\n<\/section>\n","protected":false},"excerpt":{"rendered":"","protected":false},"author":1,"featured_media":0,"parent":9469,"menu_order":0,"comment_status":"closed","ping_status":"closed","template":"","meta":{"_acf_changed":false,"footnotes":""},"class_list":["post-9489","page","type-page","status-publish","hentry"],"acf":[],"yoast_head":"<!-- This site is optimized with the Yoast SEO plugin v26.3 - https:\/\/yoast.com\/wordpress\/plugins\/seo\/ -->\n<title>Black grape varieties, red wine styles - Magyar Bor<\/title>\n<meta name=\"robots\" content=\"index, follow, max-snippet:-1, max-image-preview:large, max-video-preview:-1\" \/>\n<link rel=\"canonical\" href=\"https:\/\/bor.hu\/en\/grape-varieties-and-wine-styles\/black-grape-varieties-red-wine-styles\/\" \/>\n<meta property=\"og:locale\" content=\"en_US\" \/>\n<meta property=\"og:type\" content=\"article\" \/>\n<meta property=\"og:title\" content=\"Black grape varieties, red wine styles - Magyar Bor\" \/>\n<meta property=\"og:url\" content=\"https:\/\/bor.hu\/en\/grape-varieties-and-wine-styles\/black-grape-varieties-red-wine-styles\/\" \/>\n<meta property=\"og:site_name\" content=\"Magyar Bor\" \/>\n<meta property=\"article:publisher\" content=\"https:\/\/www.facebook.com\/magyarborfacebook\/\" \/>\n<meta property=\"article:modified_time\" content=\"2026-01-27T11:06:03+00:00\" \/>\n<meta property=\"og:image\" content=\"https:\/\/bor.hu\/wp-content\/uploads\/2025\/11\/mb_logo-05.png\" \/>\n\t<meta property=\"og:image:width\" content=\"979\" \/>\n\t<meta property=\"og:image:height\" content=\"979\" \/>\n\t<meta property=\"og:image:type\" content=\"image\/png\" \/>\n<meta name=\"twitter:card\" content=\"summary_large_image\" \/>\n<script type=\"application\/ld+json\" class=\"yoast-schema-graph\">{\"@context\":\"https:\/\/schema.org\",\"@graph\":[{\"@type\":\"WebPage\",\"@id\":\"https:\/\/bor.hu\/en\/grape-varieties-and-wine-styles\/black-grape-varieties-red-wine-styles\/\",\"url\":\"https:\/\/bor.hu\/en\/grape-varieties-and-wine-styles\/black-grape-varieties-red-wine-styles\/\",\"name\":\"Black grape varieties, red wine styles - Magyar Bor\",\"isPartOf\":{\"@id\":\"https:\/\/bor.hu\/en\/#website\"},\"datePublished\":\"2026-01-22T14:37:05+00:00\",\"dateModified\":\"2026-01-27T11:06:03+00:00\",\"breadcrumb\":{\"@id\":\"https:\/\/bor.hu\/en\/grape-varieties-and-wine-styles\/black-grape-varieties-red-wine-styles\/#breadcrumb\"},\"inLanguage\":\"en-US\",\"potentialAction\":[{\"@type\":\"ReadAction\",\"target\":[\"https:\/\/bor.hu\/en\/grape-varieties-and-wine-styles\/black-grape-varieties-red-wine-styles\/\"]}]},{\"@type\":\"BreadcrumbList\",\"@id\":\"https:\/\/bor.hu\/en\/grape-varieties-and-wine-styles\/black-grape-varieties-red-wine-styles\/#breadcrumb\",\"itemListElement\":[{\"@type\":\"ListItem\",\"position\":1,\"name\":\"Kezd\u0151lap\",\"item\":\"https:\/\/bor.hu\/en\/\"},{\"@type\":\"ListItem\",\"position\":2,\"name\":\"Grape varieties and wine styles\",\"item\":\"https:\/\/bor.hu\/en\/grape-varieties-and-wine-styles\/\"},{\"@type\":\"ListItem\",\"position\":3,\"name\":\"Black grape varieties, red wine styles\"}]},{\"@type\":\"WebSite\",\"@id\":\"https:\/\/bor.hu\/en\/#website\",\"url\":\"https:\/\/bor.hu\/en\/\",\"name\":\"Magyar Bor\",\"description\":\"\",\"publisher\":{\"@id\":\"https:\/\/bor.hu\/en\/#organization\"},\"potentialAction\":[{\"@type\":\"SearchAction\",\"target\":{\"@type\":\"EntryPoint\",\"urlTemplate\":\"https:\/\/bor.hu\/en\/?s={search_term_string}\"},\"query-input\":{\"@type\":\"PropertyValueSpecification\",\"valueRequired\":true,\"valueName\":\"search_term_string\"}}],\"inLanguage\":\"en-US\"},{\"@type\":\"Organization\",\"@id\":\"https:\/\/bor.hu\/en\/#organization\",\"name\":\"Magyar Bor\",\"url\":\"https:\/\/bor.hu\/en\/\",\"logo\":{\"@type\":\"ImageObject\",\"inLanguage\":\"en-US\",\"@id\":\"https:\/\/bor.hu\/en\/#\/schema\/logo\/image\/\",\"url\":\"https:\/\/bor.hu\/wp-content\/uploads\/2025\/11\/mb_logo-05.png\",\"contentUrl\":\"https:\/\/bor.hu\/wp-content\/uploads\/2025\/11\/mb_logo-05.png\",\"width\":979,\"height\":979,\"caption\":\"Magyar Bor\"},\"image\":{\"@id\":\"https:\/\/bor.hu\/en\/#\/schema\/logo\/image\/\"},\"sameAs\":[\"https:\/\/www.facebook.com\/magyarborfacebook\/\",\"https:\/\/www.instagram.com\/magyarbor\/\",\"https:\/\/www.linkedin.com\/company\/winesofhungary\/\"]}]}<\/script>\n<!-- \/ Yoast SEO plugin. -->","yoast_head_json":{"title":"Black grape varieties, red wine styles - Magyar Bor","robots":{"index":"index","follow":"follow","max-snippet":"max-snippet:-1","max-image-preview":"max-image-preview:large","max-video-preview":"max-video-preview:-1"},"canonical":"https:\/\/bor.hu\/en\/grape-varieties-and-wine-styles\/black-grape-varieties-red-wine-styles\/","og_locale":"en_US","og_type":"article","og_title":"Black grape varieties, red wine styles - Magyar Bor","og_url":"https:\/\/bor.hu\/en\/grape-varieties-and-wine-styles\/black-grape-varieties-red-wine-styles\/","og_site_name":"Magyar Bor","article_publisher":"https:\/\/www.facebook.com\/magyarborfacebook\/","article_modified_time":"2026-01-27T11:06:03+00:00","og_image":[{"width":979,"height":979,"url":"https:\/\/bor.hu\/wp-content\/uploads\/2025\/11\/mb_logo-05.png","type":"image\/png"}],"twitter_card":"summary_large_image","schema":{"@context":"https:\/\/schema.org","@graph":[{"@type":"WebPage","@id":"https:\/\/bor.hu\/en\/grape-varieties-and-wine-styles\/black-grape-varieties-red-wine-styles\/","url":"https:\/\/bor.hu\/en\/grape-varieties-and-wine-styles\/black-grape-varieties-red-wine-styles\/","name":"Black grape varieties, red wine styles - Magyar Bor","isPartOf":{"@id":"https:\/\/bor.hu\/en\/#website"},"datePublished":"2026-01-22T14:37:05+00:00","dateModified":"2026-01-27T11:06:03+00:00","breadcrumb":{"@id":"https:\/\/bor.hu\/en\/grape-varieties-and-wine-styles\/black-grape-varieties-red-wine-styles\/#breadcrumb"},"inLanguage":"en-US","potentialAction":[{"@type":"ReadAction","target":["https:\/\/bor.hu\/en\/grape-varieties-and-wine-styles\/black-grape-varieties-red-wine-styles\/"]}]},{"@type":"BreadcrumbList","@id":"https:\/\/bor.hu\/en\/grape-varieties-and-wine-styles\/black-grape-varieties-red-wine-styles\/#breadcrumb","itemListElement":[{"@type":"ListItem","position":1,"name":"Kezd\u0151lap","item":"https:\/\/bor.hu\/en\/"},{"@type":"ListItem","position":2,"name":"Grape varieties and wine styles","item":"https:\/\/bor.hu\/en\/grape-varieties-and-wine-styles\/"},{"@type":"ListItem","position":3,"name":"Black grape varieties, red wine styles"}]},{"@type":"WebSite","@id":"https:\/\/bor.hu\/en\/#website","url":"https:\/\/bor.hu\/en\/","name":"Magyar Bor","description":"","publisher":{"@id":"https:\/\/bor.hu\/en\/#organization"},"potentialAction":[{"@type":"SearchAction","target":{"@type":"EntryPoint","urlTemplate":"https:\/\/bor.hu\/en\/?s={search_term_string}"},"query-input":{"@type":"PropertyValueSpecification","valueRequired":true,"valueName":"search_term_string"}}],"inLanguage":"en-US"},{"@type":"Organization","@id":"https:\/\/bor.hu\/en\/#organization","name":"Magyar Bor","url":"https:\/\/bor.hu\/en\/","logo":{"@type":"ImageObject","inLanguage":"en-US","@id":"https:\/\/bor.hu\/en\/#\/schema\/logo\/image\/","url":"https:\/\/bor.hu\/wp-content\/uploads\/2025\/11\/mb_logo-05.png","contentUrl":"https:\/\/bor.hu\/wp-content\/uploads\/2025\/11\/mb_logo-05.png","width":979,"height":979,"caption":"Magyar Bor"},"image":{"@id":"https:\/\/bor.hu\/en\/#\/schema\/logo\/image\/"},"sameAs":["https:\/\/www.facebook.com\/magyarborfacebook\/","https:\/\/www.instagram.com\/magyarbor\/","https:\/\/www.linkedin.com\/company\/winesofhungary\/"]}]}},"_links":{"self":[{"href":"https:\/\/bor.hu\/en\/wp-json\/wp\/v2\/pages\/9489","targetHints":{"allow":["GET"]}}],"collection":[{"href":"https:\/\/bor.hu\/en\/wp-json\/wp\/v2\/pages"}],"about":[{"href":"https:\/\/bor.hu\/en\/wp-json\/wp\/v2\/types\/page"}],"author":[{"embeddable":true,"href":"https:\/\/bor.hu\/en\/wp-json\/wp\/v2\/users\/1"}],"replies":[{"embeddable":true,"href":"https:\/\/bor.hu\/en\/wp-json\/wp\/v2\/comments?post=9489"}],"version-history":[{"count":6,"href":"https:\/\/bor.hu\/en\/wp-json\/wp\/v2\/pages\/9489\/revisions"}],"predecessor-version":[{"id":9703,"href":"https:\/\/bor.hu\/en\/wp-json\/wp\/v2\/pages\/9489\/revisions\/9703"}],"up":[{"embeddable":true,"href":"https:\/\/bor.hu\/en\/wp-json\/wp\/v2\/pages\/9469"}],"wp:attachment":[{"href":"https:\/\/bor.hu\/en\/wp-json\/wp\/v2\/media?parent=9489"}],"curies":[{"name":"wp","href":"https:\/\/api.w.org\/{rel}","templated":true}]}}