{"id":9579,"date":"2026-01-23T12:10:21","date_gmt":"2026-01-23T11:10:21","guid":{"rendered":"https:\/\/bor.hu\/vorosbor-eng\/"},"modified":"2026-01-27T14:00:29","modified_gmt":"2026-01-27T13:00:29","slug":"red-wine","status":"publish","type":"page","link":"https:\/\/bor.hu\/en\/red-wine\/","title":{"rendered":"Red wine"},"content":{"rendered":"\n<section class=\"section__hero medium\">\n                                <div class=\"swiper-slide\">\n                    <div class=\"slide-inner centered\">\n            <div class=\"overlay\"><\/div>\n    \n            <img decoding=\"async\" src=\"https:\/\/bor.hu\/wp-content\/uploads\/2025\/10\/bikaver.jpg\" alt=\"V\u00f6r\u00f6sbor fekv\u0151 hero\"\n            class=\"slide-inner__background ofi-cover-center-center\">\n    \n    \n    <div class=\"container\">\n        <div class=\"row\">\n            <div class=\"col-12 mx-xl-5\">\n                <div class=\"text-image__wrapper\">\n                    \n                    <div class=\"text__wrapper\">\n                        \n                                                    <h1>Red wine<\/h1>\n                        \n                        \n                                            <\/div>\n                <\/div>\n\n                            <\/div>\n        <\/div>\n    <\/div>\n<\/div>                <\/div>\n                    \n<\/section>\n\n\n\n\n<div style=\"height:80px\" aria-hidden=\"true\" class=\"wp-block-spacer\"><\/div>\n\n\n<div class=\"container static-content\"  ><div class=\"row justify-content-center justify-content-center\"><div class=\"col-xl-6 col-12 text-wrapper col-12 px-xl-4\">\n<p><strong>Red wine is made from black grape varieties. Their skins contain more pigments and tannin, i.e. polyphenols. The latter chemicals give red wine its different character, since they cause the tissues lining your mouth to contract. In addition to the wine\u2019s colour, this astringent effect is what differentiates red wine from other types of wine.<\/strong><\/p>\n\n<p>The amount of tannin in the wine usually depends on how thick the grape skins of a particular variety are. Varieties with thin skins usually prefer cooler climates and contain fewer pigments while their wines are fruitier and livelier. Varieties with thicker skins only produce fine wines in warmer climates, where there is sufficient sunlight and the temperature is high enough for the grapes to ripen fully. Lighter, fruitier red wines are not always matured in oak, although it is still the more common production method.<\/p>\n\n<p>The climatic conditions of the Carpathian Basin are more suitable for producing fruity, light wines, especially from K\u00e9kfrankos, Kadarka, Zweigelt and Portugieser. The main production areas for black varieties with thick skins and higher tannin content are found around Szeksz\u00e1rd, Vill\u00e1ny and Csongr\u00e1d. It is warm enough here for these varieties to ripen fully. In Vill\u00e1ny, especially fine ageworthy wines are made from Cabernet Franc; however, Cabernet Sauvignon, Merlot and Syrah also produce unique, exciting wines in this wine district, even in international comparison. Finished wines from these varieties are also sometimes blended together. This is also popular in other wine regions, for example in the famous Bordeaux region. Wines made from varieties rich in tannins are among the most long-lived wines in the world.<\/p>\n\n<p>Our concentrated, elegant, not overly tannic wines are able to express the characteristics of their production areas too. A specialty unique to the Carpathian Basin is a red wine called Bikav\u00e9r (which translates as Bull\u2019s Blood), which is made in Eger and Szeksz\u00e1rd. Behind the label in both regions is a vibrant wine with lively acidity based on K\u00e9kfrankos. The shades of red wine are partially due to the grape variety itself. As the wine develops, its colour intensity fades continuously. This is because the tannin is gradually absorbed into the wine, lightening its colour. However, the wine\u2019s hue becomes warmer during this process, just like with white wines.<\/p>\n\n<p>A high-quality red wine often requires a large glass and a decanter enabling it to be aired. This is known as decanting.<\/p>\n\n<div style=\"height:40px\" aria-hidden=\"true\" class=\"wp-block-spacer\"><\/div>\n\n<div style=\"height:24px\" aria-hidden=\"true\" class=\"wp-block-spacer\"><\/div>\n<\/div><\/div><\/div>\n\n\n<div style=\"height:80px\" aria-hidden=\"true\" class=\"wp-block-spacer\"><\/div>\n\n\n\n<section class=\"section__grapes-list\">\n    <div class=\"container\">\n        <div class=\"row\">\n            <div class=\"col-12\">\n                                    <h4>Red grape varieties, red wine styles<\/h4>\n                \n                \n                <div class=\"grapes__wrapper js-grapes-wrapper\" data-items-per-page=\"12\">\n                                            <div class=\"grape__item js-grape-item\">\n                                                            <a href=\"https:\/\/bor.hu\/en\/blauburger\/\"><\/a>\n                            \n                            <div class=\"image__wrapper\">\n                                                                    <img decoding=\"async\" src=\"https:\/\/bor.hu\/wp-content\/uploads\/2025\/10\/Blauburger_1_2019-scaled.jpg\" alt=\"Blauburger hero\" class=\"ofi-cover-center-center\">\n                                                            <\/div>\n\n                                                            <p class=\"grape__item__title\">Blauburger<\/p>\n                                                    <\/div>\n                                            <div class=\"grape__item js-grape-item\">\n                                                            <a href=\"https:\/\/bor.hu\/en\/cabernet-franc\/\"><\/a>\n                            \n                            <div class=\"image__wrapper\">\n                                                                    <img decoding=\"async\" src=\"https:\/\/bor.hu\/wp-content\/uploads\/2025\/10\/Cabernet-franc-Eger-1-scaled.jpg\" alt=\"Cabernet franc hero\" class=\"ofi-cover-center-center\">\n                                                            <\/div>\n\n                                                            <p class=\"grape__item__title\">Cabernet Franc<\/p>\n                                                    <\/div>\n                                            <div class=\"grape__item js-grape-item\">\n                                                            <a href=\"https:\/\/bor.hu\/en\/cabernet-sauvignon\/\"><\/a>\n                            \n                            <div class=\"image__wrapper\">\n                                                                    <img decoding=\"async\" src=\"https:\/\/bor.hu\/wp-content\/uploads\/2025\/10\/CabernetSauvignon_1_2019-scaled.jpg\" alt=\"CabernetSauvignon hero\" class=\"ofi-cover-center-center\">\n                                                            <\/div>\n\n                                                            <p class=\"grape__item__title\">Cabernet Sauvignon<\/p>\n                                                    <\/div>\n                                            <div class=\"grape__item js-grape-item\">\n                                                            <a href=\"https:\/\/bor.hu\/en\/csokaszolo\/\"><\/a>\n                            \n                            <div class=\"image__wrapper\">\n                                                                    <img decoding=\"async\" src=\"https:\/\/bor.hu\/wp-content\/uploads\/2025\/10\/Csokaszolo_2_2019-scaled.jpg\" alt=\"Cs\u00f3kasz\u0151l\u0151 hero\" class=\"ofi-cover-center-center\">\n                                                            <\/div>\n\n                                                            <p class=\"grape__item__title\">Cs\u00f3kasz\u0151l\u0151<\/p>\n                                                    <\/div>\n                                            <div class=\"grape__item js-grape-item\">\n                                                            <a href=\"https:\/\/bor.hu\/en\/gamay-noir\/\"><\/a>\n                            \n                            <div class=\"image__wrapper\">\n                                                                    <img decoding=\"async\" src=\"https:\/\/bor.hu\/wp-content\/uploads\/2025\/10\/GamayNoir_1_2019-scaled.jpg\" alt=\"GamayNoir hero\" class=\"ofi-cover-center-center\">\n                                                            <\/div>\n\n                                                            <p class=\"grape__item__title\">Gamay Noir<\/p>\n                                                    <\/div>\n                                            <div class=\"grape__item js-grape-item\">\n                                                            <a href=\"https:\/\/bor.hu\/en\/kadarka\/\"><\/a>\n                            \n                            <div class=\"image__wrapper\">\n                                                                    <img decoding=\"async\" src=\"https:\/\/bor.hu\/wp-content\/uploads\/2025\/10\/Kadarka_1_2019-scaled.jpg\" alt=\"Kadarka hero\" class=\"ofi-cover-center-center\">\n                                                            <\/div>\n\n                                                            <p class=\"grape__item__title\">Kadarka<\/p>\n                                                    <\/div>\n                                            <div class=\"grape__item js-grape-item\">\n                                                            <a href=\"https:\/\/bor.hu\/en\/kekfrankos\/\"><\/a>\n                            \n                            <div class=\"image__wrapper\">\n                                                                    <img decoding=\"async\" src=\"https:\/\/bor.hu\/wp-content\/uploads\/2025\/10\/Kekfrankos_1_2019-scaled.jpg\" alt=\"K\u00e9kfrankos hero\" class=\"ofi-cover-center-center\">\n                                                            <\/div>\n\n                                                            <p class=\"grape__item__title\">K\u00e9kfrankos<\/p>\n                                                    <\/div>\n                                            <div class=\"grape__item js-grape-item\">\n                                                            <a href=\"https:\/\/bor.hu\/en\/medina\/\"><\/a>\n                            \n                            <div class=\"image__wrapper\">\n                                                                    <img decoding=\"async\" src=\"https:\/\/bor.hu\/wp-content\/uploads\/2025\/10\/medina-scaled.jpg\" alt=\"medina hero\" class=\"ofi-cover-center-center\">\n                                                            <\/div>\n\n                                                            <p class=\"grape__item__title\">Medina<\/p>\n                                                    <\/div>\n                                            <div class=\"grape__item js-grape-item\">\n                                                            <a href=\"https:\/\/bor.hu\/en\/menoire\/\"><\/a>\n                            \n                            <div class=\"image__wrapper\">\n                                                                    <img decoding=\"async\" src=\"https:\/\/bor.hu\/wp-content\/uploads\/2025\/10\/medina-2-scaled.jpg\" alt=\"Menoire hero\" class=\"ofi-cover-center-center\">\n                                                            <\/div>\n\n                                                            <p class=\"grape__item__title\">Menoire<\/p>\n                                                    <\/div>\n                                            <div class=\"grape__item js-grape-item\">\n                                                            <a href=\"https:\/\/bor.hu\/en\/merlot\/\"><\/a>\n                            \n                            <div class=\"image__wrapper\">\n                                                                    <img decoding=\"async\" src=\"https:\/\/bor.hu\/wp-content\/uploads\/2025\/10\/MerlotNoir_1_2019-scaled.jpg\" alt=\"Merlot hero\" class=\"ofi-cover-center-center\">\n                                                            <\/div>\n\n                                                            <p class=\"grape__item__title\">Merlot<\/p>\n                                                    <\/div>\n                                            <div class=\"grape__item js-grape-item\">\n                                                            <a href=\"https:\/\/bor.hu\/en\/nero\/\"><\/a>\n                            \n                            <div class=\"image__wrapper\">\n                                                                    <img decoding=\"async\" src=\"https:\/\/bor.hu\/wp-content\/uploads\/2025\/10\/nero-scaled.jpg\" alt=\"nero hero\" class=\"ofi-cover-center-center\">\n                                                            <\/div>\n\n                                                            <p class=\"grape__item__title\">N\u00e9r\u00f3<\/p>\n                                                    <\/div>\n                                            <div class=\"grape__item js-grape-item\">\n                                                            <a href=\"https:\/\/bor.hu\/en\/pinot-noir\/\"><\/a>\n                            \n                            <div class=\"image__wrapper\">\n                                                                    <img decoding=\"async\" src=\"https:\/\/bor.hu\/wp-content\/uploads\/2025\/10\/Pinotnoir_2_2019-scaled.jpg\" alt=\"Pinotnoir hero\" class=\"ofi-cover-center-center\">\n                                                            <\/div>\n\n                                                            <p class=\"grape__item__title\">Pinot Noir<\/p>\n                                                    <\/div>\n                                            <div class=\"grape__item js-grape-item\">\n                                                            <a href=\"https:\/\/bor.hu\/en\/portugieser\/\"><\/a>\n                            \n                            <div class=\"image__wrapper\">\n                                                                    <img decoding=\"async\" src=\"https:\/\/bor.hu\/wp-content\/uploads\/2025\/10\/Portugieser_1_2019-scaled.jpg\" alt=\"Portugieser hero\" class=\"ofi-cover-center-center\">\n                                                            <\/div>\n\n                                                            <p class=\"grape__item__title\">Portugieser<\/p>\n                                                    <\/div>\n                                            <div class=\"grape__item js-grape-item\">\n                                                            <a href=\"https:\/\/bor.hu\/en\/syrah\/\"><\/a>\n                            \n                            <div class=\"image__wrapper\">\n                                                                    <img decoding=\"async\" src=\"https:\/\/bor.hu\/wp-content\/uploads\/2025\/10\/Syrah_1_2019-scaled.jpg\" alt=\"Syrah hero\" class=\"ofi-cover-center-center\">\n                                                            <\/div>\n\n                                                            <p class=\"grape__item__title\">Syrah<\/p>\n                                                    <\/div>\n                                            <div class=\"grape__item js-grape-item\">\n                                                            <a href=\"https:\/\/bor.hu\/en\/turan\/\"><\/a>\n                            \n                            <div class=\"image__wrapper\">\n                                                                    <img decoding=\"async\" src=\"https:\/\/bor.hu\/wp-content\/uploads\/2025\/10\/Turan_1_2019-scaled.jpg\" alt=\"Tur\u00e1n hero\" class=\"ofi-cover-center-center\">\n                                                            <\/div>\n\n                                                            <p class=\"grape__item__title\">Tur\u00e1n<\/p>\n                                                    <\/div>\n                                            <div class=\"grape__item js-grape-item\">\n                                                            <a href=\"https:\/\/bor.hu\/en\/zweigelt\/\"><\/a>\n                            \n                            <div class=\"image__wrapper\">\n                                                                    <img decoding=\"async\" src=\"https:\/\/bor.hu\/wp-content\/uploads\/2025\/10\/Zweigelt_1_2019-scaled.jpg\" alt=\"Zweigelt hero\" class=\"ofi-cover-center-center\">\n                                                            <\/div>\n\n                                                            <p class=\"grape__item__title\">Zweigelt<\/p>\n                                                    <\/div>\n                                    <\/div>\n\n                <button type=\"button\" class=\"btn btn--secondary load-more-grape js-load-more-grape\">\n                    Load more                <\/button>\n            <\/div>\n        <\/div>\n    <\/div>\n<\/section>\n\n\n\n<section class=\"section__news-list\" style=\"background-color: #f3f4f8;\">\n\n    \n    <div class=\"container\">\n        <div class=\"row\">\n            <div class=\"col-12\">\n\n                                    <h4 class=\"section-title\">Check these out too!<\/h4>\n                \n                <div\n                    class=\"news-list__wrapper js-news-container\"\n                    data-limit=3                    data-order=DESC>\n                <\/div>\n\n                            <\/div>\n        <\/div>\n    <\/div>\n<\/section>\n","protected":false},"excerpt":{"rendered":"<p>Red wine is made from black grape varieties. Their skins contain more pigments and tannin, i.e. polyphenols. The latter chemicals give red wine its different character, since they cause the tissues lining your mouth to contract. In addition to the wine\u2019s colour, this astringent effect is what differentiates red wine from other types of wine. [&hellip;]<\/p>\n","protected":false},"author":1,"featured_media":0,"parent":0,"menu_order":0,"comment_status":"closed","ping_status":"closed","template":"","meta":{"_acf_changed":false,"footnotes":""},"class_list":["post-9579","page","type-page","status-publish","hentry"],"acf":[],"yoast_head":"<!-- This site is optimized with the Yoast SEO plugin v26.3 - https:\/\/yoast.com\/wordpress\/plugins\/seo\/ -->\n<title>Red wine - Magyar Bor<\/title>\n<meta name=\"robots\" content=\"index, follow, max-snippet:-1, max-image-preview:large, max-video-preview:-1\" \/>\n<link rel=\"canonical\" href=\"https:\/\/bor.hu\/en\/red-wine\/\" \/>\n<meta property=\"og:locale\" content=\"en_US\" \/>\n<meta property=\"og:type\" content=\"article\" \/>\n<meta property=\"og:title\" content=\"Red wine - Magyar Bor\" \/>\n<meta property=\"og:description\" content=\"Red wine is made from black grape varieties. Their skins contain more pigments and tannin, i.e. polyphenols. The latter chemicals give red wine its different character, since they cause the tissues lining your mouth to contract. In addition to the wine\u2019s colour, this astringent effect is what differentiates red wine from other types of wine. [&hellip;]\" \/>\n<meta property=\"og:url\" content=\"https:\/\/bor.hu\/en\/red-wine\/\" \/>\n<meta property=\"og:site_name\" content=\"Magyar Bor\" \/>\n<meta property=\"article:publisher\" content=\"https:\/\/www.facebook.com\/magyarborfacebook\/\" \/>\n<meta property=\"article:modified_time\" content=\"2026-01-27T13:00:29+00:00\" \/>\n<meta property=\"og:image\" content=\"https:\/\/bor.hu\/wp-content\/uploads\/2025\/11\/mb_logo-05.png\" \/>\n\t<meta property=\"og:image:width\" content=\"979\" \/>\n\t<meta property=\"og:image:height\" content=\"979\" \/>\n\t<meta property=\"og:image:type\" content=\"image\/png\" \/>\n<meta name=\"twitter:card\" content=\"summary_large_image\" \/>\n<meta name=\"twitter:label1\" content=\"Est. reading time\" \/>\n\t<meta name=\"twitter:data1\" content=\"3 minutes\" \/>\n<script type=\"application\/ld+json\" class=\"yoast-schema-graph\">{\"@context\":\"https:\/\/schema.org\",\"@graph\":[{\"@type\":\"WebPage\",\"@id\":\"https:\/\/bor.hu\/en\/red-wine\/\",\"url\":\"https:\/\/bor.hu\/en\/red-wine\/\",\"name\":\"Red wine - Magyar Bor\",\"isPartOf\":{\"@id\":\"https:\/\/bor.hu\/en\/#website\"},\"datePublished\":\"2026-01-23T11:10:21+00:00\",\"dateModified\":\"2026-01-27T13:00:29+00:00\",\"breadcrumb\":{\"@id\":\"https:\/\/bor.hu\/en\/red-wine\/#breadcrumb\"},\"inLanguage\":\"en-US\",\"potentialAction\":[{\"@type\":\"ReadAction\",\"target\":[\"https:\/\/bor.hu\/en\/red-wine\/\"]}]},{\"@type\":\"BreadcrumbList\",\"@id\":\"https:\/\/bor.hu\/en\/red-wine\/#breadcrumb\",\"itemListElement\":[{\"@type\":\"ListItem\",\"position\":1,\"name\":\"Kezd\u0151lap\",\"item\":\"https:\/\/bor.hu\/en\/\"},{\"@type\":\"ListItem\",\"position\":2,\"name\":\"Red wine\"}]},{\"@type\":\"WebSite\",\"@id\":\"https:\/\/bor.hu\/en\/#website\",\"url\":\"https:\/\/bor.hu\/en\/\",\"name\":\"Magyar Bor\",\"description\":\"\",\"publisher\":{\"@id\":\"https:\/\/bor.hu\/en\/#organization\"},\"potentialAction\":[{\"@type\":\"SearchAction\",\"target\":{\"@type\":\"EntryPoint\",\"urlTemplate\":\"https:\/\/bor.hu\/en\/?s={search_term_string}\"},\"query-input\":{\"@type\":\"PropertyValueSpecification\",\"valueRequired\":true,\"valueName\":\"search_term_string\"}}],\"inLanguage\":\"en-US\"},{\"@type\":\"Organization\",\"@id\":\"https:\/\/bor.hu\/en\/#organization\",\"name\":\"Magyar Bor\",\"url\":\"https:\/\/bor.hu\/en\/\",\"logo\":{\"@type\":\"ImageObject\",\"inLanguage\":\"en-US\",\"@id\":\"https:\/\/bor.hu\/en\/#\/schema\/logo\/image\/\",\"url\":\"https:\/\/bor.hu\/wp-content\/uploads\/2025\/11\/mb_logo-05.png\",\"contentUrl\":\"https:\/\/bor.hu\/wp-content\/uploads\/2025\/11\/mb_logo-05.png\",\"width\":979,\"height\":979,\"caption\":\"Magyar Bor\"},\"image\":{\"@id\":\"https:\/\/bor.hu\/en\/#\/schema\/logo\/image\/\"},\"sameAs\":[\"https:\/\/www.facebook.com\/magyarborfacebook\/\",\"https:\/\/www.instagram.com\/magyarbor\/\",\"https:\/\/www.linkedin.com\/company\/winesofhungary\/\"]}]}<\/script>\n<!-- \/ Yoast SEO plugin. -->","yoast_head_json":{"title":"Red wine - Magyar Bor","robots":{"index":"index","follow":"follow","max-snippet":"max-snippet:-1","max-image-preview":"max-image-preview:large","max-video-preview":"max-video-preview:-1"},"canonical":"https:\/\/bor.hu\/en\/red-wine\/","og_locale":"en_US","og_type":"article","og_title":"Red wine - Magyar Bor","og_description":"Red wine is made from black grape varieties. Their skins contain more pigments and tannin, i.e. polyphenols. The latter chemicals give red wine its different character, since they cause the tissues lining your mouth to contract. In addition to the wine\u2019s colour, this astringent effect is what differentiates red wine from other types of wine. [&hellip;]","og_url":"https:\/\/bor.hu\/en\/red-wine\/","og_site_name":"Magyar Bor","article_publisher":"https:\/\/www.facebook.com\/magyarborfacebook\/","article_modified_time":"2026-01-27T13:00:29+00:00","og_image":[{"width":979,"height":979,"url":"https:\/\/bor.hu\/wp-content\/uploads\/2025\/11\/mb_logo-05.png","type":"image\/png"}],"twitter_card":"summary_large_image","twitter_misc":{"Est. reading time":"3 minutes"},"schema":{"@context":"https:\/\/schema.org","@graph":[{"@type":"WebPage","@id":"https:\/\/bor.hu\/en\/red-wine\/","url":"https:\/\/bor.hu\/en\/red-wine\/","name":"Red wine - Magyar Bor","isPartOf":{"@id":"https:\/\/bor.hu\/en\/#website"},"datePublished":"2026-01-23T11:10:21+00:00","dateModified":"2026-01-27T13:00:29+00:00","breadcrumb":{"@id":"https:\/\/bor.hu\/en\/red-wine\/#breadcrumb"},"inLanguage":"en-US","potentialAction":[{"@type":"ReadAction","target":["https:\/\/bor.hu\/en\/red-wine\/"]}]},{"@type":"BreadcrumbList","@id":"https:\/\/bor.hu\/en\/red-wine\/#breadcrumb","itemListElement":[{"@type":"ListItem","position":1,"name":"Kezd\u0151lap","item":"https:\/\/bor.hu\/en\/"},{"@type":"ListItem","position":2,"name":"Red wine"}]},{"@type":"WebSite","@id":"https:\/\/bor.hu\/en\/#website","url":"https:\/\/bor.hu\/en\/","name":"Magyar Bor","description":"","publisher":{"@id":"https:\/\/bor.hu\/en\/#organization"},"potentialAction":[{"@type":"SearchAction","target":{"@type":"EntryPoint","urlTemplate":"https:\/\/bor.hu\/en\/?s={search_term_string}"},"query-input":{"@type":"PropertyValueSpecification","valueRequired":true,"valueName":"search_term_string"}}],"inLanguage":"en-US"},{"@type":"Organization","@id":"https:\/\/bor.hu\/en\/#organization","name":"Magyar Bor","url":"https:\/\/bor.hu\/en\/","logo":{"@type":"ImageObject","inLanguage":"en-US","@id":"https:\/\/bor.hu\/en\/#\/schema\/logo\/image\/","url":"https:\/\/bor.hu\/wp-content\/uploads\/2025\/11\/mb_logo-05.png","contentUrl":"https:\/\/bor.hu\/wp-content\/uploads\/2025\/11\/mb_logo-05.png","width":979,"height":979,"caption":"Magyar Bor"},"image":{"@id":"https:\/\/bor.hu\/en\/#\/schema\/logo\/image\/"},"sameAs":["https:\/\/www.facebook.com\/magyarborfacebook\/","https:\/\/www.instagram.com\/magyarbor\/","https:\/\/www.linkedin.com\/company\/winesofhungary\/"]}]}},"_links":{"self":[{"href":"https:\/\/bor.hu\/en\/wp-json\/wp\/v2\/pages\/9579","targetHints":{"allow":["GET"]}}],"collection":[{"href":"https:\/\/bor.hu\/en\/wp-json\/wp\/v2\/pages"}],"about":[{"href":"https:\/\/bor.hu\/en\/wp-json\/wp\/v2\/types\/page"}],"author":[{"embeddable":true,"href":"https:\/\/bor.hu\/en\/wp-json\/wp\/v2\/users\/1"}],"replies":[{"embeddable":true,"href":"https:\/\/bor.hu\/en\/wp-json\/wp\/v2\/comments?post=9579"}],"version-history":[{"count":9,"href":"https:\/\/bor.hu\/en\/wp-json\/wp\/v2\/pages\/9579\/revisions"}],"predecessor-version":[{"id":9764,"href":"https:\/\/bor.hu\/en\/wp-json\/wp\/v2\/pages\/9579\/revisions\/9764"}],"wp:attachment":[{"href":"https:\/\/bor.hu\/en\/wp-json\/wp\/v2\/media?parent=9579"}],"curies":[{"name":"wp","href":"https:\/\/api.w.org\/{rel}","templated":true}]}}