{"id":9598,"date":"2026-01-23T13:02:11","date_gmt":"2026-01-23T12:02:11","guid":{"rendered":"https:\/\/bor.hu\/rose-eng\/"},"modified":"2026-01-29T15:48:43","modified_gmt":"2026-01-29T14:48:43","slug":"rose-wine","status":"publish","type":"page","link":"https:\/\/bor.hu\/en\/rose-wine\/","title":{"rendered":"Ros\u00e9 wine"},"content":{"rendered":"\n<section class=\"section__hero medium\">\n                                <div class=\"swiper-slide\">\n                    <div class=\"slide-inner centered\">\n            <div class=\"overlay\"><\/div>\n    \n            <img decoding=\"async\" src=\"https:\/\/bor.hu\/wp-content\/uploads\/2025\/10\/Roze.jpg\" alt=\"Roz\u00e9 fekv\u0151 hero\"\n            class=\"slide-inner__background ofi-cover-center-center\">\n    \n    \n    <div class=\"container\">\n        <div class=\"row\">\n            <div class=\"col-12 mx-xl-5\">\n                <div class=\"text-image__wrapper\">\n                    \n                    <div class=\"text__wrapper\">\n                        \n                                                    <h1>Ros\u00e9<\/h1>\n                        \n                        \n                                            <\/div>\n                <\/div>\n\n                            <\/div>\n        <\/div>\n    <\/div>\n<\/div>                <\/div>\n                    \n<\/section>\n\n\n\n\n<div style=\"height:80px\" aria-hidden=\"true\" class=\"wp-block-spacer\"><\/div>\n\n\n<div class=\"container static-content\"  ><div class=\"row justify-content-center justify-content-center\"><div class=\"col-xl-6 col-12 text-wrapper col-12 px-xl-4\">\n<p><strong>Ros\u00e9 wines are made from black grapes. The grapes are only in contact with the fermenting must for a very short time, usually 2-3 hours. The colour of ros\u00e9 can range from very light purple or bluish pink to moderately intensive salmon or orange. This depends partly on the grape variety the wine is made from and partly on the characteristics of the terroir and the type of winemaking process used.<\/strong><\/p>\n\n<p>The colour and flavours of ros\u00e9 wines are closer to those of red wines, while they are more similar to white wines in character. This is no coincidence since wines made from black grapes are more typically associated with flavours of red or black berries. Therefore, if you taste a ros\u00e9 wine, you\u2019ll find it\u2019s closer in character to a white wine thanks to its vibrancy and liveliness, but its palate will be reminiscent of the typical flavours of a red wine.<\/p>\n\n<p>To make high-quality ros\u00e9, the grapes are harvested earlier than is usual for black grapes, resulting in a lighter wine with higher acidity. However, Hungarian ros\u00e9 conventions are a little different. The Hungarian range includes far more lightly-coloured ros\u00e9 wines with vibrant, fruity flavours. These wines are generally characterised by very low colour intensity and a restrained nose. They are not aged in oak, rather produced in stainless steel tanks, which preserves their freshness and fruitiness. The most popular variety for ros\u00e9 in Hungary is K\u00e9kfrankos, but ros\u00e9 is also made from Kadarka, Pinot Noir, Merlot and the Cabernets. One specialty is Siller wine, which is much deeper in colour and is also characterised by some tannin. One such wine is Fuxli from Szeksz\u00e1rd, usually described by the local producers as being somewhat like a red wine in character. They pair well with similar dishes to light white wines.<\/p>\n\n<div style=\"height:40px\" aria-hidden=\"true\" class=\"wp-block-spacer\"><\/div>\n\n<div style=\"height:24px\" aria-hidden=\"true\" class=\"wp-block-spacer\"><\/div>\n<\/div><\/div><\/div>\n\n\n<div style=\"height:80px\" aria-hidden=\"true\" class=\"wp-block-spacer\"><\/div>\n\n\n\n<section class=\"section__news-list\" style=\"background-color: #f3f4f8;\">\n\n    \n    <div class=\"container\">\n        <div class=\"row\">\n            <div class=\"col-12\">\n\n                                    <h4 class=\"section-title\">Check these out too!<\/h4>\n                \n                <div\n                    class=\"news-list__wrapper js-news-container\"\n                    data-limit=3                    data-order=DESC>\n                <\/div>\n\n                            <\/div>\n        <\/div>\n    <\/div>\n<\/section>\n","protected":false},"excerpt":{"rendered":"<p>Ros\u00e9 wines are made from black grapes. The grapes are only in contact with the fermenting must for a very short time, usually 2-3 hours. The colour of ros\u00e9 can range from very light purple or bluish pink to moderately intensive salmon or orange. This depends partly on the grape variety the wine is made [&hellip;]<\/p>\n","protected":false},"author":1,"featured_media":0,"parent":0,"menu_order":0,"comment_status":"closed","ping_status":"closed","template":"","meta":{"_acf_changed":false,"footnotes":""},"class_list":["post-9598","page","type-page","status-publish","hentry"],"acf":[],"yoast_head":"<!-- This site is optimized with the Yoast SEO plugin v26.3 - https:\/\/yoast.com\/wordpress\/plugins\/seo\/ -->\n<title>Ros\u00e9 wine - Magyar Bor<\/title>\n<meta name=\"robots\" content=\"index, follow, max-snippet:-1, max-image-preview:large, max-video-preview:-1\" \/>\n<link rel=\"canonical\" href=\"https:\/\/bor.hu\/en\/rose-wine\/\" \/>\n<meta property=\"og:locale\" content=\"en_US\" \/>\n<meta property=\"og:type\" content=\"article\" \/>\n<meta property=\"og:title\" content=\"Ros\u00e9 wine - Magyar Bor\" \/>\n<meta property=\"og:description\" content=\"Ros\u00e9 wines are made from black grapes. The grapes are only in contact with the fermenting must for a very short time, usually 2-3 hours. The colour of ros\u00e9 can range from very light purple or bluish pink to moderately intensive salmon or orange. This depends partly on the grape variety the wine is made [&hellip;]\" \/>\n<meta property=\"og:url\" content=\"https:\/\/bor.hu\/en\/rose-wine\/\" \/>\n<meta property=\"og:site_name\" content=\"Magyar Bor\" \/>\n<meta property=\"article:publisher\" content=\"https:\/\/www.facebook.com\/magyarborfacebook\/\" \/>\n<meta property=\"article:modified_time\" content=\"2026-01-29T14:48:43+00:00\" \/>\n<meta property=\"og:image\" content=\"https:\/\/bor.hu\/wp-content\/uploads\/2025\/11\/mb_logo-05.png\" \/>\n\t<meta property=\"og:image:width\" content=\"979\" \/>\n\t<meta property=\"og:image:height\" content=\"979\" \/>\n\t<meta property=\"og:image:type\" content=\"image\/png\" \/>\n<meta name=\"twitter:card\" content=\"summary_large_image\" \/>\n<meta name=\"twitter:label1\" content=\"Est. reading time\" \/>\n\t<meta name=\"twitter:data1\" content=\"2 minutes\" \/>\n<script type=\"application\/ld+json\" class=\"yoast-schema-graph\">{\"@context\":\"https:\/\/schema.org\",\"@graph\":[{\"@type\":\"WebPage\",\"@id\":\"https:\/\/bor.hu\/en\/rose-wine\/\",\"url\":\"https:\/\/bor.hu\/en\/rose-wine\/\",\"name\":\"Ros\u00e9 wine - Magyar Bor\",\"isPartOf\":{\"@id\":\"https:\/\/bor.hu\/en\/#website\"},\"datePublished\":\"2026-01-23T12:02:11+00:00\",\"dateModified\":\"2026-01-29T14:48:43+00:00\",\"breadcrumb\":{\"@id\":\"https:\/\/bor.hu\/en\/rose-wine\/#breadcrumb\"},\"inLanguage\":\"en-US\",\"potentialAction\":[{\"@type\":\"ReadAction\",\"target\":[\"https:\/\/bor.hu\/en\/rose-wine\/\"]}]},{\"@type\":\"BreadcrumbList\",\"@id\":\"https:\/\/bor.hu\/en\/rose-wine\/#breadcrumb\",\"itemListElement\":[{\"@type\":\"ListItem\",\"position\":1,\"name\":\"Kezd\u0151lap\",\"item\":\"https:\/\/bor.hu\/en\/\"},{\"@type\":\"ListItem\",\"position\":2,\"name\":\"Ros\u00e9 wine\"}]},{\"@type\":\"WebSite\",\"@id\":\"https:\/\/bor.hu\/en\/#website\",\"url\":\"https:\/\/bor.hu\/en\/\",\"name\":\"Magyar Bor\",\"description\":\"\",\"publisher\":{\"@id\":\"https:\/\/bor.hu\/en\/#organization\"},\"potentialAction\":[{\"@type\":\"SearchAction\",\"target\":{\"@type\":\"EntryPoint\",\"urlTemplate\":\"https:\/\/bor.hu\/en\/?s={search_term_string}\"},\"query-input\":{\"@type\":\"PropertyValueSpecification\",\"valueRequired\":true,\"valueName\":\"search_term_string\"}}],\"inLanguage\":\"en-US\"},{\"@type\":\"Organization\",\"@id\":\"https:\/\/bor.hu\/en\/#organization\",\"name\":\"Magyar Bor\",\"url\":\"https:\/\/bor.hu\/en\/\",\"logo\":{\"@type\":\"ImageObject\",\"inLanguage\":\"en-US\",\"@id\":\"https:\/\/bor.hu\/en\/#\/schema\/logo\/image\/\",\"url\":\"https:\/\/bor.hu\/wp-content\/uploads\/2025\/11\/mb_logo-05.png\",\"contentUrl\":\"https:\/\/bor.hu\/wp-content\/uploads\/2025\/11\/mb_logo-05.png\",\"width\":979,\"height\":979,\"caption\":\"Magyar Bor\"},\"image\":{\"@id\":\"https:\/\/bor.hu\/en\/#\/schema\/logo\/image\/\"},\"sameAs\":[\"https:\/\/www.facebook.com\/magyarborfacebook\/\",\"https:\/\/www.instagram.com\/magyarbor\/\",\"https:\/\/www.linkedin.com\/company\/winesofhungary\/\"]}]}<\/script>\n<!-- \/ Yoast SEO plugin. -->","yoast_head_json":{"title":"Ros\u00e9 wine - Magyar Bor","robots":{"index":"index","follow":"follow","max-snippet":"max-snippet:-1","max-image-preview":"max-image-preview:large","max-video-preview":"max-video-preview:-1"},"canonical":"https:\/\/bor.hu\/en\/rose-wine\/","og_locale":"en_US","og_type":"article","og_title":"Ros\u00e9 wine - Magyar Bor","og_description":"Ros\u00e9 wines are made from black grapes. The grapes are only in contact with the fermenting must for a very short time, usually 2-3 hours. The colour of ros\u00e9 can range from very light purple or bluish pink to moderately intensive salmon or orange. This depends partly on the grape variety the wine is made [&hellip;]","og_url":"https:\/\/bor.hu\/en\/rose-wine\/","og_site_name":"Magyar Bor","article_publisher":"https:\/\/www.facebook.com\/magyarborfacebook\/","article_modified_time":"2026-01-29T14:48:43+00:00","og_image":[{"width":979,"height":979,"url":"https:\/\/bor.hu\/wp-content\/uploads\/2025\/11\/mb_logo-05.png","type":"image\/png"}],"twitter_card":"summary_large_image","twitter_misc":{"Est. reading time":"2 minutes"},"schema":{"@context":"https:\/\/schema.org","@graph":[{"@type":"WebPage","@id":"https:\/\/bor.hu\/en\/rose-wine\/","url":"https:\/\/bor.hu\/en\/rose-wine\/","name":"Ros\u00e9 wine - Magyar Bor","isPartOf":{"@id":"https:\/\/bor.hu\/en\/#website"},"datePublished":"2026-01-23T12:02:11+00:00","dateModified":"2026-01-29T14:48:43+00:00","breadcrumb":{"@id":"https:\/\/bor.hu\/en\/rose-wine\/#breadcrumb"},"inLanguage":"en-US","potentialAction":[{"@type":"ReadAction","target":["https:\/\/bor.hu\/en\/rose-wine\/"]}]},{"@type":"BreadcrumbList","@id":"https:\/\/bor.hu\/en\/rose-wine\/#breadcrumb","itemListElement":[{"@type":"ListItem","position":1,"name":"Kezd\u0151lap","item":"https:\/\/bor.hu\/en\/"},{"@type":"ListItem","position":2,"name":"Ros\u00e9 wine"}]},{"@type":"WebSite","@id":"https:\/\/bor.hu\/en\/#website","url":"https:\/\/bor.hu\/en\/","name":"Magyar Bor","description":"","publisher":{"@id":"https:\/\/bor.hu\/en\/#organization"},"potentialAction":[{"@type":"SearchAction","target":{"@type":"EntryPoint","urlTemplate":"https:\/\/bor.hu\/en\/?s={search_term_string}"},"query-input":{"@type":"PropertyValueSpecification","valueRequired":true,"valueName":"search_term_string"}}],"inLanguage":"en-US"},{"@type":"Organization","@id":"https:\/\/bor.hu\/en\/#organization","name":"Magyar Bor","url":"https:\/\/bor.hu\/en\/","logo":{"@type":"ImageObject","inLanguage":"en-US","@id":"https:\/\/bor.hu\/en\/#\/schema\/logo\/image\/","url":"https:\/\/bor.hu\/wp-content\/uploads\/2025\/11\/mb_logo-05.png","contentUrl":"https:\/\/bor.hu\/wp-content\/uploads\/2025\/11\/mb_logo-05.png","width":979,"height":979,"caption":"Magyar Bor"},"image":{"@id":"https:\/\/bor.hu\/en\/#\/schema\/logo\/image\/"},"sameAs":["https:\/\/www.facebook.com\/magyarborfacebook\/","https:\/\/www.instagram.com\/magyarbor\/","https:\/\/www.linkedin.com\/company\/winesofhungary\/"]}]}},"_links":{"self":[{"href":"https:\/\/bor.hu\/en\/wp-json\/wp\/v2\/pages\/9598","targetHints":{"allow":["GET"]}}],"collection":[{"href":"https:\/\/bor.hu\/en\/wp-json\/wp\/v2\/pages"}],"about":[{"href":"https:\/\/bor.hu\/en\/wp-json\/wp\/v2\/types\/page"}],"author":[{"embeddable":true,"href":"https:\/\/bor.hu\/en\/wp-json\/wp\/v2\/users\/1"}],"replies":[{"embeddable":true,"href":"https:\/\/bor.hu\/en\/wp-json\/wp\/v2\/comments?post=9598"}],"version-history":[{"count":7,"href":"https:\/\/bor.hu\/en\/wp-json\/wp\/v2\/pages\/9598\/revisions"}],"predecessor-version":[{"id":9867,"href":"https:\/\/bor.hu\/en\/wp-json\/wp\/v2\/pages\/9598\/revisions\/9867"}],"wp:attachment":[{"href":"https:\/\/bor.hu\/en\/wp-json\/wp\/v2\/media?parent=9598"}],"curies":[{"name":"wp","href":"https:\/\/api.w.org\/{rel}","templated":true}]}}