{"id":9949,"date":"2026-02-03T14:18:01","date_gmt":"2026-02-03T13:18:01","guid":{"rendered":"https:\/\/bor.hu\/events\/riesling-or-rizling-tasting\/"},"modified":"2026-02-03T14:18:36","modified_gmt":"2026-02-03T13:18:36","slug":"riesling-or-rizling-tasting","status":"publish","type":"page","link":"https:\/\/bor.hu\/en\/events\/riesling-or-rizling-tasting\/","title":{"rendered":"Riesling or Rizling tasting"},"content":{"rendered":"\n<section class=\"section__breadcrumbs\">\n    <div class=\"container\">\n        <div class=\"row\">\n            <div class=\"col-12 px-xl-5\">\n                <div class=\"breadcrumbs__wrapper d-xl-flex d-none\">\n                                            <div class=\"breadcrumb__item parent\">\n                            <a href=\"https:\/\/bor.hu\/en\/events\/\" class=\"body-2\">\n                                Events                            <\/a>\n                        <\/div>\n                        <img decoding=\"async\" src=\"https:\/\/bor.hu\/wp-content\/themes\/wp-theme-bor\/assets\/images\/icons\/chevron-grey.svg\" alt=\"\">\n                    \n                                            <div class=\"breadcrumb__item current\">\n                            <p class=\"body-2\">Riesling or Rizling tasting<\/p>\n                        <\/div>\n                                    <\/div>\n\n                <div class=\"breadcrumbs__wrapper__responsive d-xl-none d-block\">\n                                            <a href=\"https:\/\/bor.hu\/en\/events\/\" class=\"body-2\">\n                            <img decoding=\"async\" src=\"https:\/\/bor.hu\/wp-content\/themes\/wp-theme-bor\/assets\/images\/icons\/chevron-grey.svg\" alt=\"\">\n                            Events                        <\/a>\n                                    <\/div>\n            <\/div>\n        <\/div>\n    <\/div>\n<\/section>\n\n<section class=\"section__events-hero\">\n    <div class=\"container\">\n        <div class=\"row\">\n            <div class=\"col-xl-4 col-12 my-auto\">\n                <div class=\"events-hero__meta\">\n                    \n                                    <\/div>\n\n                                    <h3>Riesling or Rizling tasting<\/h3>\n                \n                                    <div class=\"date__wrapper\">\n                        <p>2026. febru\u00e1r 05.<\/p>\n\n                                            <\/div>\n                \n                <div class=\"social__wrapper\">\n                    <div class=\"social-share__wrapper \">\n    <a href=\"https:\/\/www.facebook.com\/sharer\/sharer.php?u=https:\/\/bor.hu\/en\/events\/riesling-or-rizling-tasting\/\" target=\"_blank\">\n        <img decoding=\"async\" src=\"https:\/\/bor.hu\/wp-content\/themes\/wp-theme-bor\/assets\/images\/icons\/facebook.svg\" alt=\"\">\n    <\/a>\n\n    <a href=\"http:\/\/twitter.com\/share?url=https:\/\/bor.hu\/en\/events\/riesling-or-rizling-tasting\/\" target=\"_blank\">\n        <img decoding=\"async\" src=\"https:\/\/bor.hu\/wp-content\/themes\/wp-theme-bor\/assets\/images\/icons\/x.svg\" alt=\"\">\n    <\/a>\n\n    <img decoding=\"async\" src=\"https:\/\/bor.hu\/wp-content\/themes\/wp-theme-bor\/assets\/images\/icons\/copy.svg\" alt=\"\" class=\"js-copy-link cursor-pointer\" data-copy=\"https:\/\/bor.hu\/en\/events\/riesling-or-rizling-tasting\/\">\n<\/div>\n\n                                            <a class=\"btn add-to-calendar\" href=\"https:\/\/calendar.google.com\/calendar\/render?action=TEMPLATE&#038;text=Riesling+or+Rizling+tasting&#038;dates=20260205\/20260205&#038;details=Riesling+or+rizling%3F+%E2%80%93+An+evening+where+Germany+meets+Italy.&#038;location=Winehub+Wine+Center%2C+1036+Budapest%2C+41-43+Pacsirtamez%C5%91+Street&#038;trp=false&#038;ctz=Europe\/Budapest&#038;sprop=website:https%3A%2F%2Fbor.hu%2Fen%2Fevents%2Friesling-or-rizling-tasting%2F&#038;sprop=name:Magyar+Bor\" target=\"_blank\" rel=\"noopener noreferrer\">\n                            <div class=\"icon__wrapper\">\n                                <img decoding=\"async\" src=\"https:\/\/bor.hu\/wp-content\/themes\/wp-theme-bor\/assets\/images\/icons\/calendar-add.svg\" alt=\"\">\n                            <\/div>\n                            Add to calendar                        <\/a>\n                                    <\/div>\n            <\/div>\n\n            <div class=\"offset-xl-1 col-xl-6\">\n                                    <div class=\"image__wrapper\">\n                        <img decoding=\"async\" src=\"https:\/\/bor.hu\/wp-content\/uploads\/2026\/02\/Riesling-vagy-rizling-kostolo.jpg\" alt=\"Riesling vagy rizling k\u00f3stol\u00f3\" class=\"ofi-cover-center-center\">\n                    <\/div>\n                            <\/div>\n        <\/div>\n    <\/div>\n<\/section>\n\n\n<div style=\"height:48px\" aria-hidden=\"true\" class=\"wp-block-spacer\"><\/div>\n\n\n<div class=\"container static-content\"  ><div class=\"row justify-content-center \"><div class=\" col-xl-4\">\n<div class=\"events__information-box\">\n            <div class=\"events__information-box__inner\">\n            <img decoding=\"async\" src=\"https:\/\/bor.hu\/wp-content\/themes\/wp-theme-bor\/assets\/images\/icons\/map-pin-icon.svg\" alt=\"\">\n\n            <div class=\"text__wrapper\">\n                                    <p>Budapest<\/p>\n                \n                                    <a class=\"text__wrapper__link\" href=\"https:\/\/www.google.com\/maps?q=Winehub Wine Center, 1036 Budapest, 41-43 Pacsirtamez\u0151 Street\">Winehub Wine Center, 1036 Budapest, 41-43 Pacsirtamez\u0151 Street<\/a>\n                            <\/div>\n        <\/div>\n    \n            <div class=\"events__information-box__inner has-chevron\">\n            <img decoding=\"async\" src=\"https:\/\/bor.hu\/wp-content\/themes\/wp-theme-bor\/assets\/images\/icons\/facebook-secondary.svg\" alt=\"\">\n            <a href=\"https:\/\/www.facebook.com\/events\/1571230587333941\/\" target=\"_blank\">\n                Facebook event                <img decoding=\"async\" src=\"https:\/\/bor.hu\/wp-content\/themes\/wp-theme-bor\/assets\/images\/icons\/chevron-grey.svg\" alt=\"\">\n            <\/a>\n        <\/div>\n    \n            <div class=\"events__information-box__inner has-chevron\">\n            <img decoding=\"async\" src=\"https:\/\/bor.hu\/wp-content\/themes\/wp-theme-bor\/assets\/images\/icons\/globe-secondary.svg\" alt=\"\">\n            <a href=\"https:\/\/www.facebook.com\/winehub.budapest\" target=\"_blank\">\n                Open website                <img decoding=\"async\" src=\"https:\/\/bor.hu\/wp-content\/themes\/wp-theme-bor\/assets\/images\/icons\/chevron-grey.svg\" alt=\"\">\n            <\/a>\n        <\/div>\n    \n            <div class=\"events__information-box__inner\">\n            <img decoding=\"async\" src=\"https:\/\/bor.hu\/wp-content\/themes\/wp-theme-bor\/assets\/images\/icons\/information.svg\" alt=\"\">\n            <p>18:00 \u2013 21:00<\/p>\n        <\/div>\n    \n    <\/div>\n\n<\/div><div class=\"offset-xl-1 me-auto text-wrapper col-xl-6\">\n<div style=\"height:16px\" aria-hidden=\"true\" class=\"wp-block-spacer d-xl-none d-block\"><\/div>\n\n<p>Riesling or Rizling? You\u2019re right to ask. If you order a glass of Riesling in Western Europe, you will most likely get a glass of Rhine Riesling, but if you are offered a glass of Riesling on the shores of Lake Balaton, for example, you can be almost certain that it will be Olaszrizling. Although the two varieties are similar in name, they are quite distinct in character and habit. If you are curious about the merits and differences between the two varieties, this is the place to be.<\/p>\n\n<p>Wines on offer:<\/p>\n\n<p>Welcome drink: Zelna Olaszrizling-Furmint sparkling wine<\/p>\n\n<p>Olaszrizlings:<\/p>\n\n<p>P\u00e9csinger Pannonhalmi Olaszrizling<\/p>\n\n<p>Feh\u00e9rv\u00e1ri Soml\u00f3i Reserve Olaszrizling<\/p>\n\n<p>Ill\u00e9s Badacsonyi Olaszrizling<\/p>\n\n<p>Rhein Rieslings:<\/p>\n\n<p>Domain de la Ville de Colmar Alsace Riesling<\/p>\n\n<p>Killikanoon Eden Valley Riesling Australia<\/p>\n\n<p>Czurda Dry\/Sweet Riesling Pannonhalma<\/p>\n<\/div><\/div><\/div>\n\n\n<div style=\"height:120px\" aria-hidden=\"true\" class=\"wp-block-spacer\"><\/div>\n","protected":false},"excerpt":{"rendered":"<p>Riesling or Rizling? You\u2019re right to ask. If you order a glass of Riesling in Western Europe, you will most likely get a glass of Rhine Riesling, but if you are offered a glass of Riesling on the shores of Lake Balaton, for example, you can be almost certain that it will be Olaszrizling. Although [&hellip;]<\/p>\n","protected":false},"author":3,"featured_media":0,"parent":6712,"menu_order":0,"comment_status":"closed","ping_status":"closed","template":"","meta":{"_acf_changed":false,"footnotes":""},"class_list":["post-9949","page","type-page","status-publish","hentry"],"acf":[],"yoast_head":"<!-- This site is optimized with the Yoast SEO plugin v26.3 - https:\/\/yoast.com\/wordpress\/plugins\/seo\/ -->\n<title>Riesling or Rizling tasting - Magyar Bor<\/title>\n<meta name=\"robots\" content=\"index, follow, max-snippet:-1, max-image-preview:large, max-video-preview:-1\" \/>\n<link rel=\"canonical\" href=\"https:\/\/bor.hu\/en\/events\/riesling-or-rizling-tasting\/\" \/>\n<meta property=\"og:locale\" content=\"en_US\" \/>\n<meta property=\"og:type\" content=\"article\" \/>\n<meta property=\"og:title\" content=\"Riesling or Rizling tasting - Magyar Bor\" \/>\n<meta property=\"og:description\" content=\"Riesling or Rizling? You\u2019re right to ask. If you order a glass of Riesling in Western Europe, you will most likely get a glass of Rhine Riesling, but if you are offered a glass of Riesling on the shores of Lake Balaton, for example, you can be almost certain that it will be Olaszrizling. Although [&hellip;]\" \/>\n<meta property=\"og:url\" content=\"https:\/\/bor.hu\/en\/events\/riesling-or-rizling-tasting\/\" \/>\n<meta property=\"og:site_name\" content=\"Magyar Bor\" \/>\n<meta property=\"article:publisher\" content=\"https:\/\/www.facebook.com\/magyarborfacebook\/\" \/>\n<meta property=\"article:modified_time\" content=\"2026-02-03T13:18:36+00:00\" \/>\n<meta property=\"og:image\" content=\"https:\/\/bor.hu\/wp-content\/uploads\/2025\/11\/mb_logo-05.png\" \/>\n\t<meta property=\"og:image:width\" content=\"979\" \/>\n\t<meta property=\"og:image:height\" content=\"979\" \/>\n\t<meta property=\"og:image:type\" content=\"image\/png\" \/>\n<meta name=\"twitter:card\" content=\"summary_large_image\" \/>\n<meta name=\"twitter:label1\" content=\"Est. reading time\" \/>\n\t<meta name=\"twitter:data1\" content=\"1 minute\" \/>\n<script type=\"application\/ld+json\" class=\"yoast-schema-graph\">{\"@context\":\"https:\/\/schema.org\",\"@graph\":[{\"@type\":\"WebPage\",\"@id\":\"https:\/\/bor.hu\/en\/events\/riesling-or-rizling-tasting\/\",\"url\":\"https:\/\/bor.hu\/en\/events\/riesling-or-rizling-tasting\/\",\"name\":\"Riesling or Rizling tasting - Magyar Bor\",\"isPartOf\":{\"@id\":\"https:\/\/bor.hu\/en\/#website\"},\"datePublished\":\"2026-02-03T13:18:01+00:00\",\"dateModified\":\"2026-02-03T13:18:36+00:00\",\"breadcrumb\":{\"@id\":\"https:\/\/bor.hu\/en\/events\/riesling-or-rizling-tasting\/#breadcrumb\"},\"inLanguage\":\"en-US\",\"potentialAction\":[{\"@type\":\"ReadAction\",\"target\":[\"https:\/\/bor.hu\/en\/events\/riesling-or-rizling-tasting\/\"]}]},{\"@type\":\"BreadcrumbList\",\"@id\":\"https:\/\/bor.hu\/en\/events\/riesling-or-rizling-tasting\/#breadcrumb\",\"itemListElement\":[{\"@type\":\"ListItem\",\"position\":1,\"name\":\"Kezd\u0151lap\",\"item\":\"https:\/\/bor.hu\/en\/\"},{\"@type\":\"ListItem\",\"position\":2,\"name\":\"Events\",\"item\":\"https:\/\/bor.hu\/en\/events\/\"},{\"@type\":\"ListItem\",\"position\":3,\"name\":\"Riesling or Rizling tasting\"}]},{\"@type\":\"WebSite\",\"@id\":\"https:\/\/bor.hu\/en\/#website\",\"url\":\"https:\/\/bor.hu\/en\/\",\"name\":\"Magyar Bor\",\"description\":\"\",\"publisher\":{\"@id\":\"https:\/\/bor.hu\/en\/#organization\"},\"potentialAction\":[{\"@type\":\"SearchAction\",\"target\":{\"@type\":\"EntryPoint\",\"urlTemplate\":\"https:\/\/bor.hu\/en\/?s={search_term_string}\"},\"query-input\":{\"@type\":\"PropertyValueSpecification\",\"valueRequired\":true,\"valueName\":\"search_term_string\"}}],\"inLanguage\":\"en-US\"},{\"@type\":\"Organization\",\"@id\":\"https:\/\/bor.hu\/en\/#organization\",\"name\":\"Magyar Bor\",\"url\":\"https:\/\/bor.hu\/en\/\",\"logo\":{\"@type\":\"ImageObject\",\"inLanguage\":\"en-US\",\"@id\":\"https:\/\/bor.hu\/en\/#\/schema\/logo\/image\/\",\"url\":\"https:\/\/bor.hu\/wp-content\/uploads\/2025\/11\/mb_logo-05.png\",\"contentUrl\":\"https:\/\/bor.hu\/wp-content\/uploads\/2025\/11\/mb_logo-05.png\",\"width\":979,\"height\":979,\"caption\":\"Magyar Bor\"},\"image\":{\"@id\":\"https:\/\/bor.hu\/en\/#\/schema\/logo\/image\/\"},\"sameAs\":[\"https:\/\/www.facebook.com\/magyarborfacebook\/\",\"https:\/\/www.instagram.com\/magyarbor\/\",\"https:\/\/www.linkedin.com\/company\/winesofhungary\/\"]}]}<\/script>\n<!-- \/ Yoast SEO plugin. -->","yoast_head_json":{"title":"Riesling or Rizling tasting - Magyar Bor","robots":{"index":"index","follow":"follow","max-snippet":"max-snippet:-1","max-image-preview":"max-image-preview:large","max-video-preview":"max-video-preview:-1"},"canonical":"https:\/\/bor.hu\/en\/events\/riesling-or-rizling-tasting\/","og_locale":"en_US","og_type":"article","og_title":"Riesling or Rizling tasting - Magyar Bor","og_description":"Riesling or Rizling? You\u2019re right to ask. If you order a glass of Riesling in Western Europe, you will most likely get a glass of Rhine Riesling, but if you are offered a glass of Riesling on the shores of Lake Balaton, for example, you can be almost certain that it will be Olaszrizling. Although [&hellip;]","og_url":"https:\/\/bor.hu\/en\/events\/riesling-or-rizling-tasting\/","og_site_name":"Magyar Bor","article_publisher":"https:\/\/www.facebook.com\/magyarborfacebook\/","article_modified_time":"2026-02-03T13:18:36+00:00","og_image":[{"width":979,"height":979,"url":"https:\/\/bor.hu\/wp-content\/uploads\/2025\/11\/mb_logo-05.png","type":"image\/png"}],"twitter_card":"summary_large_image","twitter_misc":{"Est. reading time":"1 minute"},"schema":{"@context":"https:\/\/schema.org","@graph":[{"@type":"WebPage","@id":"https:\/\/bor.hu\/en\/events\/riesling-or-rizling-tasting\/","url":"https:\/\/bor.hu\/en\/events\/riesling-or-rizling-tasting\/","name":"Riesling or Rizling tasting - Magyar Bor","isPartOf":{"@id":"https:\/\/bor.hu\/en\/#website"},"datePublished":"2026-02-03T13:18:01+00:00","dateModified":"2026-02-03T13:18:36+00:00","breadcrumb":{"@id":"https:\/\/bor.hu\/en\/events\/riesling-or-rizling-tasting\/#breadcrumb"},"inLanguage":"en-US","potentialAction":[{"@type":"ReadAction","target":["https:\/\/bor.hu\/en\/events\/riesling-or-rizling-tasting\/"]}]},{"@type":"BreadcrumbList","@id":"https:\/\/bor.hu\/en\/events\/riesling-or-rizling-tasting\/#breadcrumb","itemListElement":[{"@type":"ListItem","position":1,"name":"Kezd\u0151lap","item":"https:\/\/bor.hu\/en\/"},{"@type":"ListItem","position":2,"name":"Events","item":"https:\/\/bor.hu\/en\/events\/"},{"@type":"ListItem","position":3,"name":"Riesling or Rizling tasting"}]},{"@type":"WebSite","@id":"https:\/\/bor.hu\/en\/#website","url":"https:\/\/bor.hu\/en\/","name":"Magyar Bor","description":"","publisher":{"@id":"https:\/\/bor.hu\/en\/#organization"},"potentialAction":[{"@type":"SearchAction","target":{"@type":"EntryPoint","urlTemplate":"https:\/\/bor.hu\/en\/?s={search_term_string}"},"query-input":{"@type":"PropertyValueSpecification","valueRequired":true,"valueName":"search_term_string"}}],"inLanguage":"en-US"},{"@type":"Organization","@id":"https:\/\/bor.hu\/en\/#organization","name":"Magyar Bor","url":"https:\/\/bor.hu\/en\/","logo":{"@type":"ImageObject","inLanguage":"en-US","@id":"https:\/\/bor.hu\/en\/#\/schema\/logo\/image\/","url":"https:\/\/bor.hu\/wp-content\/uploads\/2025\/11\/mb_logo-05.png","contentUrl":"https:\/\/bor.hu\/wp-content\/uploads\/2025\/11\/mb_logo-05.png","width":979,"height":979,"caption":"Magyar Bor"},"image":{"@id":"https:\/\/bor.hu\/en\/#\/schema\/logo\/image\/"},"sameAs":["https:\/\/www.facebook.com\/magyarborfacebook\/","https:\/\/www.instagram.com\/magyarbor\/","https:\/\/www.linkedin.com\/company\/winesofhungary\/"]}]}},"_links":{"self":[{"href":"https:\/\/bor.hu\/en\/wp-json\/wp\/v2\/pages\/9949","targetHints":{"allow":["GET"]}}],"collection":[{"href":"https:\/\/bor.hu\/en\/wp-json\/wp\/v2\/pages"}],"about":[{"href":"https:\/\/bor.hu\/en\/wp-json\/wp\/v2\/types\/page"}],"author":[{"embeddable":true,"href":"https:\/\/bor.hu\/en\/wp-json\/wp\/v2\/users\/3"}],"replies":[{"embeddable":true,"href":"https:\/\/bor.hu\/en\/wp-json\/wp\/v2\/comments?post=9949"}],"version-history":[{"count":1,"href":"https:\/\/bor.hu\/en\/wp-json\/wp\/v2\/pages\/9949\/revisions"}],"predecessor-version":[{"id":9950,"href":"https:\/\/bor.hu\/en\/wp-json\/wp\/v2\/pages\/9949\/revisions\/9950"}],"up":[{"embeddable":true,"href":"https:\/\/bor.hu\/en\/wp-json\/wp\/v2\/pages\/6712"}],"wp:attachment":[{"href":"https:\/\/bor.hu\/en\/wp-json\/wp\/v2\/media?parent=9949"}],"curies":[{"name":"wp","href":"https:\/\/api.w.org\/{rel}","templated":true}]}}